{"id":81,"date":"2017-01-30T20:15:34","date_gmt":"2017-01-30T19:15:34","guid":{"rendered":"http:\/\/www.lemonde-dici.com\/?page_id=81"},"modified":"2021-10-30T15:17:49","modified_gmt":"2021-10-30T13:17:49","slug":"charte","status":"publish","type":"page","link":"https:\/\/www.lemonde-dici.com\/index.php\/charte\/","title":{"rendered":"POLITIQUE DE CONFIDENTIALIT\u00c9"},"content":{"rendered":"<div id=\"pl-81\"  class=\"panel-layout\" ><div id=\"pg-81-0\"  class=\"panel-grid panel-has-style\" ><div class=\"panel-row-style panel-row-style-for-81-0\" ><div id=\"pgc-81-0-0\"  class=\"panel-grid-cell\" ><div id=\"panel-81-0-0-0\" class=\"so-panel widget widget_sow-editor panel-first-child panel-last-child\" data-index=\"0\" ><div\n\t\t\t\n\t\t\tclass=\"so-widget-sow-editor so-widget-sow-editor-base\"\n\t\t\t\n\t\t>\n<div class=\"siteorigin-widget-tinymce textwidget\">\n\t<h1 style=\"text-align: center;\">Charte de confidentialit\u00e9<\/h1>\n<\/div>\n<\/div><\/div><\/div><\/div><\/div><div id=\"pg-81-1\"  class=\"panel-grid panel-has-style\" ><div class=\"siteorigin-panels-stretch panel-row-style-full-width panel-row-style panel-row-style-for-81-1\" style=\"background-color: #ffffff; \" data-stretch-type=\"full\" ><div id=\"pgc-81-1-0\"  class=\"panel-grid-cell\" ><div id=\"panel-81-1-0-0\" class=\"so-panel widget widget_sow-editor panel-first-child panel-last-child\" data-index=\"1\" ><div\n\t\t\t\n\t\t\tclass=\"so-widget-sow-editor so-widget-sow-editor-base\"\n\t\t\t\n\t\t>\n<div class=\"siteorigin-widget-tinymce textwidget\">\n\t<p>Les informations recueillies sont enregistr\u00e9es dans un fichier informatis\u00e9 par Val\u00e9rie Delahousse - Le Monde d'ici - 27 les balu\u00e8res 49610 Soulaines-sur-aubance.<\/p>\n<p>&nbsp;<\/p>\n<p>Finalit\u00e9s :<br \/>\n- Envoi d'informations commerciales par courriel sur les prestations commercialis\u00e9es par l'entreprise : la base l\u00e9gale du traitement est l\u2019int\u00e9r\u00eat l\u00e9gitime de l'entreprise (Cf. article 6.1.f) du R\u00e8glement europ\u00e9en sur la protection des donn\u00e9es), \u00e0 savoir promouvoir nos produits et attirer de nouveaux clients.<br \/>\n- Envoi d'informations commerciales par courriel sur des prestations analogues \u00e0 celles command\u00e9es par l'entreprise : la base l\u00e9gale du traitement est l\u2019int\u00e9r\u00eat l\u00e9gitime de l'entreprise (Cf. article 6.1.f) du R\u00e8glement europ\u00e9en sur la protection des donn\u00e9es), \u00e0 savoir promouvoir nos prestations aupr\u00e8s de nos clients.<br \/>\n- Emission des devis : la base l\u00e9gale du traitement est l'ex\u00e9cution de mesures pr\u00e9contractuelles (Cf. article 6.1.b du R\u00e8glement europ\u00e9en sur la protection des donn\u00e9es).<\/p>\n<p>&nbsp;<\/p>\n<p>Les donn\u00e9es marqu\u00e9es par un ast\u00e9risque dans les questionnaires doivent obligatoirement \u00eatre fournies.<\/p>\n<p>&nbsp;<\/p>\n<p>Les donn\u00e9es collect\u00e9es seront uniquement communiqu\u00e9es aux employ\u00e9s du responsable de traitement, habilit\u00e9s \u00e0 les traiter en raison de leurs fonctions. Elles seront conserv\u00e9es aussi longtemps que n\u00e9cessaire pour l\u2019ex\u00e9cution du contrat et des garanties \u00e9ventuellement applicables \u00e0 l\u2019issue de ce contrat.<\/p>\n<p>&nbsp;<\/p>\n<p>Conform\u00e9ment \u00e0 la \"Loi Informatique et Libert\u00e9s\" du 6 janvier 1978, telle que modifi\u00e9e par la loi n\u00b0 2004-801 du 6 ao\u00fbt 2004, et par le RGPD (r\u00e8glement (UE) 2016\/679 du Parlement europ\u00e9en et du Conseil du 27 avril 2016), vous pouvez acc\u00e9der aux donn\u00e9es vous concernant, les rectifier, demander leur effacement ou exercer votre droit \u00e0 la limitation du traitement de vos donn\u00e9es. Consultez le site cnil.fr pour plus d\u2019informations sur vos droits.<\/p>\n<p>&nbsp;<\/p>\n<p>Pour exercer ces droits ou pour toute question sur le traitement de vos donn\u00e9es, vous pouvez nous contacter par voie \u00e9lectronique \u00e0 vdelahousse@lemonde-dici.com ou par courrier postal.<\/p>\n<p>&nbsp;<\/p>\n<p>Si vous estimez, apr\u00e8s nous avoir contact\u00e9s, que vos droits \u00ab Informatique et Libert\u00e9s \u00bb ne sont pas respect\u00e9s, vous pouvez adresser une r\u00e9clamation \u00e0 la CNIL.<\/p>\n<\/div>\n<\/div><\/div><\/div><\/div><\/div><div id=\"pg-81-2\"  class=\"panel-grid panel-has-style\" ><div class=\"siteorigin-panels-stretch panel-row-style-full-width panel-row-style panel-row-style-for-81-2\" data-stretch-type=\"full\" ><div id=\"pgc-81-2-0\"  class=\"panel-grid-cell panel-grid-cell-empty\" ><\/div><\/div><\/div><\/div>","protected":false},"excerpt":{"rendered":"<p>Charte de confidentialit\u00e9 Les informations recueillies sont enregistr\u00e9es dans un fichier informatis\u00e9 par Val\u00e9rie Delahousse &#8211; Le Monde d&rsquo;ici &#8211; 27 les balu\u00e8res 49610 Soulaines-sur-aubance. &nbsp; Finalit\u00e9s : &#8211; Envoi d&rsquo;informations commerciales par courriel sur les prestations commercialis\u00e9es par l&rsquo;entreprise : la base l\u00e9gale du traitement est l\u2019int\u00e9r\u00eat l\u00e9gitime de l&rsquo;entreprise (Cf. article 6.1.f) du [&hellip;]<\/p>\n","protected":false},"author":2,"featured_media":0,"parent":0,"menu_order":0,"comment_status":"closed","ping_status":"closed","template":"","meta":{"_exactmetrics_skip_tracking":false,"_exactmetrics_sitenote_active":false,"_exactmetrics_sitenote_note":"","_exactmetrics_sitenote_category":0,"footnotes":""},"class_list":["post-81","page","type-page","status-publish","hentry","post"],"yoast_head":"<!-- This site is optimized with the Yoast SEO plugin v26.4 - https:\/\/yoast.com\/wordpress\/plugins\/seo\/ -->\n<title>POLITIQUE DE CONFIDENTIALIT\u00c9 - Le Monde d&#039;ICI<\/title>\n<meta name=\"robots\" content=\"index, follow, max-snippet:-1, max-image-preview:large, max-video-preview:-1\" \/>\n<link rel=\"canonical\" href=\"https:\/\/www.lemonde-dici.com\/index.php\/charte\/\" \/>\n<meta property=\"og:locale\" content=\"fr_FR\" \/>\n<meta property=\"og:type\" content=\"article\" \/>\n<meta property=\"og:title\" content=\"POLITIQUE DE CONFIDENTIALIT\u00c9 - Le Monde d&#039;ICI\" \/>\n<meta property=\"og:description\" content=\"Charte de confidentialit\u00e9 Les informations recueillies sont enregistr\u00e9es dans un fichier informatis\u00e9 par Val\u00e9rie Delahousse - Le Monde d&#039;ici - 27 les balu\u00e8res 49610 Soulaines-sur-aubance. &nbsp; Finalit\u00e9s : - Envoi d&#039;informations commerciales par courriel sur les prestations commercialis\u00e9es par l&#039;entreprise : la base l\u00e9gale du traitement est l\u2019int\u00e9r\u00eat l\u00e9gitime de l&#039;entreprise (Cf. article 6.1.f) du [&hellip;]\" \/>\n<meta property=\"og:url\" content=\"https:\/\/www.lemonde-dici.com\/index.php\/charte\/\" \/>\n<meta property=\"og:site_name\" content=\"Le Monde d&#039;ICI\" \/>\n<meta property=\"article:modified_time\" content=\"2021-10-30T13:17:49+00:00\" \/>\n<meta name=\"twitter:card\" content=\"summary_large_image\" \/>\n<meta name=\"twitter:label1\" content=\"Dur\u00e9e de lecture estim\u00e9e\" \/>\n\t<meta name=\"twitter:data1\" content=\"2 minutes\" \/>\n<script type=\"application\/ld+json\" class=\"yoast-schema-graph\">{\"@context\":\"https:\/\/schema.org\",\"@graph\":[{\"@type\":\"WebPage\",\"@id\":\"https:\/\/www.lemonde-dici.com\/index.php\/charte\/\",\"url\":\"https:\/\/www.lemonde-dici.com\/index.php\/charte\/\",\"name\":\"POLITIQUE DE CONFIDENTIALIT\u00c9 - Le Monde d&#039;ICI\",\"isPartOf\":{\"@id\":\"https:\/\/www.lemonde-dici.com\/#website\"},\"datePublished\":\"2017-01-30T19:15:34+00:00\",\"dateModified\":\"2021-10-30T13:17:49+00:00\",\"breadcrumb\":{\"@id\":\"https:\/\/www.lemonde-dici.com\/index.php\/charte\/#breadcrumb\"},\"inLanguage\":\"fr-FR\",\"potentialAction\":[{\"@type\":\"ReadAction\",\"target\":[\"https:\/\/www.lemonde-dici.com\/index.php\/charte\/\"]}]},{\"@type\":\"BreadcrumbList\",\"@id\":\"https:\/\/www.lemonde-dici.com\/index.php\/charte\/#breadcrumb\",\"itemListElement\":[{\"@type\":\"ListItem\",\"position\":1,\"name\":\"Accueil\",\"item\":\"https:\/\/www.lemonde-dici.com\/\"},{\"@type\":\"ListItem\",\"position\":2,\"name\":\"POLITIQUE DE CONFIDENTIALIT\u00c9\"}]},{\"@type\":\"WebSite\",\"@id\":\"https:\/\/www.lemonde-dici.com\/#website\",\"url\":\"https:\/\/www.lemonde-dici.com\/\",\"name\":\"Le Monde d&#039;ICI\",\"description\":\"\",\"potentialAction\":[{\"@type\":\"SearchAction\",\"target\":{\"@type\":\"EntryPoint\",\"urlTemplate\":\"https:\/\/www.lemonde-dici.com\/?s={search_term_string}\"},\"query-input\":{\"@type\":\"PropertyValueSpecification\",\"valueRequired\":true,\"valueName\":\"search_term_string\"}}],\"inLanguage\":\"fr-FR\"}]}<\/script>\n<!-- \/ Yoast SEO plugin. -->","yoast_head_json":{"title":"POLITIQUE DE CONFIDENTIALIT\u00c9 - Le Monde d&#039;ICI","robots":{"index":"index","follow":"follow","max-snippet":"max-snippet:-1","max-image-preview":"max-image-preview:large","max-video-preview":"max-video-preview:-1"},"canonical":"https:\/\/www.lemonde-dici.com\/index.php\/charte\/","og_locale":"fr_FR","og_type":"article","og_title":"POLITIQUE DE CONFIDENTIALIT\u00c9 - Le Monde d&#039;ICI","og_description":"Charte de confidentialit\u00e9 Les informations recueillies sont enregistr\u00e9es dans un fichier informatis\u00e9 par Val\u00e9rie Delahousse - Le Monde d'ici - 27 les balu\u00e8res 49610 Soulaines-sur-aubance. &nbsp; Finalit\u00e9s : - Envoi d'informations commerciales par courriel sur les prestations commercialis\u00e9es par l'entreprise : la base l\u00e9gale du traitement est l\u2019int\u00e9r\u00eat l\u00e9gitime de l'entreprise (Cf. article 6.1.f) du [&hellip;]","og_url":"https:\/\/www.lemonde-dici.com\/index.php\/charte\/","og_site_name":"Le Monde d&#039;ICI","article_modified_time":"2021-10-30T13:17:49+00:00","twitter_card":"summary_large_image","twitter_misc":{"Dur\u00e9e de lecture estim\u00e9e":"2 minutes"},"schema":{"@context":"https:\/\/schema.org","@graph":[{"@type":"WebPage","@id":"https:\/\/www.lemonde-dici.com\/index.php\/charte\/","url":"https:\/\/www.lemonde-dici.com\/index.php\/charte\/","name":"POLITIQUE DE CONFIDENTIALIT\u00c9 - Le Monde d&#039;ICI","isPartOf":{"@id":"https:\/\/www.lemonde-dici.com\/#website"},"datePublished":"2017-01-30T19:15:34+00:00","dateModified":"2021-10-30T13:17:49+00:00","breadcrumb":{"@id":"https:\/\/www.lemonde-dici.com\/index.php\/charte\/#breadcrumb"},"inLanguage":"fr-FR","potentialAction":[{"@type":"ReadAction","target":["https:\/\/www.lemonde-dici.com\/index.php\/charte\/"]}]},{"@type":"BreadcrumbList","@id":"https:\/\/www.lemonde-dici.com\/index.php\/charte\/#breadcrumb","itemListElement":[{"@type":"ListItem","position":1,"name":"Accueil","item":"https:\/\/www.lemonde-dici.com\/"},{"@type":"ListItem","position":2,"name":"POLITIQUE DE CONFIDENTIALIT\u00c9"}]},{"@type":"WebSite","@id":"https:\/\/www.lemonde-dici.com\/#website","url":"https:\/\/www.lemonde-dici.com\/","name":"Le Monde d&#039;ICI","description":"","potentialAction":[{"@type":"SearchAction","target":{"@type":"EntryPoint","urlTemplate":"https:\/\/www.lemonde-dici.com\/?s={search_term_string}"},"query-input":{"@type":"PropertyValueSpecification","valueRequired":true,"valueName":"search_term_string"}}],"inLanguage":"fr-FR"}]}},"_links":{"self":[{"href":"https:\/\/www.lemonde-dici.com\/index.php\/wp-json\/wp\/v2\/pages\/81","targetHints":{"allow":["GET"]}}],"collection":[{"href":"https:\/\/www.lemonde-dici.com\/index.php\/wp-json\/wp\/v2\/pages"}],"about":[{"href":"https:\/\/www.lemonde-dici.com\/index.php\/wp-json\/wp\/v2\/types\/page"}],"author":[{"embeddable":true,"href":"https:\/\/www.lemonde-dici.com\/index.php\/wp-json\/wp\/v2\/users\/2"}],"replies":[{"embeddable":true,"href":"https:\/\/www.lemonde-dici.com\/index.php\/wp-json\/wp\/v2\/comments?post=81"}],"version-history":[{"count":30,"href":"https:\/\/www.lemonde-dici.com\/index.php\/wp-json\/wp\/v2\/pages\/81\/revisions"}],"predecessor-version":[{"id":2068,"href":"https:\/\/www.lemonde-dici.com\/index.php\/wp-json\/wp\/v2\/pages\/81\/revisions\/2068"}],"wp:attachment":[{"href":"https:\/\/www.lemonde-dici.com\/index.php\/wp-json\/wp\/v2\/media?parent=81"}],"curies":[{"name":"wp","href":"https:\/\/api.w.org\/{rel}","templated":true}]}}