{"id":78,"date":"2017-01-30T20:15:05","date_gmt":"2017-01-30T19:15:05","guid":{"rendered":"http:\/\/www.lemonde-dici.com\/?page_id=78"},"modified":"2022-06-29T09:36:18","modified_gmt":"2022-06-29T07:36:18","slug":"mentions-legales","status":"publish","type":"page","link":"https:\/\/www.lemonde-dici.com\/index.php\/mentions-legales\/","title":{"rendered":"Mentions l\u00e9gales"},"content":{"rendered":"<div id=\"pl-78\"  class=\"panel-layout\" ><div id=\"pg-78-0\"  class=\"panel-grid panel-has-style\" ><div class=\"panel-row-style panel-row-style-for-78-0\" ><div id=\"pgc-78-0-0\"  class=\"panel-grid-cell\" ><div id=\"panel-78-0-0-0\" class=\"so-panel widget widget_sow-editor panel-first-child panel-last-child\" data-index=\"0\" ><div\n\t\t\t\n\t\t\tclass=\"so-widget-sow-editor so-widget-sow-editor-base\"\n\t\t\t\n\t\t>\n<div class=\"siteorigin-widget-tinymce textwidget\">\n\t<h1 style=\"text-align: center;\">Mentions l\u00e9gales<\/h1>\n<\/div>\n<\/div><\/div><\/div><\/div><\/div><div id=\"pg-78-1\"  class=\"panel-grid panel-has-style\" ><div class=\"panel-row-style panel-row-style-for-78-1\" ><div id=\"pgc-78-1-0\"  class=\"panel-grid-cell\" ><div id=\"panel-78-1-0-0\" class=\"so-panel widget widget_sow-editor panel-first-child panel-last-child\" data-index=\"1\" ><div\n\t\t\t\n\t\t\tclass=\"so-widget-sow-editor so-widget-sow-editor-base\"\n\t\t\t\n\t\t>\n<div class=\"siteorigin-widget-tinymce textwidget\">\n\t<h3>I - Mentions l\u00e9gales<\/h3>\n<p><strong>Le Monde d'ICI<\/strong><\/p>\n<p>Val\u00e9rie Delahousse<br \/>\n27 Les Balu\u00e8res<br \/>\n49610 Soulaines-sur-Aubance<\/p>\n<p>Entreprise individuelle - auto entrepreneur<br \/>\nN\u00b0 Siret : 510 801 343 00011<\/p>\n<p>&nbsp;<\/p>\n<p>Photographies : Val\u00e9rie Delahousse - www.123rf.com<\/p>\n<p>H\u00e9bergement site internet : OVH - Si\u00e8ge social : 2 rue Kellermann - 59100 Roubaix - France<\/p>\n<p>&nbsp;<\/p>\n<h3>II - Copyright et propri\u00e9t\u00e9 intellectuelle<\/h3>\n<p>Le contenu de ce site et notamment, mais non exclusivement, les textes, marques, logos, graphiques, photographies, vid\u00e9os, sons, musiques, mises en page, designs, savoir-faire, technologies, produits et processus, sont la propri\u00e9t\u00e9 du Monde d'ICI ou sont utilis\u00e9s avec l'autorisation des propri\u00e9taires et \u00e0 ce titre sont prot\u00e9g\u00e9s par leurs droits d'auteurs, marque, brevet et tout autre droit de propri\u00e9t\u00e9 intellectuelle ou industrielle qui leur sont reconnus selon les lois en vigueur.<br \/>\nSauf ce qui est pr\u00e9vu dans l'article III ci-apr\u00e8s, aucun \u00e9l\u00e9ment de ce site ne peut \u00eatre interpr\u00e9t\u00e9 comme accordant une licence ou un droit d'usage d'un \u00e9l\u00e9ment pr\u00e9sent\u00e9 sur ce m\u00eame site.<\/p>\n<p>&nbsp;<\/p>\n<h3>III - Donn\u00e9es collect\u00e9es<\/h3>\n<p><strong>&gt; Collecte d'informations personnelles<\/strong><\/p>\n<p style=\"padding-left: 30px;\">Pour pouvoir r\u00e9pondre \u00e0 vos questions ou \u00e0 vos demandes et g\u00e9rer des syst\u00e8mes d'interaction avec le public, le Monde d'ICI\u00a0peut \u00eatre amen\u00e9 \u00e0 vous demander, \u00e0 titre optionnel ou obligatoire, des informations personnelles telles que vos nom, adresse, adresse de courrier \u00e9lectronique et num\u00e9ros de t\u00e9l\u00e9phone, etc.<br \/>\nIl est alors pr\u00e9cis\u00e9 \u00e0 l'utilisateur le caract\u00e8re obligatoire ou non des informations qu'il serait amen\u00e9 \u00e0 fournir. Si vous ne communiquez pas les informations obligatoires, le formulaire ne pourra \u00eatre valid\u00e9 et aucune des informations ne seront conserv\u00e9es.<br \/>\nOutre les informations personnelles que vous pouvez fournir, ce site peut utiliser des technologies permettant de recueillir certaines informations techniques, telles que votre adresse IP, le syst\u00e8me d'exploitation de votre ordinateur, votre type de navigateur, les modes de circulation des donn\u00e9es, les rubriques que vous consultez, vos habitudes de navigation, etc.<\/p>\n<p><strong>&gt; Finalit\u00e9 de la collecte<\/strong><\/p>\n<p style=\"padding-left: 30px;\">La collecte a pour finalit\u00e9 :<br \/>\n- de nous permettre de personnaliser et d'am\u00e9liorer votre navigation sur notre site. Ces informations pourront \u00e9galement faire l'objet d'un traitement statistique.<br \/>\n- de permettre au Monde d'ICI\u00a0de r\u00e9pondre \u00e0 vos demandes ou pour vous contacter par courrier, courrier \u00e9lectronique ou t\u00e9l\u00e9phone afin de vous tenir inform\u00e9 des nouveaut\u00e9s concernant son actualit\u00e9 ou son site internet.<\/p>\n<p><strong>&gt; Destinataire(s) de la collecte<\/strong><\/p>\n<p style=\"padding-left: 30px;\">Les donn\u00e9es vous concernant sont destin\u00e9es au Monde d'ICI.<\/p>\n<p><strong>&gt; Dur\u00e9e de conservation des informations personnelles<\/strong><\/p>\n<p style=\"padding-left: 30px;\">Les donn\u00e9es nominatives et\/ou informations relatives \u00e0 la navigation de l'internaute sur notre site ne seront pas conserv\u00e9es au del\u00e0 de la dur\u00e9e n\u00e9cessaire aux finalit\u00e9s du traitement concern\u00e9.<\/p>\n<p>&nbsp;<\/p>\n<h3>IV - Rectification des informations nominatives collect\u00e9es<\/h3>\n<p>Conform\u00e9ment aux dispositions de la loi n\u00b0 78-17 du 6 janvier 1978 relative \u00e0 l'informatique, aux fichiers et aux libert\u00e9s, les internautes disposent d'un droit d'acc\u00e8s, de modification, de rectification et de suppression des donn\u00e9es qui les concernent.<br \/>\nPour ce faire, l'utilisateur envoie au Monde d'ICI\u00a0un courrier \u00e9lectronique \u00e0 l'adresse <a href=\"mailto:vdelahousse@lemonde-dici.com\">vdelahousse@lemonde-dici.com<\/a>. La modification interviendra dans des d\u00e9lais raisonnables \u00e0 compter de la demande de l'utilisateur.<br \/>\nDe plus, de sa propre initiative, le Monde d'ICI\u00a0peut compl\u00e9ter, rectifier ou supprimer des donn\u00e9es personnelles incompl\u00e8tes, inexactes ou p\u00e9rim\u00e9es conserv\u00e9es et relatives au fonctionnement de ce site.<\/p>\n<p>&nbsp;<\/p>\n<h3>V - Observations et suggestions<\/h3>\n<p>Responsable du site internet (r\u00e9daction, publication) : Val\u00e9rie Delahousse.<br \/>\nIl est possible de transmettre des observations et des suggestions au responsable du site <strong><a href=\"http:\/\/www.lemonde-dici.com\/index.php\/contact\/\">via le formulaire<\/a>\u00a0ou\u00a0<\/strong>\u00e0 l'adresse \u00e9lectronique <a href=\"mailto:vdelahousse@lemonde-dici.com\">vdelahousse@lemonde-dici.com<\/a>.<\/p>\n<p>&nbsp;<\/p>\n<h3>VI - Les liens<\/h3>\n<p>Le Monde d'ici peut fournir des liens vers d'autres sites.<br \/>\nCes sites sont ind\u00e9pendants du site www.lemonde-dici.com.<br \/>\nLe Monde d'ici n'\u00e9dite ni ne contr\u00f4le les sources et contenus de ces sites ou leurs liens avec d'autres sites.<br \/>\nLes liens vers ces sites ne constituent en aucune mani\u00e8re une approbation ou validation ou adh\u00e9sion du Monde d'ici au contenu de ces sites.<br \/>\nLe Monde d'ici ne saurait d\u00e8s lors \u00eatre tenue pour responsable pour le contenu, les produits, les services, la publicit\u00e9, les cookies ou autres \u00e9l\u00e9ments de ces sites ainsi que pour tous les dommages ou pertes, av\u00e9r\u00e9s ou all\u00e9gu\u00e9s, cons\u00e9cutifs ou en relation avec l'utilisation de ces informations, services ou donn\u00e9es disponibles sur ces sites.<\/p>\n<p>&nbsp;<\/p>\n<div class=\"col-md-12 col-xs-12\">\n<h3>VII - Responsabilit\u00e9<\/h3>\n<p>Le Monde d'ici, ses dirigeants ou salari\u00e9s ne sauraient \u00eatre tenus responsables pour quelque dommage que ce soit provenant d'une connexion au pr\u00e9sent site.<\/p>\n<p>Le Monde d'ici se r\u00e9serve la possibilit\u00e9 de modifier ou supprimer l'acc\u00e8s \u00e0 ce site ou son contenu \u00e0 tout moment, avec ou sans pr\u00e9avis.<\/p>\n<p>&nbsp;<\/p>\n<h3>VIII - Modification<\/h3>\n<p>Le Monde d'ici peut modifier les pr\u00e9sentes mentions l\u00e9gales avec ou sans pr\u00e9avis. Nous vous invitons par cons\u00e9quent \u00e0 consulter de temps en temps ces conditions d'utilisation pour prendre connaissance des \u00e9ventuelles modifications.<\/p>\n<p>&nbsp;<\/p>\n<h3>IX - Divers<\/h3>\n<p>Les pr\u00e9sentes conditions d'utilisation constituent la totalit\u00e9 de l'accord pass\u00e9 entre le Monde d'ici et vous-m\u00eame pour ce qui concerne l'acc\u00e8s et l'utilisation de ce site et de son contenu. Toutes autres dispositions \u00e9mises par le Monde d'ici pour r\u00e9gler ses relations avec vous relatif notamment \u00e0 un service ou l'achat d'un produit compl\u00e8tent les conditions d'utilisation ; en cas de contradiction entres elles, priorit\u00e9 est donn\u00e9e aux autres dispositions.<\/p>\n<p>Le fait pour le Monde d'ici de tol\u00e9rer le manquement de vous-m\u00eame \u00e0 l'une des obligations pr\u00e9vues par les conditions d'utilisation, ou de ne pas appliquer un droit quelconque qui lui est reconnu par elles ou par la loi, ne peut en aucun cas \u00eatre interpr\u00e9t\u00e9 comme une renonciation de sa part \u00e0 se pr\u00e9valoir de ses droits.<\/p>\n<p>Dans l'hypoth\u00e8se o\u00f9 l'une des dispositions des conditions d'utilisation serait consid\u00e9r\u00e9e ill\u00e9gale par une disposition d'ordre l\u00e9gale ou r\u00e9glementaire, pr\u00e9sente ou future, ou par une d\u00e9cision de justice, ladite disposition serait consid\u00e9r\u00e9e comme \u00e9tant non \u00e9crite, toutes les autres dispositions des conditions d'utilisation conservant force obligatoire entre vous-m\u00eame et le Monde d'ici.<\/p>\n<p>Le titre des articles des conditions d'utilisation n'est qu'indicatif et ne peut alt\u00e9rer ou modifier les termes de quelque mani\u00e8re que ce soit.<\/p>\n<\/div>\n<\/div>\n<\/div><\/div><\/div><\/div><\/div><div id=\"pg-78-2\"  class=\"panel-grid panel-no-style\" ><div id=\"pgc-78-2-0\"  class=\"panel-grid-cell panel-grid-cell-empty\" ><\/div><\/div><\/div>","protected":false},"excerpt":{"rendered":"<p>Mentions l\u00e9gales I &#8211; Mentions l\u00e9gales Le Monde d&rsquo;ICI Val\u00e9rie Delahousse 27 Les Balu\u00e8res 49610 Soulaines-sur-Aubance Entreprise individuelle &#8211; auto entrepreneur N\u00b0 Siret : 510 801 343 00011 &nbsp; Photographies : Val\u00e9rie Delahousse &#8211; www.123rf.com H\u00e9bergement site internet : OVH &#8211; Si\u00e8ge social : 2 rue Kellermann &#8211; 59100 Roubaix &#8211; France &nbsp; II &#8211; [&hellip;]<\/p>\n","protected":false},"author":2,"featured_media":0,"parent":0,"menu_order":0,"comment_status":"closed","ping_status":"closed","template":"","meta":{"_exactmetrics_skip_tracking":false,"_exactmetrics_sitenote_active":false,"_exactmetrics_sitenote_note":"","_exactmetrics_sitenote_category":0,"footnotes":""},"class_list":["post-78","page","type-page","status-publish","hentry","post"],"yoast_head":"<!-- This site is optimized with the Yoast SEO plugin v26.4 - https:\/\/yoast.com\/wordpress\/plugins\/seo\/ -->\n<title>Mentions l\u00e9gales - Le Monde d&#039;ICI<\/title>\n<meta name=\"robots\" content=\"index, follow, max-snippet:-1, max-image-preview:large, max-video-preview:-1\" \/>\n<link rel=\"canonical\" href=\"https:\/\/www.lemonde-dici.com\/index.php\/mentions-legales\/\" \/>\n<meta property=\"og:locale\" content=\"fr_FR\" \/>\n<meta property=\"og:type\" content=\"article\" \/>\n<meta property=\"og:title\" content=\"Mentions l\u00e9gales - Le Monde d&#039;ICI\" \/>\n<meta property=\"og:description\" content=\"Mentions l\u00e9gales I - Mentions l\u00e9gales Le Monde d&#039;ICI Val\u00e9rie Delahousse 27 Les Balu\u00e8res 49610 Soulaines-sur-Aubance Entreprise individuelle - auto entrepreneur N\u00b0 Siret : 510 801 343 00011 &nbsp; Photographies : Val\u00e9rie Delahousse - www.123rf.com H\u00e9bergement site internet : OVH - Si\u00e8ge social : 2 rue Kellermann - 59100 Roubaix - France &nbsp; II - [&hellip;]\" \/>\n<meta property=\"og:url\" content=\"https:\/\/www.lemonde-dici.com\/index.php\/mentions-legales\/\" \/>\n<meta property=\"og:site_name\" content=\"Le Monde d&#039;ICI\" \/>\n<meta property=\"article:modified_time\" content=\"2022-06-29T07:36:18+00:00\" \/>\n<meta name=\"twitter:card\" content=\"summary_large_image\" \/>\n<meta name=\"twitter:label1\" content=\"Dur\u00e9e de lecture estim\u00e9e\" \/>\n\t<meta name=\"twitter:data1\" content=\"5 minutes\" \/>\n<script type=\"application\/ld+json\" class=\"yoast-schema-graph\">{\"@context\":\"https:\/\/schema.org\",\"@graph\":[{\"@type\":\"WebPage\",\"@id\":\"https:\/\/www.lemonde-dici.com\/index.php\/mentions-legales\/\",\"url\":\"https:\/\/www.lemonde-dici.com\/index.php\/mentions-legales\/\",\"name\":\"Mentions l\u00e9gales - Le Monde d&#039;ICI\",\"isPartOf\":{\"@id\":\"https:\/\/www.lemonde-dici.com\/#website\"},\"datePublished\":\"2017-01-30T19:15:05+00:00\",\"dateModified\":\"2022-06-29T07:36:18+00:00\",\"breadcrumb\":{\"@id\":\"https:\/\/www.lemonde-dici.com\/index.php\/mentions-legales\/#breadcrumb\"},\"inLanguage\":\"fr-FR\",\"potentialAction\":[{\"@type\":\"ReadAction\",\"target\":[\"https:\/\/www.lemonde-dici.com\/index.php\/mentions-legales\/\"]}]},{\"@type\":\"BreadcrumbList\",\"@id\":\"https:\/\/www.lemonde-dici.com\/index.php\/mentions-legales\/#breadcrumb\",\"itemListElement\":[{\"@type\":\"ListItem\",\"position\":1,\"name\":\"Accueil\",\"item\":\"https:\/\/www.lemonde-dici.com\/\"},{\"@type\":\"ListItem\",\"position\":2,\"name\":\"Mentions l\u00e9gales\"}]},{\"@type\":\"WebSite\",\"@id\":\"https:\/\/www.lemonde-dici.com\/#website\",\"url\":\"https:\/\/www.lemonde-dici.com\/\",\"name\":\"Le Monde d&#039;ICI\",\"description\":\"\",\"potentialAction\":[{\"@type\":\"SearchAction\",\"target\":{\"@type\":\"EntryPoint\",\"urlTemplate\":\"https:\/\/www.lemonde-dici.com\/?s={search_term_string}\"},\"query-input\":{\"@type\":\"PropertyValueSpecification\",\"valueRequired\":true,\"valueName\":\"search_term_string\"}}],\"inLanguage\":\"fr-FR\"}]}<\/script>\n<!-- \/ Yoast SEO plugin. -->","yoast_head_json":{"title":"Mentions l\u00e9gales - Le Monde d&#039;ICI","robots":{"index":"index","follow":"follow","max-snippet":"max-snippet:-1","max-image-preview":"max-image-preview:large","max-video-preview":"max-video-preview:-1"},"canonical":"https:\/\/www.lemonde-dici.com\/index.php\/mentions-legales\/","og_locale":"fr_FR","og_type":"article","og_title":"Mentions l\u00e9gales - Le Monde d&#039;ICI","og_description":"Mentions l\u00e9gales I - Mentions l\u00e9gales Le Monde d'ICI Val\u00e9rie Delahousse 27 Les Balu\u00e8res 49610 Soulaines-sur-Aubance Entreprise individuelle - auto entrepreneur N\u00b0 Siret : 510 801 343 00011 &nbsp; Photographies : Val\u00e9rie Delahousse - www.123rf.com H\u00e9bergement site internet : OVH - Si\u00e8ge social : 2 rue Kellermann - 59100 Roubaix - France &nbsp; II - [&hellip;]","og_url":"https:\/\/www.lemonde-dici.com\/index.php\/mentions-legales\/","og_site_name":"Le Monde d&#039;ICI","article_modified_time":"2022-06-29T07:36:18+00:00","twitter_card":"summary_large_image","twitter_misc":{"Dur\u00e9e de lecture estim\u00e9e":"5 minutes"},"schema":{"@context":"https:\/\/schema.org","@graph":[{"@type":"WebPage","@id":"https:\/\/www.lemonde-dici.com\/index.php\/mentions-legales\/","url":"https:\/\/www.lemonde-dici.com\/index.php\/mentions-legales\/","name":"Mentions l\u00e9gales - Le Monde d&#039;ICI","isPartOf":{"@id":"https:\/\/www.lemonde-dici.com\/#website"},"datePublished":"2017-01-30T19:15:05+00:00","dateModified":"2022-06-29T07:36:18+00:00","breadcrumb":{"@id":"https:\/\/www.lemonde-dici.com\/index.php\/mentions-legales\/#breadcrumb"},"inLanguage":"fr-FR","potentialAction":[{"@type":"ReadAction","target":["https:\/\/www.lemonde-dici.com\/index.php\/mentions-legales\/"]}]},{"@type":"BreadcrumbList","@id":"https:\/\/www.lemonde-dici.com\/index.php\/mentions-legales\/#breadcrumb","itemListElement":[{"@type":"ListItem","position":1,"name":"Accueil","item":"https:\/\/www.lemonde-dici.com\/"},{"@type":"ListItem","position":2,"name":"Mentions l\u00e9gales"}]},{"@type":"WebSite","@id":"https:\/\/www.lemonde-dici.com\/#website","url":"https:\/\/www.lemonde-dici.com\/","name":"Le Monde d&#039;ICI","description":"","potentialAction":[{"@type":"SearchAction","target":{"@type":"EntryPoint","urlTemplate":"https:\/\/www.lemonde-dici.com\/?s={search_term_string}"},"query-input":{"@type":"PropertyValueSpecification","valueRequired":true,"valueName":"search_term_string"}}],"inLanguage":"fr-FR"}]}},"_links":{"self":[{"href":"https:\/\/www.lemonde-dici.com\/index.php\/wp-json\/wp\/v2\/pages\/78","targetHints":{"allow":["GET"]}}],"collection":[{"href":"https:\/\/www.lemonde-dici.com\/index.php\/wp-json\/wp\/v2\/pages"}],"about":[{"href":"https:\/\/www.lemonde-dici.com\/index.php\/wp-json\/wp\/v2\/types\/page"}],"author":[{"embeddable":true,"href":"https:\/\/www.lemonde-dici.com\/index.php\/wp-json\/wp\/v2\/users\/2"}],"replies":[{"embeddable":true,"href":"https:\/\/www.lemonde-dici.com\/index.php\/wp-json\/wp\/v2\/comments?post=78"}],"version-history":[{"count":18,"href":"https:\/\/www.lemonde-dici.com\/index.php\/wp-json\/wp\/v2\/pages\/78\/revisions"}],"predecessor-version":[{"id":2344,"href":"https:\/\/www.lemonde-dici.com\/index.php\/wp-json\/wp\/v2\/pages\/78\/revisions\/2344"}],"wp:attachment":[{"href":"https:\/\/www.lemonde-dici.com\/index.php\/wp-json\/wp\/v2\/media?parent=78"}],"curies":[{"name":"wp","href":"https:\/\/api.w.org\/{rel}","templated":true}]}}