{"id":489,"date":"2017-07-04T20:43:19","date_gmt":"2017-07-04T18:43:19","guid":{"rendered":"http:\/\/www.lemonde-dici.com\/?page_id=489"},"modified":"2025-11-10T14:56:45","modified_gmt":"2025-11-10T13:56:45","slug":"ateliers-images-et-cinema-angers-et-maine-et-loire-49","status":"publish","type":"page","link":"https:\/\/www.lemonde-dici.com\/index.php\/ateliers-images-et-cinema-angers-et-maine-et-loire-49\/","title":{"rendered":"Ateliers images et cin\u00e9ma &#8211; Angers et Maine-et-Loire (49)"},"content":{"rendered":"<div id=\"pl-489\"  class=\"panel-layout\" ><div id=\"pg-489-0\"  class=\"panel-grid panel-has-style\" ><div class=\"panel-row-style panel-row-style-for-489-0\" ><div id=\"pgc-489-0-0\"  class=\"panel-grid-cell\" ><div id=\"panel-489-0-0-0\" class=\"so-panel widget widget_sow-editor panel-first-child panel-last-child\" data-index=\"0\" ><div\n\t\t\t\n\t\t\tclass=\"so-widget-sow-editor so-widget-sow-editor-base\"\n\t\t\t\n\t\t>\n<div class=\"siteorigin-widget-tinymce textwidget\">\n\t<h1 style=\"text-align: center;\">Ateliers images et cin\u00e9ma - Angers et Maine-et-Loire (49)<\/h1>\n<\/div>\n<\/div><\/div><\/div><\/div><\/div><div id=\"pg-489-1\"  class=\"panel-grid panel-has-style\" ><div class=\"panel-row-style panel-row-style-for-489-1\" ><div id=\"pgc-489-1-0\"  class=\"panel-grid-cell\" ><div id=\"panel-489-1-0-0\" class=\"so-panel widget widget_sow-editor panel-first-child\" data-index=\"1\" ><div\n\t\t\t\n\t\t\tclass=\"so-widget-sow-editor so-widget-sow-editor-base\"\n\t\t\t\n\t\t>\n<div class=\"siteorigin-widget-tinymce textwidget\">\n\t<p>Je vous propose des ateliers images et cin\u00e9ma sur Angers, ses alentours et tout le d\u00e9partement de Maine-et-Loire (49).<\/p>\n<p>&nbsp;<\/p>\n<p>Tout d'abord form\u00e9e au cin\u00e9ma, puis ayant travaill\u00e9e dans le multim\u00e9dia pendant plus de 10 ans, j'ai toujours eu \u00e0 c\u0153ur de transmettre. C'est pourquoi je propose aujourd'hui ces ateliers artistiques, porteurs de sens \u00e0 mes yeux.<\/p>\n<p>&nbsp;<\/p>\n<h2>Des ateliers images et cin\u00e9ma propos\u00e9s sur Angers et le Maine-et-Loire (49)<\/h2>\n<h3 style=\"text-align: left;\">Des ateliers sur mesure pour travailler la cr\u00e9ativit\u00e9, l'expression, et prendre confiance en sois<\/h3>\n<h3><\/h3>\n<p>Les ateliers images et cin\u00e9ma permettent de travailler <strong>la cr\u00e9ativit\u00e9, l'expression ainsi que la confiance en sois<\/strong>, d'apprendre \u00e0 <strong>travailler en \u00e9quipe<\/strong> et d'<strong>avoir une r\u00e9flexion concr\u00e8te sur l'image<\/strong>.<\/p>\n<p>&nbsp;<\/p>\n<p>En effet, lors des ateliers vid\u00e9o\/cin\u00e9ma, les participants <strong>r\u00e9alisent leur propre film<\/strong> :<\/p>\n<ul>\n<li>fiction<\/li>\n<li>adaptation ou reprise d\u2019un conte<\/li>\n<li>d\u2019une sc\u00e8ne d\u2019un film<\/li>\n<li>spot de sensibilisation<\/li>\n<li>vid\u00e9o p\u00e9dagogique<\/li>\n<li>clip<\/li>\n<li>lipdub<\/li>\n<li>doublages<\/li>\n<li>etc...<\/li>\n<\/ul>\n<p>&nbsp;<\/p>\n<h3>Comment se d\u00e9roulent les ateliers images et cin\u00e9ma ?<\/h3>\n<p>Le groupe participe \u00e0 <strong>toutes les \u00e9tapes de r\u00e9alisation d'un film<\/strong> : sc\u00e9nario, story board, tournage, montage, effet sp\u00e9ciaux, fond vert, etc...<\/p>\n<p>&nbsp;<\/p>\n<p>Du <strong>mat\u00e9riel professionnel<\/strong> est mis \u00e0 disposition (plusieurs cam\u00e9ras, perche son, micros, clap, mini-grue, lumi\u00e8res, steadycam, etc...).<\/p>\n<p>&nbsp;<\/p>\n<p><strong>Form\u00e9e aux m\u00e9tiers du cin\u00e9ma et professionnelle dans l'audiovisuel depuis plus de 12 ans<\/strong>, je mets mes connaissances techniques au service de votre projet, qu'il soit p\u00e9dagogique ou non. Mon exp\u00e9rience dans cette partie me permet d'accompagner le groupe pour lui donner la dynamique n\u00e9cessaire et le sens du travail d'\u00e9quipe.<\/p>\n<p>&nbsp;<\/p>\n<p>&nbsp;<\/p>\n<\/div>\n<\/div><\/div><div id=\"panel-489-1-0-1\" class=\"so-panel widget widget_sow-editor panel-last-child\" data-index=\"2\" ><div\n\t\t\t\n\t\t\tclass=\"so-widget-sow-editor so-widget-sow-editor-base\"\n\t\t\t\n\t\t>\n<div class=\"siteorigin-widget-tinymce textwidget\">\n\t<h2 style=\"text-align: left;\">Pour quel public ?<\/h2>\n<h3 style=\"text-align: left;\">Scolaires, p\u00e9riscolaires, centres de loisirs, adultes...<\/h3>\n<p>&nbsp;<\/p>\n<p>Les ateliers images et cin\u00e9ma sont cr\u00e9\u00e9s sur mesure selon votre demande. Il s'adressent donc aux <strong>jeunes publics scolaires, p\u00e9riscolaires aussi bien qu'aux adultes<\/strong>. Ainsi des ateliers ont d\u00e9j\u00e0 \u00e9t\u00e9 r\u00e9alis\u00e9s avec des \u00e9coles, des centres de loisirs, lors de TAP, de s\u00e9jours vacances, d'ateliers de team-building...<\/p>\n<p>&nbsp;<\/p>\n<p>La dur\u00e9e des ateliers varient selon les objectifs : de quelques heures, jusqu'\u00e0 des stages plusieurs jours. <strong>Les ateliers sont cr\u00e9\u00e9s sur mesure<\/strong>, en fonction des objectifs, de la dur\u00e9e et de l'\u00e2ge des participants.<\/p>\n<p>&nbsp;<\/p>\n<p>Les ateliers se d\u00e9roulent sur place, dans vos locaux. Tout le mat\u00e9riel n\u00e9cessaire est apport\u00e9, y compris le mat\u00e9riel pour la projection des films r\u00e9alis\u00e9s lorsqu'une s\u00e9ance est organis\u00e9e.<\/p>\n<p>&nbsp;<\/p>\n<p>Pour tout projet ou demande de devis, n'h\u00e9sitez pas \u00e0 <a href=\"https:\/\/www.lemonde-dici.com\/index.php\/contact\/\">me contacter.<\/a><\/p>\n<\/div>\n<\/div><\/div><\/div><div id=\"pgc-489-1-1\"  class=\"panel-grid-cell\" ><div id=\"panel-489-1-1-0\" class=\"so-panel widget widget_sow-image panel-first-child\" data-index=\"3\" ><div\n\t\t\t\n\t\t\tclass=\"so-widget-sow-image so-widget-sow-image-default-c67d20f9f743-489\"\n\t\t\t\n\t\t>\n<div class=\"sow-image-container\">\n\t\t<img \n\tsrc=\"https:\/\/www.lemonde-dici.com\/wp-content\/uploads\/2017\/03\/atelier-video-01-1024x683.jpg\" width=\"720\" height=\"480\" srcset=\"https:\/\/www.lemonde-dici.com\/wp-content\/uploads\/2017\/03\/atelier-video-01-1024x683.jpg 1024w, https:\/\/www.lemonde-dici.com\/wp-content\/uploads\/2017\/03\/atelier-video-01-300x200.jpg 300w, https:\/\/www.lemonde-dici.com\/wp-content\/uploads\/2017\/03\/atelier-video-01-768x512.jpg 768w, https:\/\/www.lemonde-dici.com\/wp-content\/uploads\/2017\/03\/atelier-video-01-272x182.jpg 272w, https:\/\/www.lemonde-dici.com\/wp-content\/uploads\/2017\/03\/atelier-video-01.jpg 1296w\" sizes=\"(max-width: 720px) 100vw, 720px\" alt=\"\" \t\tclass=\"so-widget-image\"\/>\n\t<\/div>\n\n<\/div><\/div><div id=\"panel-489-1-1-1\" class=\"so-panel widget widget_sow-image panel-last-child\" data-index=\"4\" ><div\n\t\t\t\n\t\t\tclass=\"so-widget-sow-image so-widget-sow-image-default-8b5b6f678277-489\"\n\t\t\t\n\t\t>\n<div class=\"sow-image-container\">\n\t\t<img \n\tsrc=\"https:\/\/www.lemonde-dici.com\/wp-content\/uploads\/2017\/03\/atelier-video-04-1024x683.jpg\" width=\"720\" height=\"480\" srcset=\"https:\/\/www.lemonde-dici.com\/wp-content\/uploads\/2017\/03\/atelier-video-04-1024x683.jpg 1024w, https:\/\/www.lemonde-dici.com\/wp-content\/uploads\/2017\/03\/atelier-video-04-300x200.jpg 300w, https:\/\/www.lemonde-dici.com\/wp-content\/uploads\/2017\/03\/atelier-video-04-768x512.jpg 768w, https:\/\/www.lemonde-dici.com\/wp-content\/uploads\/2017\/03\/atelier-video-04-272x182.jpg 272w, https:\/\/www.lemonde-dici.com\/wp-content\/uploads\/2017\/03\/atelier-video-04.jpg 1296w\" sizes=\"(max-width: 720px) 100vw, 720px\" alt=\"\" \t\tclass=\"so-widget-image\"\/>\n\t<\/div>\n\n<\/div><\/div><\/div><\/div><\/div><\/div>","protected":false},"excerpt":{"rendered":"<p>Ateliers images et cin\u00e9ma &#8211; Angers et Maine-et-Loire (49) Je vous propose des ateliers images et cin\u00e9ma sur Angers, ses alentours et tout le d\u00e9partement de Maine-et-Loire (49). &nbsp; Tout d&rsquo;abord form\u00e9e au cin\u00e9ma, puis ayant travaill\u00e9e dans le multim\u00e9dia pendant plus de 10 ans, j&rsquo;ai toujours eu \u00e0 c\u0153ur de transmettre. C&rsquo;est pourquoi je [&hellip;]<\/p>\n","protected":false},"author":2,"featured_media":0,"parent":0,"menu_order":0,"comment_status":"closed","ping_status":"closed","template":"","meta":{"_exactmetrics_skip_tracking":false,"_exactmetrics_sitenote_active":false,"_exactmetrics_sitenote_note":"","_exactmetrics_sitenote_category":0,"footnotes":""},"class_list":["post-489","page","type-page","status-publish","hentry","post"],"yoast_head":"<!-- This site is optimized with the Yoast SEO plugin v26.4 - https:\/\/yoast.com\/wordpress\/plugins\/seo\/ -->\n<title>Ateliers images et cin\u00e9ma - Angers et Maine-et-Loire (49) - Le Monde d&#039;ICI<\/title>\n<meta name=\"description\" content=\"Ateliers images et cin\u00e9ma - Angers et Maine-et-Loire (49). Des ateliers jeune public ou adulte, imagin\u00e9 sur mesure selon vos projets.\" \/>\n<meta name=\"robots\" content=\"index, follow, max-snippet:-1, max-image-preview:large, max-video-preview:-1\" \/>\n<link rel=\"canonical\" href=\"https:\/\/www.lemonde-dici.com\/index.php\/ateliers-images-et-cinema-angers-et-maine-et-loire-49\/\" \/>\n<meta property=\"og:locale\" content=\"fr_FR\" \/>\n<meta property=\"og:type\" content=\"article\" \/>\n<meta property=\"og:title\" content=\"Ateliers images et cin\u00e9ma - Angers et Maine-et-Loire (49) - Le Monde d&#039;ICI\" \/>\n<meta property=\"og:description\" content=\"Ateliers images et cin\u00e9ma - Angers et Maine-et-Loire (49). Des ateliers jeune public ou adulte, imagin\u00e9 sur mesure selon vos projets.\" \/>\n<meta property=\"og:url\" content=\"https:\/\/www.lemonde-dici.com\/index.php\/ateliers-images-et-cinema-angers-et-maine-et-loire-49\/\" \/>\n<meta property=\"og:site_name\" content=\"Le Monde d&#039;ICI\" \/>\n<meta property=\"article:modified_time\" content=\"2025-11-10T13:56:45+00:00\" \/>\n<meta name=\"twitter:card\" content=\"summary_large_image\" \/>\n<meta name=\"twitter:label1\" content=\"Dur\u00e9e de lecture estim\u00e9e\" \/>\n\t<meta name=\"twitter:data1\" content=\"2 minutes\" \/>\n<script type=\"application\/ld+json\" class=\"yoast-schema-graph\">{\"@context\":\"https:\/\/schema.org\",\"@graph\":[{\"@type\":\"WebPage\",\"@id\":\"https:\/\/www.lemonde-dici.com\/index.php\/ateliers-images-et-cinema-angers-et-maine-et-loire-49\/\",\"url\":\"https:\/\/www.lemonde-dici.com\/index.php\/ateliers-images-et-cinema-angers-et-maine-et-loire-49\/\",\"name\":\"Ateliers images et cin\u00e9ma - Angers et Maine-et-Loire (49) - Le Monde d&#039;ICI\",\"isPartOf\":{\"@id\":\"https:\/\/www.lemonde-dici.com\/#website\"},\"datePublished\":\"2017-07-04T18:43:19+00:00\",\"dateModified\":\"2025-11-10T13:56:45+00:00\",\"description\":\"Ateliers images et cin\u00e9ma - Angers et Maine-et-Loire (49). Des ateliers jeune public ou adulte, imagin\u00e9 sur mesure selon vos projets.\",\"breadcrumb\":{\"@id\":\"https:\/\/www.lemonde-dici.com\/index.php\/ateliers-images-et-cinema-angers-et-maine-et-loire-49\/#breadcrumb\"},\"inLanguage\":\"fr-FR\",\"potentialAction\":[{\"@type\":\"ReadAction\",\"target\":[\"https:\/\/www.lemonde-dici.com\/index.php\/ateliers-images-et-cinema-angers-et-maine-et-loire-49\/\"]}]},{\"@type\":\"BreadcrumbList\",\"@id\":\"https:\/\/www.lemonde-dici.com\/index.php\/ateliers-images-et-cinema-angers-et-maine-et-loire-49\/#breadcrumb\",\"itemListElement\":[{\"@type\":\"ListItem\",\"position\":1,\"name\":\"Accueil\",\"item\":\"https:\/\/www.lemonde-dici.com\/\"},{\"@type\":\"ListItem\",\"position\":2,\"name\":\"Ateliers images et cin\u00e9ma &#8211; Angers et Maine-et-Loire (49)\"}]},{\"@type\":\"WebSite\",\"@id\":\"https:\/\/www.lemonde-dici.com\/#website\",\"url\":\"https:\/\/www.lemonde-dici.com\/\",\"name\":\"Le Monde d&#039;ICI\",\"description\":\"\",\"potentialAction\":[{\"@type\":\"SearchAction\",\"target\":{\"@type\":\"EntryPoint\",\"urlTemplate\":\"https:\/\/www.lemonde-dici.com\/?s={search_term_string}\"},\"query-input\":{\"@type\":\"PropertyValueSpecification\",\"valueRequired\":true,\"valueName\":\"search_term_string\"}}],\"inLanguage\":\"fr-FR\"}]}<\/script>\n<!-- \/ Yoast SEO plugin. -->","yoast_head_json":{"title":"Ateliers images et cin\u00e9ma - Angers et Maine-et-Loire (49) - Le Monde d&#039;ICI","description":"Ateliers images et cin\u00e9ma - Angers et Maine-et-Loire (49). Des ateliers jeune public ou adulte, imagin\u00e9 sur mesure selon vos projets.","robots":{"index":"index","follow":"follow","max-snippet":"max-snippet:-1","max-image-preview":"max-image-preview:large","max-video-preview":"max-video-preview:-1"},"canonical":"https:\/\/www.lemonde-dici.com\/index.php\/ateliers-images-et-cinema-angers-et-maine-et-loire-49\/","og_locale":"fr_FR","og_type":"article","og_title":"Ateliers images et cin\u00e9ma - Angers et Maine-et-Loire (49) - Le Monde d&#039;ICI","og_description":"Ateliers images et cin\u00e9ma - Angers et Maine-et-Loire (49). Des ateliers jeune public ou adulte, imagin\u00e9 sur mesure selon vos projets.","og_url":"https:\/\/www.lemonde-dici.com\/index.php\/ateliers-images-et-cinema-angers-et-maine-et-loire-49\/","og_site_name":"Le Monde d&#039;ICI","article_modified_time":"2025-11-10T13:56:45+00:00","twitter_card":"summary_large_image","twitter_misc":{"Dur\u00e9e de lecture estim\u00e9e":"2 minutes"},"schema":{"@context":"https:\/\/schema.org","@graph":[{"@type":"WebPage","@id":"https:\/\/www.lemonde-dici.com\/index.php\/ateliers-images-et-cinema-angers-et-maine-et-loire-49\/","url":"https:\/\/www.lemonde-dici.com\/index.php\/ateliers-images-et-cinema-angers-et-maine-et-loire-49\/","name":"Ateliers images et cin\u00e9ma - Angers et Maine-et-Loire (49) - Le Monde d&#039;ICI","isPartOf":{"@id":"https:\/\/www.lemonde-dici.com\/#website"},"datePublished":"2017-07-04T18:43:19+00:00","dateModified":"2025-11-10T13:56:45+00:00","description":"Ateliers images et cin\u00e9ma - Angers et Maine-et-Loire (49). Des ateliers jeune public ou adulte, imagin\u00e9 sur mesure selon vos projets.","breadcrumb":{"@id":"https:\/\/www.lemonde-dici.com\/index.php\/ateliers-images-et-cinema-angers-et-maine-et-loire-49\/#breadcrumb"},"inLanguage":"fr-FR","potentialAction":[{"@type":"ReadAction","target":["https:\/\/www.lemonde-dici.com\/index.php\/ateliers-images-et-cinema-angers-et-maine-et-loire-49\/"]}]},{"@type":"BreadcrumbList","@id":"https:\/\/www.lemonde-dici.com\/index.php\/ateliers-images-et-cinema-angers-et-maine-et-loire-49\/#breadcrumb","itemListElement":[{"@type":"ListItem","position":1,"name":"Accueil","item":"https:\/\/www.lemonde-dici.com\/"},{"@type":"ListItem","position":2,"name":"Ateliers images et cin\u00e9ma &#8211; Angers et Maine-et-Loire (49)"}]},{"@type":"WebSite","@id":"https:\/\/www.lemonde-dici.com\/#website","url":"https:\/\/www.lemonde-dici.com\/","name":"Le Monde d&#039;ICI","description":"","potentialAction":[{"@type":"SearchAction","target":{"@type":"EntryPoint","urlTemplate":"https:\/\/www.lemonde-dici.com\/?s={search_term_string}"},"query-input":{"@type":"PropertyValueSpecification","valueRequired":true,"valueName":"search_term_string"}}],"inLanguage":"fr-FR"}]}},"_links":{"self":[{"href":"https:\/\/www.lemonde-dici.com\/index.php\/wp-json\/wp\/v2\/pages\/489","targetHints":{"allow":["GET"]}}],"collection":[{"href":"https:\/\/www.lemonde-dici.com\/index.php\/wp-json\/wp\/v2\/pages"}],"about":[{"href":"https:\/\/www.lemonde-dici.com\/index.php\/wp-json\/wp\/v2\/types\/page"}],"author":[{"embeddable":true,"href":"https:\/\/www.lemonde-dici.com\/index.php\/wp-json\/wp\/v2\/users\/2"}],"replies":[{"embeddable":true,"href":"https:\/\/www.lemonde-dici.com\/index.php\/wp-json\/wp\/v2\/comments?post=489"}],"version-history":[{"count":62,"href":"https:\/\/www.lemonde-dici.com\/index.php\/wp-json\/wp\/v2\/pages\/489\/revisions"}],"predecessor-version":[{"id":3315,"href":"https:\/\/www.lemonde-dici.com\/index.php\/wp-json\/wp\/v2\/pages\/489\/revisions\/3315"}],"wp:attachment":[{"href":"https:\/\/www.lemonde-dici.com\/index.php\/wp-json\/wp\/v2\/media?parent=489"}],"curies":[{"name":"wp","href":"https:\/\/api.w.org\/{rel}","templated":true}]}}