{"id":3527,"date":"2026-01-27T12:10:14","date_gmt":"2026-01-27T11:10:14","guid":{"rendered":"https:\/\/www.lemonde-dici.com\/?page_id=3527"},"modified":"2026-01-29T13:02:43","modified_gmt":"2026-01-29T12:02:43","slug":"massages-domicile","status":"publish","type":"page","link":"https:\/\/www.lemonde-dici.com\/index.php\/massages-domicile\/","title":{"rendered":"Massages \u00e0 domicile ou sur site, Angers et Maine-et-Loire"},"content":{"rendered":"<div id=\"pl-3527\"  class=\"panel-layout\" ><div id=\"pg-3527-0\"  class=\"panel-grid panel-has-style\" ><div class=\"panel-row-style panel-row-style-for-3527-0\" ><div id=\"pgc-3527-0-0\"  class=\"panel-grid-cell\" ><div id=\"panel-3527-0-0-0\" class=\"so-panel widget widget_sow-editor panel-first-child panel-last-child\" data-index=\"0\" ><div\n\t\t\t\n\t\t\tclass=\"so-widget-sow-editor so-widget-sow-editor-base\"\n\t\t\t\n\t\t>\n<div class=\"siteorigin-widget-tinymce textwidget\">\n\t<h1 style=\"text-align: center;\">Massages \u00e0 domicile ou sur site,<br \/>\n\u00e0 Angers ou dans le Maine-et-Loire<\/h1>\n<\/div>\n<\/div><\/div><\/div><\/div><\/div><div id=\"pg-3527-1\"  class=\"panel-grid panel-has-style\" ><div class=\"panel-row-style panel-row-style-for-3527-1\" ><div id=\"pgc-3527-1-0\"  class=\"panel-grid-cell\" ><div id=\"panel-3527-1-0-0\" class=\"so-panel widget widget_sow-editor panel-first-child\" data-index=\"1\" ><div\n\t\t\t\n\t\t\tclass=\"so-widget-sow-editor so-widget-sow-editor-base\"\n\t\t\t\n\t\t>\n<div class=\"siteorigin-widget-tinymce textwidget\">\n\t<p>Au-del\u00e0 des soins propos\u00e9s dans mon salon, <strong>je me d\u00e9place \u00e9galement pour des massages \u00e0 domicile ou sur site<\/strong>, pour celles et ceux qui souhaitent recevoir un soin dans leur environnement personnel ou lors d'\u00e9v\u00e8nements, pendant des vacances...<\/p>\n<p>&nbsp;<\/p>\n<\/div>\n<\/div><\/div><div id=\"panel-3527-1-0-1\" class=\"so-panel widget widget_sow-editor\" data-index=\"2\" ><div\n\t\t\t\n\t\t\tclass=\"so-widget-sow-editor so-widget-sow-editor-base\"\n\t\t\t\n\t\t>\n<div class=\"siteorigin-widget-tinymce textwidget\">\n\t<h2>Les massages \u00e0 domicile<\/h2>\n<p>Si mon salon reste le c\u0153ur de mon univers sensoriel, il m\u2019arrive aussi d\u2019emporter cette \u00e9nergie ailleurs. Je peux me d\u00e9placer \u00e0 domicile pour les personnes qui souhaitent <strong>vivre un moment de massage dans leur propre cocon<\/strong>, en adaptant l\u2019exp\u00e9rience pour qu\u2019elle reste profond\u00e9ment enveloppante et respectueuse de votre espace.<\/p>\n<p>&nbsp;<\/p>\n<p><a href=\"https:\/\/www.lemonde-dici.com\/index.php\/votre-massage-bien-etre-sur-mesure-automne-hiver\/\" target=\"_blank\" rel=\"noopener\">Voir les massages propos\u00e9s<\/a><\/p>\n<p>&nbsp;<\/p>\n<p>&nbsp;<\/p>\n<h2>Les massages en duo, \u00e0 Angers ou dans le Maine-et-Loire<\/h2>\n<p>Je propose \u00e9galement <strong>des massages en duo<\/strong>, \u00e0 domicile ou dans des lieux d\u2019accueil tels que des <strong>g\u00eetes<\/strong> ou des <strong>espaces \u00e9v\u00e9nementiels<\/strong>.<\/p>\n<p>&nbsp;<\/p>\n<p><strong>Je travaille pour cela avec des partenaires de confiance<\/strong>, avec qui je partage une vision commune du toucher, du respect du corps et de l\u2019instant. Nos pratiques s'articulent avec harmonie, nous permettant d\u2019offrir des exp\u00e9riences \u00e0 deux, riches et personnalis\u00e9es, dans des lieux choisis pour leur atmosph\u00e8re et leur capacit\u00e9 \u00e0 soutenir la d\u00e9tente.<\/p>\n<p>&nbsp;<\/p>\n<h2><\/h2>\n<h2>Tarifs des massages individuels \/duo \u00e0 domicile ou sur site<\/h2>\n<ul style=\"list-style-type: square;\">\n<li><strong>Massage individuel<\/strong> \u00e0 domicile ou sur site : tarifs identiques \u00e0 ceux propos\u00e9s au salon <a href=\"https:\/\/www.lemonde-dici.com\/index.php\/votre-massage-bien-etre-sur-mesure-automne-hiver\/\" target=\"_blank\" rel=\"noopener\">(voir les massages et les tarifs)<\/a><\/li>\n<li><strong>Massage duo 1h<\/strong> \u00e0 domicile ou sur site : <strong>160\u20ac\u00a0<\/strong><\/li>\n<li><strong>Frais de d\u00e9placement<\/strong> (&lt; 30 km aller-retour) : <strong>inclus<\/strong><\/li>\n<li><strong>Frais de d\u00e9placement<\/strong> (de 30 \u00e0 50 km aller-retour) : <strong>25\u20ac<\/strong><\/li>\n<\/ul>\n<p>&nbsp;<\/p>\n<p>&nbsp;<\/p>\n<\/div>\n<\/div><\/div><div id=\"panel-3527-1-0-2\" class=\"so-panel widget widget_sow-editor panel-last-child\" data-index=\"3\" ><div\n\t\t\t\n\t\t\tclass=\"so-widget-sow-editor so-widget-sow-editor-base\"\n\t\t\t\n\t\t>\n<div class=\"siteorigin-widget-tinymce textwidget\">\n\t<h2>Comment r\u00e9server votre massage \u00e0 domicile ou sur site ?<\/h2>\n<p>Je vous invite \u00e0 me contacter directement, en m'indiquant vos disponibilit\u00e9s, votre adresse et s'il s'agit d'un massage solo ou duo.<\/p>\n<p><a href=\"https:\/\/www.lemonde-dici.com\/index.php\/contact-et-reservation-massage-angers-et-alentours\/\" target=\"_blank\" rel=\"noopener\">Me contacter\u00a0<\/a><\/p>\n<\/div>\n<\/div><\/div><\/div><div id=\"pgc-3527-1-1\"  class=\"panel-grid-cell\" ><div id=\"panel-3527-1-1-0\" class=\"so-panel widget widget_sow-image panel-first-child panel-last-child\" data-index=\"4\" ><div\n\t\t\t\n\t\t\tclass=\"so-widget-sow-image so-widget-sow-image-default-113ccd71f3e6-3527\"\n\t\t\t\n\t\t>\n<div class=\"sow-image-container\">\n\t\t<img \n\tsrc=\"https:\/\/www.lemonde-dici.com\/wp-content\/uploads\/2021\/10\/salon-sept-2021-08-Exposure.jpg\" width=\"1500\" height=\"1000\" srcset=\"https:\/\/www.lemonde-dici.com\/wp-content\/uploads\/2021\/10\/salon-sept-2021-08-Exposure.jpg 1500w, https:\/\/www.lemonde-dici.com\/wp-content\/uploads\/2021\/10\/salon-sept-2021-08-Exposure-300x200.jpg 300w, https:\/\/www.lemonde-dici.com\/wp-content\/uploads\/2021\/10\/salon-sept-2021-08-Exposure-1024x683.jpg 1024w, https:\/\/www.lemonde-dici.com\/wp-content\/uploads\/2021\/10\/salon-sept-2021-08-Exposure-768x512.jpg 768w, https:\/\/www.lemonde-dici.com\/wp-content\/uploads\/2021\/10\/salon-sept-2021-08-Exposure-272x182.jpg 272w\" sizes=\"(max-width: 1500px) 100vw, 1500px\" title=\"Le salon de massage bien-\u00eatre \u00e0 Soulaines-sur-Aubance au sud d&#039;Angers\" alt=\"Le salon de massage bien-\u00eatre \u00e0 Soulaines-sur-Aubance au sud d&#039;Angers\" \t\tclass=\"so-widget-image\"\/>\n\t<\/div>\n\n<\/div><\/div><\/div><\/div><\/div><\/div>","protected":false},"excerpt":{"rendered":"<p>Massages \u00e0 domicile ou sur site, \u00e0 Angers ou dans le Maine-et-Loire Au-del\u00e0 des soins propos\u00e9s dans mon salon, je me d\u00e9place \u00e9galement pour des massages \u00e0 domicile ou sur site, pour celles et ceux qui souhaitent recevoir un soin dans leur environnement personnel ou lors d&rsquo;\u00e9v\u00e8nements, pendant des vacances&#8230; &nbsp; Les massages \u00e0 domicile [&hellip;]<\/p>\n","protected":false},"author":2,"featured_media":0,"parent":0,"menu_order":0,"comment_status":"closed","ping_status":"closed","template":"","meta":{"_exactmetrics_skip_tracking":false,"_exactmetrics_sitenote_active":false,"_exactmetrics_sitenote_note":"","_exactmetrics_sitenote_category":0,"footnotes":""},"class_list":["post-3527","page","type-page","status-publish","hentry","post"],"yoast_head":"<!-- This site is optimized with the Yoast SEO plugin v26.4 - https:\/\/yoast.com\/wordpress\/plugins\/seo\/ -->\n<title>Le Monde d&#039;ICI - Massages \u00e0 domicile ou sur site, Angers et Maine-et-Loire<\/title>\n<meta name=\"description\" content=\"Massages \u00e0 domicile ou sur site, Angers et Maine-et-Loire. Massages en duo.\" \/>\n<meta name=\"robots\" content=\"index, follow, max-snippet:-1, max-image-preview:large, max-video-preview:-1\" \/>\n<link rel=\"canonical\" href=\"https:\/\/www.lemonde-dici.com\/index.php\/massages-domicile\/\" \/>\n<meta property=\"og:locale\" content=\"fr_FR\" \/>\n<meta property=\"og:type\" content=\"article\" \/>\n<meta property=\"og:title\" content=\"Le Monde d&#039;ICI - Massages \u00e0 domicile ou sur site, Angers et Maine-et-Loire\" \/>\n<meta property=\"og:description\" content=\"Massages \u00e0 domicile ou sur site, Angers et Maine-et-Loire. Massages en duo.\" \/>\n<meta property=\"og:url\" content=\"https:\/\/www.lemonde-dici.com\/index.php\/massages-domicile\/\" \/>\n<meta property=\"og:site_name\" content=\"Le Monde d&#039;ICI\" \/>\n<meta property=\"article:modified_time\" content=\"2026-01-29T12:02:43+00:00\" \/>\n<meta name=\"twitter:card\" content=\"summary_large_image\" \/>\n<meta name=\"twitter:label1\" content=\"Dur\u00e9e de lecture estim\u00e9e\" \/>\n\t<meta name=\"twitter:data1\" content=\"2 minutes\" \/>\n<script type=\"application\/ld+json\" class=\"yoast-schema-graph\">{\"@context\":\"https:\/\/schema.org\",\"@graph\":[{\"@type\":\"WebPage\",\"@id\":\"https:\/\/www.lemonde-dici.com\/index.php\/massages-domicile\/\",\"url\":\"https:\/\/www.lemonde-dici.com\/index.php\/massages-domicile\/\",\"name\":\"Le Monde d&#039;ICI - Massages \u00e0 domicile ou sur site, Angers et Maine-et-Loire\",\"isPartOf\":{\"@id\":\"https:\/\/www.lemonde-dici.com\/#website\"},\"datePublished\":\"2026-01-27T11:10:14+00:00\",\"dateModified\":\"2026-01-29T12:02:43+00:00\",\"description\":\"Massages \u00e0 domicile ou sur site, Angers et Maine-et-Loire. Massages en duo.\",\"breadcrumb\":{\"@id\":\"https:\/\/www.lemonde-dici.com\/index.php\/massages-domicile\/#breadcrumb\"},\"inLanguage\":\"fr-FR\",\"potentialAction\":[{\"@type\":\"ReadAction\",\"target\":[\"https:\/\/www.lemonde-dici.com\/index.php\/massages-domicile\/\"]}]},{\"@type\":\"BreadcrumbList\",\"@id\":\"https:\/\/www.lemonde-dici.com\/index.php\/massages-domicile\/#breadcrumb\",\"itemListElement\":[{\"@type\":\"ListItem\",\"position\":1,\"name\":\"Accueil\",\"item\":\"https:\/\/www.lemonde-dici.com\/\"},{\"@type\":\"ListItem\",\"position\":2,\"name\":\"Massages \u00e0 domicile ou sur site, Angers et Maine-et-Loire\"}]},{\"@type\":\"WebSite\",\"@id\":\"https:\/\/www.lemonde-dici.com\/#website\",\"url\":\"https:\/\/www.lemonde-dici.com\/\",\"name\":\"Le Monde d&#039;ICI\",\"description\":\"\",\"potentialAction\":[{\"@type\":\"SearchAction\",\"target\":{\"@type\":\"EntryPoint\",\"urlTemplate\":\"https:\/\/www.lemonde-dici.com\/?s={search_term_string}\"},\"query-input\":{\"@type\":\"PropertyValueSpecification\",\"valueRequired\":true,\"valueName\":\"search_term_string\"}}],\"inLanguage\":\"fr-FR\"}]}<\/script>\n<!-- \/ Yoast SEO plugin. -->","yoast_head_json":{"title":"Le Monde d&#039;ICI - Massages \u00e0 domicile ou sur site, Angers et Maine-et-Loire","description":"Massages \u00e0 domicile ou sur site, Angers et Maine-et-Loire. Massages en duo.","robots":{"index":"index","follow":"follow","max-snippet":"max-snippet:-1","max-image-preview":"max-image-preview:large","max-video-preview":"max-video-preview:-1"},"canonical":"https:\/\/www.lemonde-dici.com\/index.php\/massages-domicile\/","og_locale":"fr_FR","og_type":"article","og_title":"Le Monde d&#039;ICI - Massages \u00e0 domicile ou sur site, Angers et Maine-et-Loire","og_description":"Massages \u00e0 domicile ou sur site, Angers et Maine-et-Loire. Massages en duo.","og_url":"https:\/\/www.lemonde-dici.com\/index.php\/massages-domicile\/","og_site_name":"Le Monde d&#039;ICI","article_modified_time":"2026-01-29T12:02:43+00:00","twitter_card":"summary_large_image","twitter_misc":{"Dur\u00e9e de lecture estim\u00e9e":"2 minutes"},"schema":{"@context":"https:\/\/schema.org","@graph":[{"@type":"WebPage","@id":"https:\/\/www.lemonde-dici.com\/index.php\/massages-domicile\/","url":"https:\/\/www.lemonde-dici.com\/index.php\/massages-domicile\/","name":"Le Monde d&#039;ICI - Massages \u00e0 domicile ou sur site, Angers et Maine-et-Loire","isPartOf":{"@id":"https:\/\/www.lemonde-dici.com\/#website"},"datePublished":"2026-01-27T11:10:14+00:00","dateModified":"2026-01-29T12:02:43+00:00","description":"Massages \u00e0 domicile ou sur site, Angers et Maine-et-Loire. Massages en duo.","breadcrumb":{"@id":"https:\/\/www.lemonde-dici.com\/index.php\/massages-domicile\/#breadcrumb"},"inLanguage":"fr-FR","potentialAction":[{"@type":"ReadAction","target":["https:\/\/www.lemonde-dici.com\/index.php\/massages-domicile\/"]}]},{"@type":"BreadcrumbList","@id":"https:\/\/www.lemonde-dici.com\/index.php\/massages-domicile\/#breadcrumb","itemListElement":[{"@type":"ListItem","position":1,"name":"Accueil","item":"https:\/\/www.lemonde-dici.com\/"},{"@type":"ListItem","position":2,"name":"Massages \u00e0 domicile ou sur site, Angers et Maine-et-Loire"}]},{"@type":"WebSite","@id":"https:\/\/www.lemonde-dici.com\/#website","url":"https:\/\/www.lemonde-dici.com\/","name":"Le Monde d&#039;ICI","description":"","potentialAction":[{"@type":"SearchAction","target":{"@type":"EntryPoint","urlTemplate":"https:\/\/www.lemonde-dici.com\/?s={search_term_string}"},"query-input":{"@type":"PropertyValueSpecification","valueRequired":true,"valueName":"search_term_string"}}],"inLanguage":"fr-FR"}]}},"_links":{"self":[{"href":"https:\/\/www.lemonde-dici.com\/index.php\/wp-json\/wp\/v2\/pages\/3527","targetHints":{"allow":["GET"]}}],"collection":[{"href":"https:\/\/www.lemonde-dici.com\/index.php\/wp-json\/wp\/v2\/pages"}],"about":[{"href":"https:\/\/www.lemonde-dici.com\/index.php\/wp-json\/wp\/v2\/types\/page"}],"author":[{"embeddable":true,"href":"https:\/\/www.lemonde-dici.com\/index.php\/wp-json\/wp\/v2\/users\/2"}],"replies":[{"embeddable":true,"href":"https:\/\/www.lemonde-dici.com\/index.php\/wp-json\/wp\/v2\/comments?post=3527"}],"version-history":[{"count":14,"href":"https:\/\/www.lemonde-dici.com\/index.php\/wp-json\/wp\/v2\/pages\/3527\/revisions"}],"predecessor-version":[{"id":3544,"href":"https:\/\/www.lemonde-dici.com\/index.php\/wp-json\/wp\/v2\/pages\/3527\/revisions\/3544"}],"wp:attachment":[{"href":"https:\/\/www.lemonde-dici.com\/index.php\/wp-json\/wp\/v2\/media?parent=3527"}],"curies":[{"name":"wp","href":"https:\/\/api.w.org\/{rel}","templated":true}]}}