{"id":35,"date":"2017-01-28T17:41:26","date_gmt":"2017-01-28T16:41:26","guid":{"rendered":"http:\/\/www.lemonde-dici.com\/?page_id=35"},"modified":"2026-01-28T15:22:47","modified_gmt":"2026-01-28T14:22:47","slug":"contact-et-reservation-massage-angers-et-alentours","status":"publish","type":"page","link":"https:\/\/www.lemonde-dici.com\/index.php\/contact-et-reservation-massage-angers-et-alentours\/","title":{"rendered":"Contact \/ R\u00e9servations"},"content":{"rendered":"<div id=\"pl-35\"  class=\"panel-layout\" ><div id=\"pg-35-0\"  class=\"panel-grid panel-has-style\" ><div class=\"panel-row-style panel-row-style-for-35-0\" ><div id=\"pgc-35-0-0\"  class=\"panel-grid-cell\" ><div id=\"panel-35-0-0-0\" class=\"so-panel widget widget_sow-editor panel-first-child panel-last-child\" data-index=\"0\" ><div\n\t\t\t\n\t\t\tclass=\"so-widget-sow-editor so-widget-sow-editor-base\"\n\t\t\t\n\t\t>\n<div class=\"siteorigin-widget-tinymce textwidget\">\n\t<h1 style=\"text-align: center;\">Contact \/ R\u00e9servations<\/h1>\n<\/div>\n<\/div><\/div><\/div><\/div><\/div><div id=\"pg-35-1\"  class=\"panel-grid panel-has-style\" ><div class=\"panel-row-style panel-row-style-for-35-1\" ><div id=\"pgc-35-1-0\"  class=\"panel-grid-cell\" ><div id=\"panel-35-1-0-0\" class=\"so-panel widget widget_sow-editor panel-first-child panel-last-child\" data-index=\"1\" ><div\n\t\t\t\n\t\t\tclass=\"so-widget-sow-editor so-widget-sow-editor-base\"\n\t\t\t\n\t\t>\n<div class=\"siteorigin-widget-tinymce textwidget\">\n\t<p data-start=\"438\" data-end=\"521\">Bienvenue sur la page <strong data-start=\"545\" data-end=\"571\">contact et r\u00e9servation<\/strong> du <strong data-start=\"575\" data-end=\"590\">Monde d\u2019ici<\/strong>, votre <strong data-start=\"598\" data-end=\"643\">salon de massages bien-\u00eatre pr\u00e8s d\u2019Angers<\/strong>.<\/p>\n<h2 data-start=\"438\" data-end=\"521\">Contact et r\u00e9servation<\/h2>\n<p data-start=\"523\" data-end=\"817\">Avant tout massage, nous prenons le temps d\u2019\u00e9changer ensemble.<br data-start=\"909\" data-end=\"912\" \/>Ainsi, je peux adapter le <strong data-start=\"938\" data-end=\"959\">massage bien-\u00eatre<\/strong> selon vos besoins et votre \u00e9tat du moment.<br data-start=\"1002\" data-end=\"1005\" \/>Cela permet de cr\u00e9er une exp\u00e9rience sensorielle juste et personnalis\u00e9e.<\/p>\n<p data-start=\"1080\" data-end=\"1437\">Pour toute <strong data-start=\"1091\" data-end=\"1128\">demande, question ou r\u00e9servation<\/strong>, vous pouvez remplir le formulaire ci-dessous.<br data-start=\"1175\" data-end=\"1178\" \/>Je r\u00e9ponds rapidement pour fixer un rendez-vous au salon et \u00e0 votre convenance.<br data-start=\"1245\" data-end=\"1248\" \/>Je reste aussi disponible pour discuter de vos attentes et choisir la s\u00e9ance la plus adapt\u00e9e.<\/p>\n<p data-start=\"1080\" data-end=\"1437\">Si pour une raison particuli\u00e8re vous pr\u00e9f\u00e9rez recevoir le massage \u00e0 domicile, c'est \u00e9galement possible. N'h\u00e9sitez pas \u00e0 me contacter directement \u00e0 ce sujet, afin d'organiser ce moment.<\/p>\n<h2 data-start=\"1444\" data-end=\"1515\"><\/h2>\n<h2 data-start=\"1444\" data-end=\"1515\">R\u00e9servation en ligne<\/h2>\n<p data-start=\"1517\" data-end=\"1640\">Il est aussi possible d\u2019effectuer votre <strong data-start=\"1557\" data-end=\"1583\">r\u00e9servation<\/strong> directement en ligne.<\/p>\n<p data-start=\"1517\" data-end=\"1640\"><br data-start=\"1605\" data-end=\"1608\" \/>\ud83d\udc49 <a href=\"https:\/\/calendly.com\/vdelahousse\/seance-bien-etre\" target=\"_blank\" rel=\"noopener\"><strong data-start=\"1611\" data-end=\"1638\">[R\u00c9SERVER EN LIGNE ICI]<\/strong><\/a><\/p>\n<p data-start=\"1517\" data-end=\"1640\">\n<p data-start=\"1642\" data-end=\"1960\">Ce service simple et pratique vous permet de choisir facilement votre cr\u00e9neau.<br data-start=\"1720\" data-end=\"1723\" \/>Ainsi, vous gagnez du temps et planifiez votre s\u00e9ance quand vous le souhaitez.<\/p>\n<p data-start=\"1642\" data-end=\"1960\"><br data-start=\"1801\" data-end=\"1804\" \/>Les paiements sont accept\u00e9s par <strong data-start=\"1836\" data-end=\"1867\">ch\u00e8que, virement ou esp\u00e8ces<\/strong>.<\/p>\n<h2 data-start=\"1967\" data-end=\"2022\"><\/h2>\n<h2 data-start=\"1967\" data-end=\"2022\">Coordonn\u00e9es et acc\u00e8s<\/h2>\n<p data-start=\"2024\" data-end=\"2211\"><strong data-start=\"2024\" data-end=\"2086\">Le Monde d\u2019ici \u2013 Salon de massages bien-\u00eatre pr\u00e8s d\u2019Angers<\/strong><br data-start=\"2086\" data-end=\"2089\" \/>Val\u00e9rie Delahousse<br data-start=\"2107\" data-end=\"2110\" \/>27 Les Balu\u00e8res \u2013 49610 Soulaines-sur-Aubance<br data-start=\"2155\" data-end=\"2158\" \/>\ud83d\udcde 06 85 34 54 76<br data-start=\"2175\" data-end=\"2178\" \/>\u2709\ufe0f <a class=\"decorated-link cursor-pointer\" rel=\"noopener\" data-start=\"2181\" data-end=\"2209\">vdelahousse@lemonde-dici.com<\/a><\/p>\n<\/div>\n<\/div><\/div><\/div><div id=\"pgc-35-1-1\"  class=\"panel-grid-cell\" ><div id=\"panel-35-1-1-0\" class=\"so-panel widget widget_media_image panel-first-child panel-last-child\" data-index=\"2\" ><img loading=\"lazy\" decoding=\"async\" width=\"720\" height=\"540\" src=\"https:\/\/www.lemonde-dici.com\/wp-content\/uploads\/2021\/10\/salon-mars-2021-01-Exposure-1024x768.jpg\" class=\"image wp-image-1311  attachment-large size-large\" alt=\"Contact et r\u00e9servation\" style=\"max-width: 100%; height: auto;\" title=\"Contact et r\u00e9servation\" srcset=\"https:\/\/www.lemonde-dici.com\/wp-content\/uploads\/2021\/10\/salon-mars-2021-01-Exposure-1024x768.jpg 1024w, https:\/\/www.lemonde-dici.com\/wp-content\/uploads\/2021\/10\/salon-mars-2021-01-Exposure-300x225.jpg 300w, https:\/\/www.lemonde-dici.com\/wp-content\/uploads\/2021\/10\/salon-mars-2021-01-Exposure-768x576.jpg 768w, https:\/\/www.lemonde-dici.com\/wp-content\/uploads\/2021\/10\/salon-mars-2021-01-Exposure.jpg 1500w\" sizes=\"auto, (max-width: 720px) 100vw, 720px\" \/><\/div><\/div><\/div><\/div><div id=\"pg-35-2\"  class=\"panel-grid panel-has-style\" ><div class=\"panel-row-style panel-row-style-for-35-2\" ><div id=\"pgc-35-2-0\"  class=\"panel-grid-cell\" ><div id=\"panel-35-2-0-0\" class=\"so-panel widget widget_sow-contact-form panel-first-child panel-last-child\" data-index=\"3\" ><div\n\t\t\t\n\t\t\tclass=\"so-widget-sow-contact-form so-widget-sow-contact-form-default-b745416a5644-35\"\n\t\t\t\n\t\t>\t<form\n\t\taction=\"\/index.php\/wp-json\/wp\/v2\/pages\/35\"\n\t\tmethod=\"POST\"\n\t\tclass=\"sow-contact-form\"\n\t\tid=\"contact-form-ad85\"\n\t>\n\n\t\t\n\t\t\t\t\t<div class=\"sow-form-field sow-form-field-name\">\n\t\t\t\t<label class=\"sow-form-field-label-above\" for=\"sow-contact-form-field-nom-1\">\n\t\t\t\t<strong>\n\t\t\t\t\tNom\t\t\t\t\t\t\t\t\t<\/strong>\n\t\t\t<\/label>\n\t\t\t\t\t\t\t<div class=\"sow-field-container\">\n\t\t\t\t\t\t\t<input\n\t\t\ttype=\"text\"\n\t\t\tname=\"nom-1\"\n\t\t\tid=\"sow-contact-form-field-nom-1\"\n\t\t\tvalue=\"\"\n\t\t\tclass=\"sow-text-field\"\n\t\t\t\t\t\t\t\t\/>\n\t\t\t\t\t\t<\/div>\n\t\t\t\t\t\t\t<\/div>\n\t\t\t\t\t\t<div class=\"sow-form-field sow-form-field-email\">\n\t\t\t\t<label class=\"sow-form-field-label-above\" for=\"sow-contact-form-field-adresse-e-mail-1\">\n\t\t\t\t<strong>\n\t\t\t\t\tAdresse E-mail\t\t\t\t\t\t\t\t\t<\/strong>\n\t\t\t<\/label>\n\t\t\t\t\t\t\t<div class=\"sow-field-container\">\n\t\t\t\t\t\t\t<input\n\t\t\ttype=\"email\"\n\t\t\tname=\"adresse-e-mail-1\"\n\t\t\tid=\"sow-contact-form-field-adresse-e-mail-1\"\n\t\t\tvalue=\"\"\n\t\t\tclass=\"sow-text-field\"\t\t\t\t\t\t\t\t\/>\n\t\t\t\t\t\t<\/div>\n\t\t\t\t\t\t\t<\/div>\n\t\t\t\t\t\t<div class=\"sow-form-field sow-form-field-textarea\">\n\t\t\t\t<label class=\"sow-form-field-label-above\" for=\"sow-contact-form-field-message-1\">\n\t\t\t\t<strong>\n\t\t\t\t\tMessage\t\t\t\t\t\t\t\t\t<\/strong>\n\t\t\t<\/label>\n\t\t\t\t\t\t\t<div class=\"sow-field-container\">\n\t\t\t\t\t\t\t<textarea\n\t\t\tname=\"message-1\"\n\t\t\tid=\"sow-contact-form-field-message-1\"\n\t\t\trows=\"10\"\n\t\t\t\t\t\t\t\t><\/textarea>\n\t\t\t\t\t\t<\/div>\n\t\t\t\t\t\t\t<\/div>\n\t\t\t\n\t\t\n\t\t<div class=\"sow-submit-wrapper \n\t\tsow-submit-styled\t\t\">\n\n\t\t\t<button\n\t\t\t\ttype=\"submit\"\n\t\t\t\tclass=\"sow-submit\n\t\t\t\t\t\t\t\t\"\n\t\t\t\t\t\t\t>\n\t\t\t\tEnvoyer\t\t\t<\/button>\n\t\t<\/div>\n\t\t\t\t<input\n\t\t\ttype=\"hidden\"\n\t\t\tname=\"instance_hash-1\"\n\t\t\tvalue=\"ad853771\"\n\t\t\/>\n\n\t\t<input type=\"hidden\" id=\"_wpnonce\" name=\"_wpnonce\" value=\"67cc562f04\" \/><input type=\"hidden\" name=\"_wp_http_referer\" value=\"\/index.php\/wp-json\/wp\/v2\/pages\/35\" \/>\t<\/form>\n\t<\/div><\/div><\/div><\/div><\/div><div id=\"pg-35-3\"  class=\"panel-grid panel-has-style\" ><div class=\"panel-row-style panel-row-style-for-35-3\" ><div id=\"pgc-35-3-0\"  class=\"panel-grid-cell\" ><div id=\"panel-35-3-0-0\" class=\"so-panel widget widget_sow-google-map panel-first-child panel-last-child\" data-index=\"4\" ><div\n\t\t\t\n\t\t\tclass=\"so-widget-sow-google-map so-widget-sow-google-map-default-873fc5f91d14-35\"\n\t\t\t\n\t\t>\n<div class=\"sow-google-map-canvas\"\n\tstyle=\"\"\n\tid=\"map-canvas-5805a395538ff644092b24eb13494f6c\"\n\tdata-options=\"{&quot;address&quot;:&quot;47.37902099999999, -0.5239378&quot;,&quot;zoom&quot;:12,&quot;mobileZoom&quot;:12,&quot;gestureHandling&quot;:&quot;greedy&quot;,&quot;disableUi&quot;:false,&quot;markerIcon&quot;:false,&quot;markersDraggable&quot;:false,&quot;markerAtCenter&quot;:true,&quot;markerInfoDisplay&quot;:&quot;always&quot;,&quot;markerInfoMultiple&quot;:true,&quot;markerPositions&quot;:[{&quot;place&quot;:&quot;47.37902099999999, -0.5239378&quot;,&quot;info&quot;:&quot;&lt;p&gt;Hameau Les Balu\\u00e8res&lt;\\\/p&gt;\\n&lt;p&gt;49610 Soulaines-sur-Aubance&lt;\\\/p&gt;\\n&quot;,&quot;infoSelectedEditor&quot;:&quot;tinymce&quot;,&quot;infoMaxWidth&quot;:&quot;&quot;,&quot;customMarkerIcon&quot;:0,&quot;customMarkerIconSize&quot;:&quot;&quot;}],&quot;mapName&quot;:false,&quot;mapStyles&quot;:false,&quot;directions&quot;:&quot;&quot;,&quot;apiKey&quot;:&quot;AIzaSyDqIvcGYu1mtZ8bWGVZ3szxVshc17dTB6U&quot;,&quot;breakpoint&quot;:780,&quot;id&quot;:&quot;69f744&quot;}\"\n\tdata-fallback-image=\"{&quot;img&quot;:&quot;&quot;}\"><\/div>\n<\/div><\/div><\/div><\/div><\/div><\/div>","protected":false},"excerpt":{"rendered":"<p>Contact \/ R\u00e9servations Bienvenue sur la page contact et r\u00e9servation du Monde d\u2019ici, votre salon de massages bien-\u00eatre pr\u00e8s d\u2019Angers. Contact et r\u00e9servation Avant tout massage, nous prenons le temps d\u2019\u00e9changer ensemble.Ainsi, je peux adapter le massage bien-\u00eatre selon vos besoins et votre \u00e9tat du moment.Cela permet de cr\u00e9er une exp\u00e9rience sensorielle juste et personnalis\u00e9e. [&hellip;]<\/p>\n","protected":false},"author":2,"featured_media":0,"parent":0,"menu_order":0,"comment_status":"closed","ping_status":"closed","template":"","meta":{"_exactmetrics_skip_tracking":false,"_exactmetrics_sitenote_active":false,"_exactmetrics_sitenote_note":"","_exactmetrics_sitenote_category":0,"footnotes":""},"class_list":["post-35","page","type-page","status-publish","hentry","post"],"yoast_head":"<!-- This site is optimized with the Yoast SEO plugin v26.4 - https:\/\/yoast.com\/wordpress\/plugins\/seo\/ -->\n<title>Contact et r\u00e9servation massage Angers et alentours - Le Monde d&#039;ICI<\/title>\n<meta name=\"description\" content=\"Contact et r\u00e9servation. Salon bien-\u00eatre proche Angers. Contactez moi ou r\u00e9servez votre massage directement en ligne.\" \/>\n<meta name=\"robots\" content=\"index, follow, max-snippet:-1, max-image-preview:large, max-video-preview:-1\" \/>\n<link rel=\"canonical\" href=\"https:\/\/www.lemonde-dici.com\/index.php\/contact-et-reservation-massage-angers-et-alentours\/\" \/>\n<meta property=\"og:locale\" content=\"fr_FR\" \/>\n<meta property=\"og:type\" content=\"article\" \/>\n<meta property=\"og:title\" content=\"Contact et r\u00e9servation massage Angers et alentours - Le Monde d&#039;ICI\" \/>\n<meta property=\"og:description\" content=\"Contact et r\u00e9servation. Salon bien-\u00eatre proche Angers. Contactez moi ou r\u00e9servez votre massage directement en ligne.\" \/>\n<meta property=\"og:url\" content=\"https:\/\/www.lemonde-dici.com\/index.php\/contact-et-reservation-massage-angers-et-alentours\/\" \/>\n<meta property=\"og:site_name\" content=\"Le Monde d&#039;ICI\" \/>\n<meta property=\"article:modified_time\" content=\"2026-01-28T14:22:47+00:00\" \/>\n<meta name=\"twitter:card\" content=\"summary_large_image\" \/>\n<meta name=\"twitter:label1\" content=\"Dur\u00e9e de lecture estim\u00e9e\" \/>\n\t<meta name=\"twitter:data1\" content=\"2 minutes\" \/>\n<script type=\"application\/ld+json\" class=\"yoast-schema-graph\">{\"@context\":\"https:\/\/schema.org\",\"@graph\":[{\"@type\":\"WebPage\",\"@id\":\"https:\/\/www.lemonde-dici.com\/index.php\/contact-et-reservation-massage-angers-et-alentours\/\",\"url\":\"https:\/\/www.lemonde-dici.com\/index.php\/contact-et-reservation-massage-angers-et-alentours\/\",\"name\":\"Contact et r\u00e9servation massage Angers et alentours - Le Monde d&#039;ICI\",\"isPartOf\":{\"@id\":\"https:\/\/www.lemonde-dici.com\/#website\"},\"datePublished\":\"2017-01-28T16:41:26+00:00\",\"dateModified\":\"2026-01-28T14:22:47+00:00\",\"description\":\"Contact et r\u00e9servation. Salon bien-\u00eatre proche Angers. Contactez moi ou r\u00e9servez votre massage directement en ligne.\",\"breadcrumb\":{\"@id\":\"https:\/\/www.lemonde-dici.com\/index.php\/contact-et-reservation-massage-angers-et-alentours\/#breadcrumb\"},\"inLanguage\":\"fr-FR\",\"potentialAction\":[{\"@type\":\"ReadAction\",\"target\":[\"https:\/\/www.lemonde-dici.com\/index.php\/contact-et-reservation-massage-angers-et-alentours\/\"]}]},{\"@type\":\"BreadcrumbList\",\"@id\":\"https:\/\/www.lemonde-dici.com\/index.php\/contact-et-reservation-massage-angers-et-alentours\/#breadcrumb\",\"itemListElement\":[{\"@type\":\"ListItem\",\"position\":1,\"name\":\"Accueil\",\"item\":\"https:\/\/www.lemonde-dici.com\/\"},{\"@type\":\"ListItem\",\"position\":2,\"name\":\"Contact \/ R\u00e9servations\"}]},{\"@type\":\"WebSite\",\"@id\":\"https:\/\/www.lemonde-dici.com\/#website\",\"url\":\"https:\/\/www.lemonde-dici.com\/\",\"name\":\"Le Monde d&#039;ICI\",\"description\":\"\",\"potentialAction\":[{\"@type\":\"SearchAction\",\"target\":{\"@type\":\"EntryPoint\",\"urlTemplate\":\"https:\/\/www.lemonde-dici.com\/?s={search_term_string}\"},\"query-input\":{\"@type\":\"PropertyValueSpecification\",\"valueRequired\":true,\"valueName\":\"search_term_string\"}}],\"inLanguage\":\"fr-FR\"}]}<\/script>\n<!-- \/ Yoast SEO plugin. -->","yoast_head_json":{"title":"Contact et r\u00e9servation massage Angers et alentours - Le Monde d&#039;ICI","description":"Contact et r\u00e9servation. Salon bien-\u00eatre proche Angers. Contactez moi ou r\u00e9servez votre massage directement en ligne.","robots":{"index":"index","follow":"follow","max-snippet":"max-snippet:-1","max-image-preview":"max-image-preview:large","max-video-preview":"max-video-preview:-1"},"canonical":"https:\/\/www.lemonde-dici.com\/index.php\/contact-et-reservation-massage-angers-et-alentours\/","og_locale":"fr_FR","og_type":"article","og_title":"Contact et r\u00e9servation massage Angers et alentours - Le Monde d&#039;ICI","og_description":"Contact et r\u00e9servation. Salon bien-\u00eatre proche Angers. Contactez moi ou r\u00e9servez votre massage directement en ligne.","og_url":"https:\/\/www.lemonde-dici.com\/index.php\/contact-et-reservation-massage-angers-et-alentours\/","og_site_name":"Le Monde d&#039;ICI","article_modified_time":"2026-01-28T14:22:47+00:00","twitter_card":"summary_large_image","twitter_misc":{"Dur\u00e9e de lecture estim\u00e9e":"2 minutes"},"schema":{"@context":"https:\/\/schema.org","@graph":[{"@type":"WebPage","@id":"https:\/\/www.lemonde-dici.com\/index.php\/contact-et-reservation-massage-angers-et-alentours\/","url":"https:\/\/www.lemonde-dici.com\/index.php\/contact-et-reservation-massage-angers-et-alentours\/","name":"Contact et r\u00e9servation massage Angers et alentours - Le Monde d&#039;ICI","isPartOf":{"@id":"https:\/\/www.lemonde-dici.com\/#website"},"datePublished":"2017-01-28T16:41:26+00:00","dateModified":"2026-01-28T14:22:47+00:00","description":"Contact et r\u00e9servation. Salon bien-\u00eatre proche Angers. Contactez moi ou r\u00e9servez votre massage directement en ligne.","breadcrumb":{"@id":"https:\/\/www.lemonde-dici.com\/index.php\/contact-et-reservation-massage-angers-et-alentours\/#breadcrumb"},"inLanguage":"fr-FR","potentialAction":[{"@type":"ReadAction","target":["https:\/\/www.lemonde-dici.com\/index.php\/contact-et-reservation-massage-angers-et-alentours\/"]}]},{"@type":"BreadcrumbList","@id":"https:\/\/www.lemonde-dici.com\/index.php\/contact-et-reservation-massage-angers-et-alentours\/#breadcrumb","itemListElement":[{"@type":"ListItem","position":1,"name":"Accueil","item":"https:\/\/www.lemonde-dici.com\/"},{"@type":"ListItem","position":2,"name":"Contact \/ R\u00e9servations"}]},{"@type":"WebSite","@id":"https:\/\/www.lemonde-dici.com\/#website","url":"https:\/\/www.lemonde-dici.com\/","name":"Le Monde d&#039;ICI","description":"","potentialAction":[{"@type":"SearchAction","target":{"@type":"EntryPoint","urlTemplate":"https:\/\/www.lemonde-dici.com\/?s={search_term_string}"},"query-input":{"@type":"PropertyValueSpecification","valueRequired":true,"valueName":"search_term_string"}}],"inLanguage":"fr-FR"}]}},"_links":{"self":[{"href":"https:\/\/www.lemonde-dici.com\/index.php\/wp-json\/wp\/v2\/pages\/35","targetHints":{"allow":["GET"]}}],"collection":[{"href":"https:\/\/www.lemonde-dici.com\/index.php\/wp-json\/wp\/v2\/pages"}],"about":[{"href":"https:\/\/www.lemonde-dici.com\/index.php\/wp-json\/wp\/v2\/types\/page"}],"author":[{"embeddable":true,"href":"https:\/\/www.lemonde-dici.com\/index.php\/wp-json\/wp\/v2\/users\/2"}],"replies":[{"embeddable":true,"href":"https:\/\/www.lemonde-dici.com\/index.php\/wp-json\/wp\/v2\/comments?post=35"}],"version-history":[{"count":102,"href":"https:\/\/www.lemonde-dici.com\/index.php\/wp-json\/wp\/v2\/pages\/35\/revisions"}],"predecessor-version":[{"id":3542,"href":"https:\/\/www.lemonde-dici.com\/index.php\/wp-json\/wp\/v2\/pages\/35\/revisions\/3542"}],"wp:attachment":[{"href":"https:\/\/www.lemonde-dici.com\/index.php\/wp-json\/wp\/v2\/media?parent=35"}],"curies":[{"name":"wp","href":"https:\/\/api.w.org\/{rel}","templated":true}]}}