{"id":2366,"date":"2022-07-01T11:09:24","date_gmt":"2022-07-01T09:09:24","guid":{"rendered":"https:\/\/www.lemonde-dici.com\/?page_id=2366"},"modified":"2022-07-01T11:44:19","modified_gmt":"2022-07-01T09:44:19","slug":"les-plus","status":"publish","type":"page","link":"https:\/\/www.lemonde-dici.com\/index.php\/les-plus\/","title":{"rendered":"Liens"},"content":{"rendered":"<div id=\"pl-2366\"  class=\"panel-layout\" ><div id=\"pg-2366-0\"  class=\"panel-grid panel-has-style\" ><div class=\"panel-row-style panel-row-style-for-2366-0\" ><div id=\"pgc-2366-0-0\"  class=\"panel-grid-cell\" ><div id=\"panel-2366-0-0-0\" class=\"so-panel widget widget_sow-editor panel-first-child\" data-index=\"0\" ><div\n\t\t\t\n\t\t\tclass=\"so-widget-sow-editor so-widget-sow-editor-base\"\n\t\t\t\n\t\t>\n<div class=\"siteorigin-widget-tinymce textwidget\">\n\t<h1 style=\"text-align: center;\">Liens utiles<\/h1>\n<\/div>\n<\/div><\/div><div id=\"panel-2366-0-0-1\" class=\"so-panel widget widget_sow-editor panel-last-child\" data-index=\"1\" ><div\n\t\t\t\n\t\t\tclass=\"so-widget-sow-editor so-widget-sow-editor-base\"\n\t\t\t\n\t\t>\n<div class=\"siteorigin-widget-tinymce textwidget\">\n\t<h2>Remerciements<\/h2>\n<\/div>\n<\/div><\/div><\/div><\/div><\/div><div id=\"pg-2366-1\"  class=\"panel-grid panel-has-style\" ><div class=\"panel-row-style panel-row-style-for-2366-1\" ><div id=\"pgc-2366-1-0\"  class=\"panel-grid-cell\" ><div id=\"panel-2366-1-0-0\" class=\"so-panel widget widget_sow-editor panel-first-child panel-last-child\" data-index=\"2\" ><div\n\t\t\t\n\t\t\tclass=\"so-widget-sow-editor so-widget-sow-editor-base\"\n\t\t\t\n\t\t>\n<div class=\"siteorigin-widget-tinymce textwidget\">\n\t<p>Merci \u00e0 <strong>Peter B. Helland, Soothing Relaxation<\/strong>, pour ses musiques originales de relaxation et ses merveilleuses vid\u00e9os qui accompagnent les escapades bien-\u00eatre.<\/p>\n<p>Pour r\u00e9\u00e9couter et voir ses magnifiques cr\u00e9ations, d\u00e9couvrez sa chaine Youtube :<br \/>\n<a href=\"https:\/\/www.youtube.com\/c\/SoothingRelaxation\/about\" target=\"_blank\" rel=\"noopener\">https:\/\/www.youtube.com\/c\/SoothingRelaxation\/about<\/a><\/p>\n<p>&nbsp;<\/p>\n<p>Merci \u00e9galement \u00e0 <strong>The Silent Watcher<\/strong> pour ses belles images et musiques qui font voyager.<\/p>\n<p>Retrouver sa chaine Youtube : <a href=\"https:\/\/www.youtube.com\/c\/TheSilentWatcher\" target=\"_blank\" rel=\"noopener\">https:\/\/www.youtube.com\/c\/TheSilentWatcher<\/a><\/p>\n<p>&nbsp;<\/p>\n<p>Merci \u00e0 <strong>Semi : Free Creative<\/strong> pour cette magnifique vid\u00e9o nature r\u00e9alis\u00e9e pour ceux qui ont besoin de faire une pause et de se d\u00e9tendre.<\/p>\n<p>Retrouver sa chaine Youtube : <a href=\"https:\/\/www.youtube.com\/c\/SemiFreeCreativeTX\" target=\"_blank\" rel=\"noopener\">https:\/\/www.youtube.com\/c\/SemiFreeCreativeTX<\/a><\/p>\n<p>&nbsp;<\/p>\n<\/div>\n<\/div><\/div><\/div><div id=\"pgc-2366-1-1\"  class=\"panel-grid-cell\" ><div id=\"panel-2366-1-1-0\" class=\"so-panel widget widget_sow-image panel-first-child\" data-index=\"3\" ><div\n\t\t\t\n\t\t\tclass=\"so-widget-sow-image so-widget-sow-image-default-113ccd71f3e6-2366\"\n\t\t\t\n\t\t>\n<div class=\"sow-image-container\">\n\t\t<img \n\tsrc=\"https:\/\/www.lemonde-dici.com\/wp-content\/uploads\/2022\/07\/SR-scaled.jpg\" width=\"500\" height=\"500\" srcset=\"https:\/\/www.lemonde-dici.com\/wp-content\/uploads\/2022\/07\/SR-scaled.jpg 2560w, https:\/\/www.lemonde-dici.com\/wp-content\/uploads\/2022\/07\/SR-300x52.jpg 300w, https:\/\/www.lemonde-dici.com\/wp-content\/uploads\/2022\/07\/SR-1024x179.jpg 1024w, https:\/\/www.lemonde-dici.com\/wp-content\/uploads\/2022\/07\/SR-768x134.jpg 768w, https:\/\/www.lemonde-dici.com\/wp-content\/uploads\/2022\/07\/SR-1536x269.jpg 1536w, https:\/\/www.lemonde-dici.com\/wp-content\/uploads\/2022\/07\/SR-2048x358.jpg 2048w\" sizes=\"(max-width: 500px) 100vw, 500px\" title=\"Le logo de Soothing Relaxation\" alt=\"logo Soothing Relaxation\" \t\tclass=\"so-widget-image\"\/>\n\t<\/div>\n\n<\/div><\/div><div id=\"panel-2366-1-1-1\" class=\"so-panel widget widget_sow-image panel-last-child\" data-index=\"4\" ><div\n\t\t\t\n\t\t\tclass=\"so-widget-sow-image so-widget-sow-image-default-113ccd71f3e6-2366\"\n\t\t\t\n\t\t>\n<div class=\"sow-image-container\">\n\t\t<img \n\tsrc=\"https:\/\/www.lemonde-dici.com\/wp-content\/uploads\/2022\/07\/The-Silent-Watcher-e1656666764105.png\" width=\"500\" height=\"500\" srcset=\"https:\/\/www.lemonde-dici.com\/wp-content\/uploads\/2022\/07\/The-Silent-Watcher-e1656666764105.png 606w, https:\/\/www.lemonde-dici.com\/wp-content\/uploads\/2022\/07\/The-Silent-Watcher-e1656666764105-300x66.png 300w\" sizes=\"(max-width: 500px) 100vw, 500px\" title=\"Logo du photographe The Silent Watcher\" alt=\"Logo de The Silent Watcher\" \t\tclass=\"so-widget-image\"\/>\n\t<\/div>\n\n<\/div><\/div><\/div><\/div><\/div><\/div>","protected":false},"excerpt":{"rendered":"<p>Liens utiles Remerciements Merci \u00e0 Peter B. Helland, Soothing Relaxation, pour ses musiques originales de relaxation et ses merveilleuses vid\u00e9os qui accompagnent les escapades bien-\u00eatre. Pour r\u00e9\u00e9couter et voir ses magnifiques cr\u00e9ations, d\u00e9couvrez sa chaine Youtube : https:\/\/www.youtube.com\/c\/SoothingRelaxation\/about &nbsp; Merci \u00e9galement \u00e0 The Silent Watcher pour ses belles images et musiques qui font voyager. Retrouver [&hellip;]<\/p>\n","protected":false},"author":2,"featured_media":0,"parent":0,"menu_order":0,"comment_status":"closed","ping_status":"closed","template":"","meta":{"_exactmetrics_skip_tracking":false,"_exactmetrics_sitenote_active":false,"_exactmetrics_sitenote_note":"","_exactmetrics_sitenote_category":0,"footnotes":""},"class_list":["post-2366","page","type-page","status-publish","hentry","post"],"yoast_head":"<!-- This site is optimized with the Yoast SEO plugin v26.4 - https:\/\/yoast.com\/wordpress\/plugins\/seo\/ -->\n<title>Liens - Le Monde d&#039;ICI<\/title>\n<meta name=\"robots\" content=\"index, follow, max-snippet:-1, max-image-preview:large, max-video-preview:-1\" \/>\n<link rel=\"canonical\" href=\"https:\/\/www.lemonde-dici.com\/index.php\/les-plus\/\" \/>\n<meta property=\"og:locale\" content=\"fr_FR\" \/>\n<meta property=\"og:type\" content=\"article\" \/>\n<meta property=\"og:title\" content=\"Liens - Le Monde d&#039;ICI\" \/>\n<meta property=\"og:description\" content=\"Liens utiles Remerciements Merci \u00e0 Peter B. Helland, Soothing Relaxation, pour ses musiques originales de relaxation et ses merveilleuses vid\u00e9os qui accompagnent les escapades bien-\u00eatre. Pour r\u00e9\u00e9couter et voir ses magnifiques cr\u00e9ations, d\u00e9couvrez sa chaine Youtube : https:\/\/www.youtube.com\/c\/SoothingRelaxation\/about &nbsp; Merci \u00e9galement \u00e0 The Silent Watcher pour ses belles images et musiques qui font voyager. Retrouver [&hellip;]\" \/>\n<meta property=\"og:url\" content=\"https:\/\/www.lemonde-dici.com\/index.php\/les-plus\/\" \/>\n<meta property=\"og:site_name\" content=\"Le Monde d&#039;ICI\" \/>\n<meta property=\"article:modified_time\" content=\"2022-07-01T09:44:19+00:00\" \/>\n<meta name=\"twitter:card\" content=\"summary_large_image\" \/>\n<meta name=\"twitter:label1\" content=\"Dur\u00e9e de lecture estim\u00e9e\" \/>\n\t<meta name=\"twitter:data1\" content=\"1 minute\" \/>\n<script type=\"application\/ld+json\" class=\"yoast-schema-graph\">{\"@context\":\"https:\/\/schema.org\",\"@graph\":[{\"@type\":\"WebPage\",\"@id\":\"https:\/\/www.lemonde-dici.com\/index.php\/les-plus\/\",\"url\":\"https:\/\/www.lemonde-dici.com\/index.php\/les-plus\/\",\"name\":\"Liens - Le Monde d&#039;ICI\",\"isPartOf\":{\"@id\":\"https:\/\/www.lemonde-dici.com\/#website\"},\"datePublished\":\"2022-07-01T09:09:24+00:00\",\"dateModified\":\"2022-07-01T09:44:19+00:00\",\"breadcrumb\":{\"@id\":\"https:\/\/www.lemonde-dici.com\/index.php\/les-plus\/#breadcrumb\"},\"inLanguage\":\"fr-FR\",\"potentialAction\":[{\"@type\":\"ReadAction\",\"target\":[\"https:\/\/www.lemonde-dici.com\/index.php\/les-plus\/\"]}]},{\"@type\":\"BreadcrumbList\",\"@id\":\"https:\/\/www.lemonde-dici.com\/index.php\/les-plus\/#breadcrumb\",\"itemListElement\":[{\"@type\":\"ListItem\",\"position\":1,\"name\":\"Accueil\",\"item\":\"https:\/\/www.lemonde-dici.com\/\"},{\"@type\":\"ListItem\",\"position\":2,\"name\":\"Liens\"}]},{\"@type\":\"WebSite\",\"@id\":\"https:\/\/www.lemonde-dici.com\/#website\",\"url\":\"https:\/\/www.lemonde-dici.com\/\",\"name\":\"Le Monde d&#039;ICI\",\"description\":\"\",\"potentialAction\":[{\"@type\":\"SearchAction\",\"target\":{\"@type\":\"EntryPoint\",\"urlTemplate\":\"https:\/\/www.lemonde-dici.com\/?s={search_term_string}\"},\"query-input\":{\"@type\":\"PropertyValueSpecification\",\"valueRequired\":true,\"valueName\":\"search_term_string\"}}],\"inLanguage\":\"fr-FR\"}]}<\/script>\n<!-- \/ Yoast SEO plugin. -->","yoast_head_json":{"title":"Liens - Le Monde d&#039;ICI","robots":{"index":"index","follow":"follow","max-snippet":"max-snippet:-1","max-image-preview":"max-image-preview:large","max-video-preview":"max-video-preview:-1"},"canonical":"https:\/\/www.lemonde-dici.com\/index.php\/les-plus\/","og_locale":"fr_FR","og_type":"article","og_title":"Liens - Le Monde d&#039;ICI","og_description":"Liens utiles Remerciements Merci \u00e0 Peter B. Helland, Soothing Relaxation, pour ses musiques originales de relaxation et ses merveilleuses vid\u00e9os qui accompagnent les escapades bien-\u00eatre. Pour r\u00e9\u00e9couter et voir ses magnifiques cr\u00e9ations, d\u00e9couvrez sa chaine Youtube : https:\/\/www.youtube.com\/c\/SoothingRelaxation\/about &nbsp; Merci \u00e9galement \u00e0 The Silent Watcher pour ses belles images et musiques qui font voyager. Retrouver [&hellip;]","og_url":"https:\/\/www.lemonde-dici.com\/index.php\/les-plus\/","og_site_name":"Le Monde d&#039;ICI","article_modified_time":"2022-07-01T09:44:19+00:00","twitter_card":"summary_large_image","twitter_misc":{"Dur\u00e9e de lecture estim\u00e9e":"1 minute"},"schema":{"@context":"https:\/\/schema.org","@graph":[{"@type":"WebPage","@id":"https:\/\/www.lemonde-dici.com\/index.php\/les-plus\/","url":"https:\/\/www.lemonde-dici.com\/index.php\/les-plus\/","name":"Liens - Le Monde d&#039;ICI","isPartOf":{"@id":"https:\/\/www.lemonde-dici.com\/#website"},"datePublished":"2022-07-01T09:09:24+00:00","dateModified":"2022-07-01T09:44:19+00:00","breadcrumb":{"@id":"https:\/\/www.lemonde-dici.com\/index.php\/les-plus\/#breadcrumb"},"inLanguage":"fr-FR","potentialAction":[{"@type":"ReadAction","target":["https:\/\/www.lemonde-dici.com\/index.php\/les-plus\/"]}]},{"@type":"BreadcrumbList","@id":"https:\/\/www.lemonde-dici.com\/index.php\/les-plus\/#breadcrumb","itemListElement":[{"@type":"ListItem","position":1,"name":"Accueil","item":"https:\/\/www.lemonde-dici.com\/"},{"@type":"ListItem","position":2,"name":"Liens"}]},{"@type":"WebSite","@id":"https:\/\/www.lemonde-dici.com\/#website","url":"https:\/\/www.lemonde-dici.com\/","name":"Le Monde d&#039;ICI","description":"","potentialAction":[{"@type":"SearchAction","target":{"@type":"EntryPoint","urlTemplate":"https:\/\/www.lemonde-dici.com\/?s={search_term_string}"},"query-input":{"@type":"PropertyValueSpecification","valueRequired":true,"valueName":"search_term_string"}}],"inLanguage":"fr-FR"}]}},"_links":{"self":[{"href":"https:\/\/www.lemonde-dici.com\/index.php\/wp-json\/wp\/v2\/pages\/2366","targetHints":{"allow":["GET"]}}],"collection":[{"href":"https:\/\/www.lemonde-dici.com\/index.php\/wp-json\/wp\/v2\/pages"}],"about":[{"href":"https:\/\/www.lemonde-dici.com\/index.php\/wp-json\/wp\/v2\/types\/page"}],"author":[{"embeddable":true,"href":"https:\/\/www.lemonde-dici.com\/index.php\/wp-json\/wp\/v2\/users\/2"}],"replies":[{"embeddable":true,"href":"https:\/\/www.lemonde-dici.com\/index.php\/wp-json\/wp\/v2\/comments?post=2366"}],"version-history":[{"count":25,"href":"https:\/\/www.lemonde-dici.com\/index.php\/wp-json\/wp\/v2\/pages\/2366\/revisions"}],"predecessor-version":[{"id":2387,"href":"https:\/\/www.lemonde-dici.com\/index.php\/wp-json\/wp\/v2\/pages\/2366\/revisions\/2387"}],"wp:attachment":[{"href":"https:\/\/www.lemonde-dici.com\/index.php\/wp-json\/wp\/v2\/media?parent=2366"}],"curies":[{"name":"wp","href":"https:\/\/api.w.org\/{rel}","templated":true}]}}