{"id":2242,"date":"2022-05-10T12:36:15","date_gmt":"2022-05-10T10:36:15","guid":{"rendered":"https:\/\/www.lemonde-dici.com\/?page_id=2242"},"modified":"2026-03-02T12:26:48","modified_gmt":"2026-03-02T11:26:48","slug":"seances-bien-etre-parents-enfants","status":"publish","type":"page","link":"https:\/\/www.lemonde-dici.com\/index.php\/seances-bien-etre-parents-enfants\/","title":{"rendered":"Les s\u00e9ances bien-\u00eatre parents\/enfants"},"content":{"rendered":"<div id=\"pl-2242\"  class=\"panel-layout\" ><div id=\"pg-2242-0\"  class=\"panel-grid panel-has-style\" ><div class=\"siteorigin-panels-stretch panel-row-style-full-width panel-row-style panel-row-style-for-2242-0\" style=\"background-color: #ffffff; \" data-stretch-type=\"full\" ><div id=\"pgc-2242-0-0\"  class=\"panel-grid-cell\" ><div id=\"panel-2242-0-0-0\" class=\"so-panel widget widget_sow-editor panel-first-child panel-last-child\" data-index=\"0\" ><div\n\t\t\t\n\t\t\tclass=\"so-widget-sow-editor so-widget-sow-editor-base\"\n\t\t\t\n\t\t>\n<div class=\"siteorigin-widget-tinymce textwidget\">\n\t<h1 style=\"text-align: center;\">Les s\u00e9ances bien-\u00eatre parents\/enfants<\/h1>\n<p style=\"text-align: center;\"><a href=\"https:\/\/calendly.com\/vdelahousse\/seance-bien-etre?month=2025-12\" target=\"_blank\" rel=\"noopener\">R\u00c9SERVER VOTRE S\u00c9ANCE<\/a><\/p>\n<p style=\"text-align: center;\"><a href=\"https:\/\/www.lemonde-dici.com\/index.php\/cartes-cadeaux-noel\/#commandecarte\" target=\"_blank\" rel=\"noopener\">COMMANDER VOTRE CARTE CADEAU<\/a><\/p>\n<p>&nbsp;<\/p>\n<\/div>\n<\/div><\/div><\/div><\/div><\/div><div id=\"pg-2242-1\"  class=\"panel-grid panel-has-style\" ><div class=\"siteorigin-panels-stretch panel-row-style-full-width panel-row-style panel-row-style-for-2242-1\" style=\"background-color: #ffffff; \" data-stretch-type=\"full\" ><div id=\"pgc-2242-1-0\"  class=\"panel-grid-cell\" ><div id=\"panel-2242-1-0-0\" class=\"so-panel widget widget_sow-editor panel-first-child panel-last-child\" data-index=\"1\" ><div\n\t\t\t\n\t\t\tclass=\"so-widget-sow-editor so-widget-sow-editor-base\"\n\t\t\t\n\t\t>\n<div class=\"siteorigin-widget-tinymce textwidget\">\n\t<p>Je vous propose des s\u00e9ances bien-\u00eatre parents\/enfants, pour un moment de partage et de complicit\u00e9. La formule pourra \u00eatre adapt\u00e9e \u00e0 l'\u00e2ge de votre enfant et convient aussi bien \u00e0 un jeune enfant (sauf b\u00e9b\u00e9) qu'un(e) jeune adolescent(e).<\/p>\n<h2 style=\"text-align: left;\">Un moment de d\u00e9tente et de partage<\/h2>\n<p><strong>Votre s\u00e9ance se compose : <\/strong><\/p>\n<ul>\n<li><strong>d'un moment de relaxation sensorielle <\/strong><\/li>\n<li><strong>+ une option au choix : un massage bien-\u00eatre d\u00e9couverte ou un bain sonore.<\/strong><\/li>\n<\/ul>\n<h3><\/h3>\n<p><strong>Dur\u00e9e de l\u2019escapade<\/strong> : 1h30 (15 min de massage bien-\u00eatre\/pers ou bain sonore)<br \/>\n<strong>Tarif<\/strong> : 70\u20ac<\/p>\n<p>&nbsp;<\/p>\n<p><a href=\"https:\/\/calendly.com\/vdelahousse\/seance-bien-etre\" target=\"_blank\" rel=\"noopener\">R\u00e9server votre s\u00e9ance bien-\u00eatre parents\/enfants<\/a><\/p>\n<p><a href=\"https:\/\/www.lemonde-dici.com\/index.php\/votre-massage-bien-etre-sur-mesure-automne-hiver\/\" target=\"_blank\" rel=\"noopener\">Voir les autres prestations en massages bien-\u00eatre\u00a0<\/a><\/p>\n<p>&nbsp;<\/p>\n<p>&nbsp;<\/p>\n<h3>La relaxation sensorielle<\/h3>\n<p>Dans un espace de relaxation, baign\u00e9 de sons et d'images, prenez le temps de vous d\u00e9tendre et de couper avec le quotidien. Envelopp\u00e9s d'une atmosph\u00e8re nature apaisante (mer, montagne, ciel \u00e9toil\u00e9, etc...), d\u00e9couvrez alors les <strong>objets sensoriels<\/strong> mis \u00e0 votre disposition pour partager <strong>un moment ludique avec votre enfant. <\/strong><\/p>\n<p>Les objets propos\u00e9s permettront \u00e0 l'enfant de toucher, d\u00e9couvrir, jouer mais aussi d'imaginer et de raconter des histoires...<\/p>\n<p>Form\u00e9e \u00e0 l'approche Snoezelen, je vous accompagne dans ce moment de d\u00e9couverte, tout en vous laissant l'espace pour vivre ce moment privil\u00e9gi\u00e9 entre vous. <strong><br \/>\n<\/strong><\/p>\n<p>&nbsp;<\/p>\n<p>&nbsp;<\/p>\n<h3>Option 1 : le massage bien-\u00eatre sans huile<\/h3>\n<p>Puis, tour \u00e0 tour, vous recevez <strong>un massage bien-\u00eatre personnalis\u00e9. <\/strong><\/p>\n<p>Dans l'esprit de la d\u00e9couverte, ce massage habill\u00e9 et sans huile de quelques minutes est <strong>adapt\u00e9 selon votre souhait et celui de votre enfant (pieds, mains et\/ou t\u00eate). <\/strong><\/p>\n<p>&nbsp;<\/p>\n<ul>\n<li>Avant tout, j'adapte la formule \u00e0 chaque s\u00e9ance selon vos souhaits.<\/li>\n<li>Ce massage non-th\u00e9rapeutique, est <strong>un moment de relaxation<\/strong>. En effet, il vous aidera \u00e0 l\u00e2cher prise et \u00e0 vous d\u00e9tendre en profondeur.<\/li>\n<li>Le parent re\u00e7oit un massage assis sur une chaise de massage sp\u00e9cialement pr\u00e9vue \u00e0 cet effet et tr\u00e8s confortable.<\/li>\n<li>L'enfant peut choisir d'\u00eatre mass\u00e9 l\u00e0 o\u00f9 il se sentira le mieux (tapis, pouf, fauteuil, matelas molletonn\u00e9...)<\/li>\n<li>Les jeunes enfants peuvent recevoir un massage cont\u00e9 de quelques minutes pour rendre l'exp\u00e9rience plus ludique<\/li>\n<li>Zones mass\u00e9es<strong> :<\/strong> pieds, mains, t\u00eate, bras et dos<\/li>\n<li>Ce moment de massage bien-\u00eatre se d\u00e9roule <strong>dans la m\u00eame pi\u00e8ce que l'escapade sensorielle<\/strong>. Ainsi, vous restez proche de votre enfant tout le long de l'escapade.<\/li>\n<\/ul>\n<p><em>Pour ceux\/celles qui le souhaitent (et pour les adolescents plus \u00e2g\u00e9s), le massage bien-\u00eatre peut se d\u00e9rouler dans la salle de massage, pour un moment plus \"\u00e0 soi\". La formule peut \u00e9galement \u00eatre adapt\u00e9e sur mesure (dur\u00e9e du massage bien-\u00eatre, zones mass\u00e9es... Tarif revu en fonction de la demande).<br \/>\n<\/em><\/p>\n<p>&nbsp;<\/p>\n<p>&nbsp;<\/p>\n<p>&nbsp;<\/p>\n<h3>Option 2 : le bain sonore<\/h3>\n<p>Dans cette formule, profitez d'un <strong>voyage sonore au son des bols tib\u00e9tains, des carillons, de la fl\u00fbte, du tambour oc\u00e9an ou du b\u00e2ton de pluie... <\/strong>Laisser les sons et les sensations <strong>vous raconter une histoire<\/strong>, vous emmener dans votre univers. Chaque voyage est unique.<\/p>\n<p>&nbsp;<\/p>\n<p>Puis, je laisse \u00e0 votre disposition quelques instruments pour les exp\u00e9rimenter \u00e0 votre tour, avec votre enfant.<\/p>\n<p>&nbsp;<\/p>\n<p>&nbsp;<\/p>\n<h3>Informations compl\u00e9mentaires<\/h3>\n<p>&nbsp;<\/p>\n<p><em>Le bain sonore est contre-indiqu\u00e9 si vous vous trouvez dans un des cas suivants :\u00a0<\/em><\/p>\n<ul>\n<li><em>Epilepsie (notamment provoqu\u00e9e par le son)<\/em><\/li>\n<li><em>Pacemaker, stent, tout dispositif de stimulation c\u00e9r\u00e9brale ou cardiaque implant\u00e9<\/em><\/li>\n<li><em>Ath\u00e9roscl\u00e9rose carotidienne, plaque d'ath\u00e9rome, st\u00e9nose carotidienne<\/em><\/li>\n<li><em>inflammations, infections, fi\u00e8vres<\/em><\/li>\n<li><em>Thrombose veineuse profonde<\/em><\/li>\n<li><em>Pathologie psychiatrique (troubles dissociatifs)<\/em><\/li>\n<li><em>Maladie grave \u00e9volutive (cancers...)<\/em><\/li>\n<\/ul>\n<p>&nbsp;<\/p>\n<p><em>Mais il pourra \u00eatre adapt\u00e9 dans les cas suivants :\u00a0<\/em><\/p>\n<ul>\n<li><em>Femme enceinte (\u00e0 partir de 3 mois)<\/em><\/li>\n<li><em>Thrombose veineuse superficielle<\/em><\/li>\n<li><em>Troubles ORL<\/em><\/li>\n<\/ul>\n<\/div>\n<\/div><\/div><\/div><div id=\"pgc-2242-1-1\"  class=\"panel-grid-cell\" ><div id=\"panel-2242-1-1-0\" class=\"so-panel widget widget_sow-image panel-first-child panel-last-child\" data-index=\"2\" ><div\n\t\t\t\n\t\t\tclass=\"so-widget-sow-image so-widget-sow-image-default-8b5b6f678277-2242\"\n\t\t\t\n\t\t>\n<div class=\"sow-image-container\">\n\t\t<img \n\tsrc=\"https:\/\/www.lemonde-dici.com\/wp-content\/uploads\/2022\/05\/WhatsApp-Image-2022-05-06-at-17.54.56-Exposure.jpg\" width=\"1200\" height=\"1600\" srcset=\"https:\/\/www.lemonde-dici.com\/wp-content\/uploads\/2022\/05\/WhatsApp-Image-2022-05-06-at-17.54.56-Exposure.jpg 1200w, https:\/\/www.lemonde-dici.com\/wp-content\/uploads\/2022\/05\/WhatsApp-Image-2022-05-06-at-17.54.56-Exposure-225x300.jpg 225w, https:\/\/www.lemonde-dici.com\/wp-content\/uploads\/2022\/05\/WhatsApp-Image-2022-05-06-at-17.54.56-Exposure-768x1024.jpg 768w, https:\/\/www.lemonde-dici.com\/wp-content\/uploads\/2022\/05\/WhatsApp-Image-2022-05-06-at-17.54.56-Exposure-1152x1536.jpg 1152w\" sizes=\"(max-width: 1200px) 100vw, 1200px\" title=\"Espace cocooning et d\u00e9tente\" alt=\"D\u00e9coration nature pour l&#039;escapade sensorielle\" \t\tclass=\"so-widget-image\"\/>\n\t<\/div>\n\n<\/div><\/div><\/div><\/div><\/div><\/div>","protected":false},"excerpt":{"rendered":"<p>Les s\u00e9ances bien-\u00eatre parents\/enfants R\u00c9SERVER VOTRE S\u00c9ANCE COMMANDER VOTRE CARTE CADEAU &nbsp; Je vous propose des s\u00e9ances bien-\u00eatre parents\/enfants, pour un moment de partage et de complicit\u00e9. La formule pourra \u00eatre adapt\u00e9e \u00e0 l&rsquo;\u00e2ge de votre enfant et convient aussi bien \u00e0 un jeune enfant (sauf b\u00e9b\u00e9) qu&rsquo;un(e) jeune adolescent(e). Un moment de d\u00e9tente et [&hellip;]<\/p>\n","protected":false},"author":2,"featured_media":0,"parent":0,"menu_order":0,"comment_status":"closed","ping_status":"closed","template":"","meta":{"_exactmetrics_skip_tracking":false,"_exactmetrics_sitenote_active":false,"_exactmetrics_sitenote_note":"","_exactmetrics_sitenote_category":0,"footnotes":""},"class_list":["post-2242","page","type-page","status-publish","hentry","post"],"yoast_head":"<!-- This site is optimized with the Yoast SEO plugin v26.4 - https:\/\/yoast.com\/wordpress\/plugins\/seo\/ -->\n<title>Les s\u00e9ances bien-\u00eatre parents\/enfants - Le Monde d&#039;ICI<\/title>\n<meta name=\"description\" content=\"s\u00e9ances bien-\u00eatre parents\/enfants : une d\u00e9couverte sensorielle et un massage bien-\u00eatre sans huile pour un moment de complicit\u00e9 en famille.\" \/>\n<meta name=\"robots\" content=\"index, follow, max-snippet:-1, max-image-preview:large, max-video-preview:-1\" \/>\n<link rel=\"canonical\" href=\"https:\/\/www.lemonde-dici.com\/index.php\/seances-bien-etre-parents-enfants\/\" \/>\n<meta property=\"og:locale\" content=\"fr_FR\" \/>\n<meta property=\"og:type\" content=\"article\" \/>\n<meta property=\"og:title\" content=\"Les s\u00e9ances bien-\u00eatre parents\/enfants - Le Monde d&#039;ICI\" \/>\n<meta property=\"og:description\" content=\"s\u00e9ances bien-\u00eatre parents\/enfants : une d\u00e9couverte sensorielle et un massage bien-\u00eatre sans huile pour un moment de complicit\u00e9 en famille.\" \/>\n<meta property=\"og:url\" content=\"https:\/\/www.lemonde-dici.com\/index.php\/seances-bien-etre-parents-enfants\/\" \/>\n<meta property=\"og:site_name\" content=\"Le Monde d&#039;ICI\" \/>\n<meta property=\"article:modified_time\" content=\"2026-03-02T11:26:48+00:00\" \/>\n<meta name=\"twitter:card\" content=\"summary_large_image\" \/>\n<meta name=\"twitter:label1\" content=\"Dur\u00e9e de lecture estim\u00e9e\" \/>\n\t<meta name=\"twitter:data1\" content=\"3 minutes\" \/>\n<script type=\"application\/ld+json\" class=\"yoast-schema-graph\">{\"@context\":\"https:\/\/schema.org\",\"@graph\":[{\"@type\":\"WebPage\",\"@id\":\"https:\/\/www.lemonde-dici.com\/index.php\/seances-bien-etre-parents-enfants\/\",\"url\":\"https:\/\/www.lemonde-dici.com\/index.php\/seances-bien-etre-parents-enfants\/\",\"name\":\"Les s\u00e9ances bien-\u00eatre parents\/enfants - Le Monde d&#039;ICI\",\"isPartOf\":{\"@id\":\"https:\/\/www.lemonde-dici.com\/#website\"},\"datePublished\":\"2022-05-10T10:36:15+00:00\",\"dateModified\":\"2026-03-02T11:26:48+00:00\",\"description\":\"s\u00e9ances bien-\u00eatre parents\/enfants : une d\u00e9couverte sensorielle et un massage bien-\u00eatre sans huile pour un moment de complicit\u00e9 en famille.\",\"breadcrumb\":{\"@id\":\"https:\/\/www.lemonde-dici.com\/index.php\/seances-bien-etre-parents-enfants\/#breadcrumb\"},\"inLanguage\":\"fr-FR\",\"potentialAction\":[{\"@type\":\"ReadAction\",\"target\":[\"https:\/\/www.lemonde-dici.com\/index.php\/seances-bien-etre-parents-enfants\/\"]}]},{\"@type\":\"BreadcrumbList\",\"@id\":\"https:\/\/www.lemonde-dici.com\/index.php\/seances-bien-etre-parents-enfants\/#breadcrumb\",\"itemListElement\":[{\"@type\":\"ListItem\",\"position\":1,\"name\":\"Accueil\",\"item\":\"https:\/\/www.lemonde-dici.com\/\"},{\"@type\":\"ListItem\",\"position\":2,\"name\":\"Les s\u00e9ances bien-\u00eatre parents\/enfants\"}]},{\"@type\":\"WebSite\",\"@id\":\"https:\/\/www.lemonde-dici.com\/#website\",\"url\":\"https:\/\/www.lemonde-dici.com\/\",\"name\":\"Le Monde d&#039;ICI\",\"description\":\"\",\"potentialAction\":[{\"@type\":\"SearchAction\",\"target\":{\"@type\":\"EntryPoint\",\"urlTemplate\":\"https:\/\/www.lemonde-dici.com\/?s={search_term_string}\"},\"query-input\":{\"@type\":\"PropertyValueSpecification\",\"valueRequired\":true,\"valueName\":\"search_term_string\"}}],\"inLanguage\":\"fr-FR\"}]}<\/script>\n<!-- \/ Yoast SEO plugin. -->","yoast_head_json":{"title":"Les s\u00e9ances bien-\u00eatre parents\/enfants - Le Monde d&#039;ICI","description":"s\u00e9ances bien-\u00eatre parents\/enfants : une d\u00e9couverte sensorielle et un massage bien-\u00eatre sans huile pour un moment de complicit\u00e9 en famille.","robots":{"index":"index","follow":"follow","max-snippet":"max-snippet:-1","max-image-preview":"max-image-preview:large","max-video-preview":"max-video-preview:-1"},"canonical":"https:\/\/www.lemonde-dici.com\/index.php\/seances-bien-etre-parents-enfants\/","og_locale":"fr_FR","og_type":"article","og_title":"Les s\u00e9ances bien-\u00eatre parents\/enfants - Le Monde d&#039;ICI","og_description":"s\u00e9ances bien-\u00eatre parents\/enfants : une d\u00e9couverte sensorielle et un massage bien-\u00eatre sans huile pour un moment de complicit\u00e9 en famille.","og_url":"https:\/\/www.lemonde-dici.com\/index.php\/seances-bien-etre-parents-enfants\/","og_site_name":"Le Monde d&#039;ICI","article_modified_time":"2026-03-02T11:26:48+00:00","twitter_card":"summary_large_image","twitter_misc":{"Dur\u00e9e de lecture estim\u00e9e":"3 minutes"},"schema":{"@context":"https:\/\/schema.org","@graph":[{"@type":"WebPage","@id":"https:\/\/www.lemonde-dici.com\/index.php\/seances-bien-etre-parents-enfants\/","url":"https:\/\/www.lemonde-dici.com\/index.php\/seances-bien-etre-parents-enfants\/","name":"Les s\u00e9ances bien-\u00eatre parents\/enfants - Le Monde d&#039;ICI","isPartOf":{"@id":"https:\/\/www.lemonde-dici.com\/#website"},"datePublished":"2022-05-10T10:36:15+00:00","dateModified":"2026-03-02T11:26:48+00:00","description":"s\u00e9ances bien-\u00eatre parents\/enfants : une d\u00e9couverte sensorielle et un massage bien-\u00eatre sans huile pour un moment de complicit\u00e9 en famille.","breadcrumb":{"@id":"https:\/\/www.lemonde-dici.com\/index.php\/seances-bien-etre-parents-enfants\/#breadcrumb"},"inLanguage":"fr-FR","potentialAction":[{"@type":"ReadAction","target":["https:\/\/www.lemonde-dici.com\/index.php\/seances-bien-etre-parents-enfants\/"]}]},{"@type":"BreadcrumbList","@id":"https:\/\/www.lemonde-dici.com\/index.php\/seances-bien-etre-parents-enfants\/#breadcrumb","itemListElement":[{"@type":"ListItem","position":1,"name":"Accueil","item":"https:\/\/www.lemonde-dici.com\/"},{"@type":"ListItem","position":2,"name":"Les s\u00e9ances bien-\u00eatre parents\/enfants"}]},{"@type":"WebSite","@id":"https:\/\/www.lemonde-dici.com\/#website","url":"https:\/\/www.lemonde-dici.com\/","name":"Le Monde d&#039;ICI","description":"","potentialAction":[{"@type":"SearchAction","target":{"@type":"EntryPoint","urlTemplate":"https:\/\/www.lemonde-dici.com\/?s={search_term_string}"},"query-input":{"@type":"PropertyValueSpecification","valueRequired":true,"valueName":"search_term_string"}}],"inLanguage":"fr-FR"}]}},"_links":{"self":[{"href":"https:\/\/www.lemonde-dici.com\/index.php\/wp-json\/wp\/v2\/pages\/2242","targetHints":{"allow":["GET"]}}],"collection":[{"href":"https:\/\/www.lemonde-dici.com\/index.php\/wp-json\/wp\/v2\/pages"}],"about":[{"href":"https:\/\/www.lemonde-dici.com\/index.php\/wp-json\/wp\/v2\/types\/page"}],"author":[{"embeddable":true,"href":"https:\/\/www.lemonde-dici.com\/index.php\/wp-json\/wp\/v2\/users\/2"}],"replies":[{"embeddable":true,"href":"https:\/\/www.lemonde-dici.com\/index.php\/wp-json\/wp\/v2\/comments?post=2242"}],"version-history":[{"count":72,"href":"https:\/\/www.lemonde-dici.com\/index.php\/wp-json\/wp\/v2\/pages\/2242\/revisions"}],"predecessor-version":[{"id":3553,"href":"https:\/\/www.lemonde-dici.com\/index.php\/wp-json\/wp\/v2\/pages\/2242\/revisions\/3553"}],"wp:attachment":[{"href":"https:\/\/www.lemonde-dici.com\/index.php\/wp-json\/wp\/v2\/media?parent=2242"}],"curies":[{"name":"wp","href":"https:\/\/api.w.org\/{rel}","templated":true}]}}