{"id":2166,"date":"2022-03-30T16:43:30","date_gmt":"2022-03-30T14:43:30","guid":{"rendered":"https:\/\/www.lemonde-dici.com\/?page_id=2166"},"modified":"2024-01-22T11:25:18","modified_gmt":"2024-01-22T10:25:18","slug":"atelier-multisensoriel-parent-enfant","status":"publish","type":"page","link":"https:\/\/www.lemonde-dici.com\/index.php\/atelier-multisensoriel-parent-enfant\/","title":{"rendered":"Atelier multisensoriel d&rsquo;inspiration Snoezelen 2023"},"content":{"rendered":"<div id=\"pl-2166\"  class=\"panel-layout\" ><div id=\"pg-2166-0\"  class=\"panel-grid panel-has-style\" ><div class=\"panel-row-style panel-row-style-for-2166-0\" ><div id=\"pgc-2166-0-0\"  class=\"panel-grid-cell\" ><div id=\"panel-2166-0-0-0\" class=\"so-panel widget widget_sow-editor panel-first-child panel-last-child\" data-index=\"0\" ><div\n\t\t\t\n\t\t\tclass=\"so-widget-sow-editor so-widget-sow-editor-base\"\n\t\t\t\n\t\t>\n<div class=\"siteorigin-widget-tinymce textwidget\">\n\t<h1 style=\"text-align: center;\">Atelier multisensoriel d'inspiration Snoezelen<\/h1>\n<\/div>\n<\/div><\/div><\/div><\/div><\/div><div id=\"pg-2166-1\"  class=\"panel-grid panel-has-style\" ><div class=\"panel-row-style panel-row-style-for-2166-1\" ><div id=\"pgc-2166-1-0\"  class=\"panel-grid-cell\" ><div id=\"panel-2166-1-0-0\" class=\"so-panel widget widget_sow-editor panel-first-child\" data-index=\"1\" ><div\n\t\t\t\n\t\t\tclass=\"so-widget-sow-editor so-widget-sow-editor-base\"\n\t\t\t\n\t\t>\n<div class=\"siteorigin-widget-tinymce textwidget\">\n\t<h2>Un moment de partage et de complicit\u00e9 parents\/enfants<\/h2>\n<\/div>\n<\/div><\/div><div id=\"panel-2166-1-0-1\" class=\"so-panel widget widget_sow-editor\" data-index=\"2\" ><div\n\t\t\t\n\t\t\tclass=\"so-widget-sow-editor so-widget-sow-editor-base\"\n\t\t\t\n\t\t>\n<div class=\"siteorigin-widget-tinymce textwidget\">\n\t<p>Prochains ateliers multisensoriels parent\/enfant :<\/p>\n<p>&nbsp;<\/p>\n<ul>\n<li><strong>samedi 17 f\u00e9vrier 2024 9h30 - 18h45 <\/strong>(dernier cr\u00e9neau 18h15)<\/li>\n<li><strong>dimanche 18 f\u00e9vrier 2024 9h30 - 18h <\/strong>(dernier cr\u00e9neau 17h30)<strong><br \/>\n<\/strong><\/li>\n<\/ul>\n<p><strong>S\u00e9ance de 30 min<\/strong><br \/>\n<strong>12\u20ac \/ duo<\/strong> parent-enfant (6\u20ac enfant ou adulte supp.)<br \/>\n<strong>Uniquement sur r\u00e9servation<\/strong><\/p>\n<p>&nbsp;<\/p>\n<p>Partagez un moment avec votre\/vos enfant(s) dans<strong> un univers multisensoriel<\/strong> d\u2019inspiration Snoezelen. Dans cet espace apaisant, agr\u00e9ment\u00e9 de diff\u00e9rents objets sensoriels, l'enfant peut observer, explorer, d\u00e9couvrir et se faire plaisir. Gr\u00e2ce aux sensations corporelles et \u00e9motionnelles qui se d\u00e9gagent de son exp\u00e9rience, il se cr\u00e9e une relation au monde diff\u00e9rente, \u00e0 son rythme et selon ses envies.<\/p>\n<p>&nbsp;<\/p>\n<p>Accompagner votre enfant dans cet univers, c'est partager cette exp\u00e9rience, et donner l'occasion de cr\u00e9er une relation diff\u00e9rente, m\u00eal\u00e9e d'interactions et de complicit\u00e9.<\/p>\n<p>&nbsp;<\/p>\n<p>Id\u00e9ales pour les enfants \u00e0 partir de 6 mois et jusqu'\u00e0 7\/8 ans ans, les s\u00e9ances conviennent aussi parfaitement \u00e0 des enfants plus \u00e2g\u00e9s, selon leur sensibilit\u00e9.<\/p>\n<p>&nbsp;<\/p>\n<p>Vous trouverez \u00e0 votre disposition des objets de stimulation tactiles, auditives, visuelles, vestibulaires, proprioceptives... Le mat\u00e9riel \u00e9volue au fil des s\u00e9ances, afin de vous proposer \u00e0 chaque fois une exp\u00e9rience diff\u00e9rente.<\/p>\n<p>&nbsp;<\/p>\n<p>Le <strong>Snoezelen<\/strong> est avant tout un \u00e9tat d'esprit. Il est <strong>centr\u00e9 sur le bien-\u00eatre<\/strong> et ne recherche aucun autre objectif. Le cadre bienveillant et l'ambiance sont propices au l\u00e2cher-prise. Je prends soin d'agencer le lieu dans cette id\u00e9e.<\/p>\n<p>&nbsp;<\/p>\n<p>Form\u00e9e \u00e0 l'approche Snoezelen, je vous accompagne lors de vos s\u00e9ances, afin de vous guider et de vous permettre de profiter au mieux de ce voyage. Composez vous-m\u00eame votre duo (ou trio) : parents, enfants, mais aussi grands-parents, petits-enfants, tantes, oncles, neveux, ni\u00e8ces, etc...<\/p>\n<p>&nbsp;<\/p>\n<p>Dans un souci de bien-\u00eatre, et afin de ne pas se g\u00eaner entre participants, chaque atelier ne recevra que 2 duos maximum (except\u00e9 pour les fratries pour lesquelles le lieu sera d\u00e9di\u00e9).<\/p>\n<p>&nbsp;<\/p>\n<p>Bienvenue dans cette parenth\u00e8se enchant\u00e9e, hors du temps !<\/p>\n<p>&nbsp;<\/p>\n<\/div>\n<\/div><\/div><div id=\"panel-2166-1-0-2\" class=\"so-panel widget widget_sow-editor\" data-index=\"3\" ><div\n\t\t\t\n\t\t\tclass=\"so-widget-sow-editor so-widget-sow-editor-base\"\n\t\t\t\n\t\t>\n<div class=\"siteorigin-widget-tinymce textwidget\">\n\t<h2>Pour les assistantes maternelles<\/h2>\n<\/div>\n<\/div><\/div><div id=\"panel-2166-1-0-3\" class=\"so-panel widget widget_sow-editor\" data-index=\"4\" ><div\n\t\t\t\n\t\t\tclass=\"so-widget-sow-editor so-widget-sow-editor-base\"\n\t\t\t\n\t\t>\n<div class=\"siteorigin-widget-tinymce textwidget\">\n\t<p><strong>Nouveaut\u00e9 2023<\/strong> : des cr\u00e9neaux sont mis en place lors des prochains week-ends pour les assistantes maternelles qui souhaitent venir faire l'atelier avec un petit groupe d'enfants.<\/p>\n<p>&nbsp;<\/p>\n<ul>\n<li><strong>vendredi<b class=\"\">\u00a031 mars<\/b> 2023 : <\/strong>un cr\u00e9neau \u00e0 9h30 et un cr\u00e9neau \u00e0 10h45<strong><br \/>\n<\/strong><\/li>\n<li><strong>vendredi<b class=\"\"> 12 mai<\/b> 2023 : <\/strong>un cr\u00e9neau \u00e0 9h30 et un cr\u00e9neau \u00e0 10h45<strong><br \/>\n<\/strong><\/li>\n<\/ul>\n<p>&nbsp;<\/p>\n<p><strong>S\u00e9ance de 30 min<\/strong><br \/>\nUniquement sur r\u00e9servation<br \/>\n<strong>5\u20ac \/ enfant<\/strong> - gratuit pour les assistantes maternelles<br \/>\nS\u00e9ance privatis\u00e9e pour le groupe<br \/>\nGroupe de 2 \u00e0 5 enfants maximum<\/p>\n<p>&nbsp;<\/p>\n<\/div>\n<\/div><\/div><div id=\"panel-2166-1-0-4\" class=\"so-panel widget widget_sow-editor\" data-index=\"5\" ><div\n\t\t\t\n\t\t\tclass=\"so-widget-sow-editor so-widget-sow-editor-base\"\n\t\t\t\n\t\t>\n<div class=\"siteorigin-widget-tinymce textwidget\">\n\t<h2>Comment r\u00e9server ?<\/h2>\n<\/div>\n<\/div><\/div><div id=\"panel-2166-1-0-5\" class=\"so-panel widget widget_sow-editor panel-last-child\" data-index=\"6\" ><div\n\t\t\t\n\t\t\tclass=\"so-widget-sow-editor so-widget-sow-editor-base\"\n\t\t\t\n\t\t>\n<div class=\"siteorigin-widget-tinymce textwidget\">\n\t<p>Par t\u00e9l\u00e9phone : 06 85 34 54 76<br \/>\nPar mail : vdelahousse@lemonde-dici.com ou <a href=\"https:\/\/www.lemonde-dici.com\/index.php\/contact\/\" target=\"_blank\" rel=\"noopener\">via le formulaire de contact<\/a><\/p>\n<p>&nbsp;<\/p>\n<p>Partenaire pour la location du mat\u00e9riel : <a href=\"https:\/\/www.kidetloc.com\" target=\"_blank\" rel=\"noopener\">www.kideloc.com<\/a><br \/>\nPhotos : \u00a9Val\u00e9rie Delahousse - 123rf<\/p>\n<p>&nbsp;<\/p>\n<\/div>\n<\/div><\/div><\/div><div id=\"pgc-2166-1-1\"  class=\"panel-grid-cell\" ><div id=\"panel-2166-1-1-0\" class=\"so-panel widget widget_sow-image panel-first-child\" data-index=\"7\" ><div\n\t\t\t\n\t\t\tclass=\"so-widget-sow-image so-widget-sow-image-default-8b5b6f678277-2166\"\n\t\t\t\n\t\t>\n<div class=\"sow-image-container\">\n\t\t<img \n\tsrc=\"https:\/\/www.lemonde-dici.com\/wp-content\/uploads\/2022\/05\/atelier-snoezelen-10-1.jpg\" width=\"1000\" height=\"1000\" srcset=\"https:\/\/www.lemonde-dici.com\/wp-content\/uploads\/2022\/05\/atelier-snoezelen-10-1.jpg 844w, https:\/\/www.lemonde-dici.com\/wp-content\/uploads\/2022\/05\/atelier-snoezelen-10-1-300x300.jpg 300w, https:\/\/www.lemonde-dici.com\/wp-content\/uploads\/2022\/05\/atelier-snoezelen-10-1-150x150.jpg 150w, https:\/\/www.lemonde-dici.com\/wp-content\/uploads\/2022\/05\/atelier-snoezelen-10-1-768x768.jpg 768w\" sizes=\"(max-width: 844px) 100vw, 844px\" title=\"Lieu d&#039;accueil des ateliers multisensoriels parents-enfants\" alt=\"Ateliers multisensoriels\" \t\tclass=\"so-widget-image\"\/>\n\t<\/div>\n\n<\/div><\/div><div id=\"panel-2166-1-1-1\" class=\"so-panel widget widget_sow-image\" data-index=\"8\" ><div\n\t\t\t\n\t\t\tclass=\"so-widget-sow-image so-widget-sow-image-default-8b5b6f678277-2166\"\n\t\t\t\n\t\t>\n<div class=\"sow-image-container\">\n\t\t<img \n\tsrc=\"https:\/\/www.lemonde-dici.com\/wp-content\/uploads\/2022\/05\/atelier-snoezelen-30.jpg\" width=\"1000\" height=\"1000\" srcset=\"https:\/\/www.lemonde-dici.com\/wp-content\/uploads\/2022\/05\/atelier-snoezelen-30.jpg 844w, https:\/\/www.lemonde-dici.com\/wp-content\/uploads\/2022\/05\/atelier-snoezelen-30-300x300.jpg 300w, https:\/\/www.lemonde-dici.com\/wp-content\/uploads\/2022\/05\/atelier-snoezelen-30-150x150.jpg 150w, https:\/\/www.lemonde-dici.com\/wp-content\/uploads\/2022\/05\/atelier-snoezelen-30-768x768.jpg 768w\" sizes=\"(max-width: 844px) 100vw, 844px\" title=\"Objets visuels et tactiles utilis\u00e9s lors des ateliers multisensoriels\" alt=\"Atelier multisensoriel parent-enfant\" \t\tclass=\"so-widget-image\"\/>\n\t<\/div>\n\n<\/div><\/div><div id=\"panel-2166-1-1-2\" class=\"so-panel widget widget_sow-image panel-last-child\" data-index=\"9\" ><div\n\t\t\t\n\t\t\tclass=\"so-widget-sow-image so-widget-sow-image-default-8b5b6f678277-2166\"\n\t\t\t\n\t\t>\n<div class=\"sow-image-container\">\n\t\t<img \n\tsrc=\"https:\/\/www.lemonde-dici.com\/wp-content\/uploads\/2022\/05\/atelier-snoezelen-04.jpg\" width=\"1000\" height=\"570\" srcset=\"https:\/\/www.lemonde-dici.com\/wp-content\/uploads\/2022\/05\/atelier-snoezelen-04.jpg 1500w, https:\/\/www.lemonde-dici.com\/wp-content\/uploads\/2022\/05\/atelier-snoezelen-04-300x169.jpg 300w, https:\/\/www.lemonde-dici.com\/wp-content\/uploads\/2022\/05\/atelier-snoezelen-04-1024x576.jpg 1024w, https:\/\/www.lemonde-dici.com\/wp-content\/uploads\/2022\/05\/atelier-snoezelen-04-768x432.jpg 768w\" sizes=\"(max-width: 1000px) 100vw, 1000px\" title=\"Objets utilis\u00e9s pour les ateliers sensoriels parents-enfants\" alt=\"Objets sensoriels\" \t\tclass=\"so-widget-image\"\/>\n\t<\/div>\n\n<\/div><\/div><\/div><\/div><\/div><\/div>","protected":false},"excerpt":{"rendered":"<p>Atelier multisensoriel d&rsquo;inspiration Snoezelen Un moment de partage et de complicit\u00e9 parents\/enfants Prochains ateliers multisensoriels parent\/enfant : &nbsp; samedi 17 f\u00e9vrier 2024 9h30 &#8211; 18h45 (dernier cr\u00e9neau 18h15) dimanche 18 f\u00e9vrier 2024 9h30 &#8211; 18h (dernier cr\u00e9neau 17h30) S\u00e9ance de 30 min 12\u20ac \/ duo parent-enfant (6\u20ac enfant ou adulte supp.) Uniquement sur r\u00e9servation &nbsp; [&hellip;]<\/p>\n","protected":false},"author":2,"featured_media":0,"parent":0,"menu_order":0,"comment_status":"closed","ping_status":"closed","template":"","meta":{"_exactmetrics_skip_tracking":false,"_exactmetrics_sitenote_active":false,"_exactmetrics_sitenote_note":"","_exactmetrics_sitenote_category":0,"footnotes":""},"class_list":["post-2166","page","type-page","status-publish","hentry","post"],"yoast_head":"<!-- This site is optimized with the Yoast SEO plugin v26.4 - https:\/\/yoast.com\/wordpress\/plugins\/seo\/ -->\n<title>Atelier multisensoriel d&#039;inspiration Snoezelen 2023 - Le Monde d&#039;ICI<\/title>\n<meta name=\"robots\" content=\"index, follow, max-snippet:-1, max-image-preview:large, max-video-preview:-1\" \/>\n<link rel=\"canonical\" href=\"https:\/\/www.lemonde-dici.com\/index.php\/atelier-multisensoriel-parent-enfant\/\" \/>\n<meta property=\"og:locale\" content=\"fr_FR\" \/>\n<meta property=\"og:type\" content=\"article\" \/>\n<meta property=\"og:title\" content=\"Atelier multisensoriel d&#039;inspiration Snoezelen 2023 - Le Monde d&#039;ICI\" \/>\n<meta property=\"og:description\" content=\"Atelier multisensoriel d&#039;inspiration Snoezelen Un moment de partage et de complicit\u00e9 parents\/enfants Prochains ateliers multisensoriels parent\/enfant : &nbsp; samedi 17 f\u00e9vrier 2024 9h30 - 18h45 (dernier cr\u00e9neau 18h15) dimanche 18 f\u00e9vrier 2024 9h30 - 18h (dernier cr\u00e9neau 17h30) S\u00e9ance de 30 min 12\u20ac \/ duo parent-enfant (6\u20ac enfant ou adulte supp.) Uniquement sur r\u00e9servation &nbsp; [&hellip;]\" \/>\n<meta property=\"og:url\" content=\"https:\/\/www.lemonde-dici.com\/index.php\/atelier-multisensoriel-parent-enfant\/\" \/>\n<meta property=\"og:site_name\" content=\"Le Monde d&#039;ICI\" \/>\n<meta property=\"article:modified_time\" content=\"2024-01-22T10:25:18+00:00\" \/>\n<meta name=\"twitter:card\" content=\"summary_large_image\" \/>\n<meta name=\"twitter:label1\" content=\"Dur\u00e9e de lecture estim\u00e9e\" \/>\n\t<meta name=\"twitter:data1\" content=\"2 minutes\" \/>\n<script type=\"application\/ld+json\" class=\"yoast-schema-graph\">{\"@context\":\"https:\/\/schema.org\",\"@graph\":[{\"@type\":\"WebPage\",\"@id\":\"https:\/\/www.lemonde-dici.com\/index.php\/atelier-multisensoriel-parent-enfant\/\",\"url\":\"https:\/\/www.lemonde-dici.com\/index.php\/atelier-multisensoriel-parent-enfant\/\",\"name\":\"Atelier multisensoriel d'inspiration Snoezelen 2023 - Le Monde d&#039;ICI\",\"isPartOf\":{\"@id\":\"https:\/\/www.lemonde-dici.com\/#website\"},\"datePublished\":\"2022-03-30T14:43:30+00:00\",\"dateModified\":\"2024-01-22T10:25:18+00:00\",\"breadcrumb\":{\"@id\":\"https:\/\/www.lemonde-dici.com\/index.php\/atelier-multisensoriel-parent-enfant\/#breadcrumb\"},\"inLanguage\":\"fr-FR\",\"potentialAction\":[{\"@type\":\"ReadAction\",\"target\":[\"https:\/\/www.lemonde-dici.com\/index.php\/atelier-multisensoriel-parent-enfant\/\"]}]},{\"@type\":\"BreadcrumbList\",\"@id\":\"https:\/\/www.lemonde-dici.com\/index.php\/atelier-multisensoriel-parent-enfant\/#breadcrumb\",\"itemListElement\":[{\"@type\":\"ListItem\",\"position\":1,\"name\":\"Accueil\",\"item\":\"https:\/\/www.lemonde-dici.com\/\"},{\"@type\":\"ListItem\",\"position\":2,\"name\":\"Atelier multisensoriel d&#8217;inspiration Snoezelen 2023\"}]},{\"@type\":\"WebSite\",\"@id\":\"https:\/\/www.lemonde-dici.com\/#website\",\"url\":\"https:\/\/www.lemonde-dici.com\/\",\"name\":\"Le Monde d&#039;ICI\",\"description\":\"\",\"potentialAction\":[{\"@type\":\"SearchAction\",\"target\":{\"@type\":\"EntryPoint\",\"urlTemplate\":\"https:\/\/www.lemonde-dici.com\/?s={search_term_string}\"},\"query-input\":{\"@type\":\"PropertyValueSpecification\",\"valueRequired\":true,\"valueName\":\"search_term_string\"}}],\"inLanguage\":\"fr-FR\"}]}<\/script>\n<!-- \/ Yoast SEO plugin. -->","yoast_head_json":{"title":"Atelier multisensoriel d'inspiration Snoezelen 2023 - Le Monde d&#039;ICI","robots":{"index":"index","follow":"follow","max-snippet":"max-snippet:-1","max-image-preview":"max-image-preview:large","max-video-preview":"max-video-preview:-1"},"canonical":"https:\/\/www.lemonde-dici.com\/index.php\/atelier-multisensoriel-parent-enfant\/","og_locale":"fr_FR","og_type":"article","og_title":"Atelier multisensoriel d'inspiration Snoezelen 2023 - Le Monde d&#039;ICI","og_description":"Atelier multisensoriel d'inspiration Snoezelen Un moment de partage et de complicit\u00e9 parents\/enfants Prochains ateliers multisensoriels parent\/enfant : &nbsp; samedi 17 f\u00e9vrier 2024 9h30 - 18h45 (dernier cr\u00e9neau 18h15) dimanche 18 f\u00e9vrier 2024 9h30 - 18h (dernier cr\u00e9neau 17h30) S\u00e9ance de 30 min 12\u20ac \/ duo parent-enfant (6\u20ac enfant ou adulte supp.) Uniquement sur r\u00e9servation &nbsp; [&hellip;]","og_url":"https:\/\/www.lemonde-dici.com\/index.php\/atelier-multisensoriel-parent-enfant\/","og_site_name":"Le Monde d&#039;ICI","article_modified_time":"2024-01-22T10:25:18+00:00","twitter_card":"summary_large_image","twitter_misc":{"Dur\u00e9e de lecture estim\u00e9e":"2 minutes"},"schema":{"@context":"https:\/\/schema.org","@graph":[{"@type":"WebPage","@id":"https:\/\/www.lemonde-dici.com\/index.php\/atelier-multisensoriel-parent-enfant\/","url":"https:\/\/www.lemonde-dici.com\/index.php\/atelier-multisensoriel-parent-enfant\/","name":"Atelier multisensoriel d'inspiration Snoezelen 2023 - Le Monde d&#039;ICI","isPartOf":{"@id":"https:\/\/www.lemonde-dici.com\/#website"},"datePublished":"2022-03-30T14:43:30+00:00","dateModified":"2024-01-22T10:25:18+00:00","breadcrumb":{"@id":"https:\/\/www.lemonde-dici.com\/index.php\/atelier-multisensoriel-parent-enfant\/#breadcrumb"},"inLanguage":"fr-FR","potentialAction":[{"@type":"ReadAction","target":["https:\/\/www.lemonde-dici.com\/index.php\/atelier-multisensoriel-parent-enfant\/"]}]},{"@type":"BreadcrumbList","@id":"https:\/\/www.lemonde-dici.com\/index.php\/atelier-multisensoriel-parent-enfant\/#breadcrumb","itemListElement":[{"@type":"ListItem","position":1,"name":"Accueil","item":"https:\/\/www.lemonde-dici.com\/"},{"@type":"ListItem","position":2,"name":"Atelier multisensoriel d&#8217;inspiration Snoezelen 2023"}]},{"@type":"WebSite","@id":"https:\/\/www.lemonde-dici.com\/#website","url":"https:\/\/www.lemonde-dici.com\/","name":"Le Monde d&#039;ICI","description":"","potentialAction":[{"@type":"SearchAction","target":{"@type":"EntryPoint","urlTemplate":"https:\/\/www.lemonde-dici.com\/?s={search_term_string}"},"query-input":{"@type":"PropertyValueSpecification","valueRequired":true,"valueName":"search_term_string"}}],"inLanguage":"fr-FR"}]}},"_links":{"self":[{"href":"https:\/\/www.lemonde-dici.com\/index.php\/wp-json\/wp\/v2\/pages\/2166","targetHints":{"allow":["GET"]}}],"collection":[{"href":"https:\/\/www.lemonde-dici.com\/index.php\/wp-json\/wp\/v2\/pages"}],"about":[{"href":"https:\/\/www.lemonde-dici.com\/index.php\/wp-json\/wp\/v2\/types\/page"}],"author":[{"embeddable":true,"href":"https:\/\/www.lemonde-dici.com\/index.php\/wp-json\/wp\/v2\/users\/2"}],"replies":[{"embeddable":true,"href":"https:\/\/www.lemonde-dici.com\/index.php\/wp-json\/wp\/v2\/comments?post=2166"}],"version-history":[{"count":85,"href":"https:\/\/www.lemonde-dici.com\/index.php\/wp-json\/wp\/v2\/pages\/2166\/revisions"}],"predecessor-version":[{"id":2851,"href":"https:\/\/www.lemonde-dici.com\/index.php\/wp-json\/wp\/v2\/pages\/2166\/revisions\/2851"}],"wp:attachment":[{"href":"https:\/\/www.lemonde-dici.com\/index.php\/wp-json\/wp\/v2\/media?parent=2166"}],"curies":[{"name":"wp","href":"https:\/\/api.w.org\/{rel}","templated":true}]}}