{"id":14,"date":"2017-01-28T17:19:08","date_gmt":"2017-01-28T16:19:08","guid":{"rendered":"http:\/\/www.lemonde-dici.com\/?page_id=14"},"modified":"2025-12-03T10:08:37","modified_gmt":"2025-12-03T09:08:37","slug":"accueil","status":"publish","type":"page","link":"https:\/\/www.lemonde-dici.com\/","title":{"rendered":"Mon approche du bien-\u00eatre"},"content":{"rendered":"<div id=\"pl-14\"  class=\"panel-layout\" ><div id=\"pg-14-0\"  class=\"panel-grid panel-has-style\" ><div class=\"panel-row-style panel-row-style-for-14-0\" ><div id=\"pgc-14-0-0\"  class=\"panel-grid-cell\" ><div id=\"panel-14-0-0-0\" class=\"so-panel widget widget_sow-editor panel-first-child panel-last-child\" data-index=\"0\" ><div\n\t\t\t\n\t\t\tclass=\"so-widget-sow-editor so-widget-sow-editor-base\"\n\t\t\t\n\t\t>\n<div class=\"siteorigin-widget-tinymce textwidget\">\n\t<h2 style=\"text-align: center;\"><strong><a href=\"https:\/\/calendly.com\/vdelahousse\/seance-bien-etre\" target=\"_blank\" rel=\"noopener\">RESERVER VOTRE S\u00c9ANCE<\/a><\/strong><\/h2>\n<h2 style=\"text-align: center;\"><a href=\"https:\/\/www.lemonde-dici.com\/index.php\/cartes-cadeaux-noel\/#commandecarte\" target=\"_blank\" rel=\"noopener\">CARTES CADEAUX<\/a><\/h2>\n<h1 style=\"text-align: center;\">Le Monde d\u2019ici \u2013 Massages bien-\u00eatre pr\u00e8s d\u2019Angers<\/h1>\n<\/div>\n<\/div><\/div><\/div><\/div><\/div><div id=\"pg-14-1\"  class=\"panel-grid panel-has-style\" ><div class=\"panel-row-style panel-row-style-for-14-1\" ><div id=\"pgc-14-1-0\"  class=\"panel-grid-cell\" ><div id=\"panel-14-1-0-0\" class=\"so-panel widget widget_sow-editor panel-first-child\" data-index=\"1\" ><div\n\t\t\t\n\t\t\tclass=\"so-widget-sow-editor so-widget-sow-editor-base\"\n\t\t\t\n\t\t>\n<div class=\"siteorigin-widget-tinymce textwidget\">\n\t<h2 data-start=\"328\" data-end=\"396\">Votre salon de massages bien-\u00eatre pr\u00e8s d\u2019Angers<\/h2>\n<p data-start=\"464\" data-end=\"748\">Bienvenue dans <strong data-start=\"479\" data-end=\"497\">Le Monde d\u2019ici, votre salon de massages bien-\u00eatre pr\u00e8s d'Angers. <\/strong>Ici, chaque massage est une invitation \u00e0 ralentir et \u00e0 respirer.<br data-start=\"643\" data-end=\"646\" \/>Je vous accueille dans un lieu apaisant, d\u00e9di\u00e9 \u00e0 la d\u00e9tente, \u00e0 la douceur et \u00e0 la reconnexion \u00e0 soi.<\/p>\n<p data-start=\"750\" data-end=\"978\">Mon approche est <strong data-start=\"767\" data-end=\"796\">holistique et sensorielle<\/strong>.<br data-start=\"797\" data-end=\"800\" \/>Chaque soin vise \u00e0 d\u00e9tendre le corps, calmer l\u2019esprit et lib\u00e9rer les tensions.<br data-start=\"878\" data-end=\"881\" \/>Les <strong data-start=\"885\" data-end=\"907\">massages bien-\u00eatre<\/strong> propos\u00e9s favorisent une relaxation profonde et une harmonie durable.<\/p>\n<p>&nbsp;<\/p>\n<p data-start=\"1361\" data-end=\"1786\">\n<\/div>\n<\/div><\/div><div id=\"panel-14-1-0-1\" class=\"so-panel widget widget_sow-editor\" data-index=\"2\" ><div\n\t\t\t\n\t\t\tclass=\"so-widget-sow-editor so-widget-sow-editor-base\"\n\t\t\t\n\t\t>\n<div class=\"siteorigin-widget-tinymce textwidget\">\n\t<h2 data-start=\"839\" data-end=\"889\">Le massage bien-\u00eatre, une exp\u00e9rience sur mesure<\/h2>\n<h3 data-start=\"1133\" data-end=\"1386\">Un moment de d\u00e9tente dans votre salon de massages bien-\u00eatre pr\u00e8s d\u2019Angers<\/h3>\n<p data-start=\"1133\" data-end=\"1386\">Le <strong data-start=\"1136\" data-end=\"1157\">massage bien-\u00eatre<\/strong> est avant tout un temps pour vous.<br data-start=\"1192\" data-end=\"1195\" \/>Chaque s\u00e9ance s\u2019adapte \u00e0 vos besoins du moment : gestes enveloppants, rythme doux, ambiance harmonieuse.<br data-start=\"1299\" data-end=\"1302\" \/>C\u2019est un soin complet, pens\u00e9 pour apaiser les tensions physiques et \u00e9motionnelles.<\/p>\n<p data-start=\"1388\" data-end=\"1581\">Lors des s\u00e9ances vous pouvez d\u00e9poser le stress du quotidien.<br data-start=\"1487\" data-end=\"1490\" \/>Je vous accompagne avec bienveillance vers une d\u00e9tente totale et un retour \u00e0 l\u2019essentiel.<\/p>\n<p>&nbsp;<\/p>\n<p><a href=\"https:\/\/www.lemonde-dici.com\/index.php\/votre-massage-bien-etre-sur-mesure-automne-hiver\/\" target=\"_blank\" rel=\"noopener\">Voir les massages bien-\u00eatre propos\u00e9s<\/a><\/p>\n<p data-start=\"1361\" data-end=\"1786\">\n<\/div>\n<\/div><\/div><div id=\"panel-14-1-0-2\" class=\"so-panel widget widget_sow-editor panel-last-child\" data-index=\"3\" ><div\n\t\t\t\n\t\t\tclass=\"so-widget-sow-editor so-widget-sow-editor-base\"\n\t\t\t\n\t\t>\n<div class=\"siteorigin-widget-tinymce textwidget\">\n\t<h2>Une immersion sensorielle pour \u00e9veiller les sens<\/h2>\n<h3 data-start=\"1713\" data-end=\"1946\">Une exp\u00e9rience multisensorielle unique pr\u00e8s d\u2019Angers<\/h3>\n<p data-start=\"1713\" data-end=\"1946\">Au <strong data-start=\"1716\" data-end=\"1731\">Monde d\u2019ici<\/strong>, le massage devient un <strong data-start=\"1755\" data-end=\"1775\">voyage sensoriel<\/strong>.<br data-start=\"1776\" data-end=\"1779\" \/>Les sons, les parfums, les lumi\u00e8res et les textures se m\u00ealent pour cr\u00e9er une exp\u00e9rience unique.<br data-start=\"1874\" data-end=\"1877\" \/>Chaque d\u00e9tail vous invite \u00e0 l\u00e2cher prise et \u00e0 ressentir pleinement.<\/p>\n<p data-start=\"1948\" data-end=\"2226\">Cette <strong data-start=\"1954\" data-end=\"1979\">immersion sensorielle<\/strong> r\u00e9veille la pr\u00e9sence \u00e0 soi.<br data-start=\"2007\" data-end=\"2010\" \/>Elle permet de retrouver une \u00e9nergie fluide, une respiration calme et un esprit apais\u00e9.<br data-start=\"2097\" data-end=\"2100\" \/>Le <strong data-start=\"2103\" data-end=\"2118\">Monde d\u2019ici <\/strong>est un cocon o\u00f9 tout est fait pour votre bien-\u00eatre.<\/p>\n<p>&nbsp;<\/p>\n<p>&nbsp;<\/p>\n<p data-start=\"1361\" data-end=\"1786\">\n<p data-start=\"1361\" data-end=\"1786\">\n<\/div>\n<\/div><\/div><\/div><div id=\"pgc-14-1-1\"  class=\"panel-grid-cell\" ><div id=\"panel-14-1-1-0\" class=\"so-panel widget widget_sow-image panel-first-child\" data-index=\"4\" ><div\n\t\t\t\n\t\t\tclass=\"so-widget-sow-image so-widget-sow-image-default-8b5b6f678277-14\"\n\t\t\t\n\t\t>\n<div class=\"sow-image-container\">\n\t\t<img \n\tsrc=\"https:\/\/www.lemonde-dici.com\/wp-content\/uploads\/2025\/11\/WhatsApp-Image-2023-02-08-at-11.55.29-3-Exposure.jpg\" width=\"1488\" height=\"1984\" srcset=\"https:\/\/www.lemonde-dici.com\/wp-content\/uploads\/2025\/11\/WhatsApp-Image-2023-02-08-at-11.55.29-3-Exposure.jpg 1488w, https:\/\/www.lemonde-dici.com\/wp-content\/uploads\/2025\/11\/WhatsApp-Image-2023-02-08-at-11.55.29-3-Exposure-225x300.jpg 225w, https:\/\/www.lemonde-dici.com\/wp-content\/uploads\/2025\/11\/WhatsApp-Image-2023-02-08-at-11.55.29-3-Exposure-768x1024.jpg 768w, https:\/\/www.lemonde-dici.com\/wp-content\/uploads\/2025\/11\/WhatsApp-Image-2023-02-08-at-11.55.29-3-Exposure-1152x1536.jpg 1152w\" sizes=\"(max-width: 1488px) 100vw, 1488px\" title=\"Praticienne de votre salon de massage bien-\u00eatre pr\u00e8s d&#039;Angers\" alt=\"Praticienne de votre salon de massage bien-\u00eatre pr\u00e8s d&#039;Angers\" \t\tclass=\"so-widget-image\"\/>\n\t<\/div>\n\n<\/div><\/div><div id=\"panel-14-1-1-1\" class=\"so-panel widget widget_sow-image panel-last-child\" data-index=\"5\" ><div\n\t\t\t\n\t\t\tclass=\"so-widget-sow-image so-widget-sow-image-default-8b5b6f678277-14\"\n\t\t\t\n\t\t>\n<div class=\"sow-image-container\">\n\t\t<img \n\tsrc=\"https:\/\/www.lemonde-dici.com\/wp-content\/uploads\/2021\/10\/portrait-01-version-internet.jpg\" width=\"2000\" height=\"1333\" srcset=\"https:\/\/www.lemonde-dici.com\/wp-content\/uploads\/2021\/10\/portrait-01-version-internet.jpg 2000w, https:\/\/www.lemonde-dici.com\/wp-content\/uploads\/2021\/10\/portrait-01-version-internet-300x200.jpg 300w, https:\/\/www.lemonde-dici.com\/wp-content\/uploads\/2021\/10\/portrait-01-version-internet-1024x682.jpg 1024w, https:\/\/www.lemonde-dici.com\/wp-content\/uploads\/2021\/10\/portrait-01-version-internet-768x512.jpg 768w, https:\/\/www.lemonde-dici.com\/wp-content\/uploads\/2021\/10\/portrait-01-version-internet-1536x1024.jpg 1536w, https:\/\/www.lemonde-dici.com\/wp-content\/uploads\/2021\/10\/portrait-01-version-internet-272x182.jpg 272w\" sizes=\"(max-width: 2000px) 100vw, 2000px\" title=\"Praticienne de votre salon de massage bien-\u00eatre pr\u00e8s d&#039;Angers\" alt=\"Praticienne de votre salon de massage bien-\u00eatre pr\u00e8s d&#039;Angers\" \t\tclass=\"so-widget-image\"\/>\n\t<\/div>\n\n<\/div><\/div><\/div><\/div><\/div><\/div>","protected":false},"excerpt":{"rendered":"<p>RESERVER VOTRE S\u00c9ANCE CARTES CADEAUX Le Monde d\u2019ici \u2013 Massages bien-\u00eatre pr\u00e8s d\u2019Angers Votre salon de massages bien-\u00eatre pr\u00e8s d\u2019Angers Bienvenue dans Le Monde d\u2019ici, votre salon de massages bien-\u00eatre pr\u00e8s d&rsquo;Angers. Ici, chaque massage est une invitation \u00e0 ralentir et \u00e0 respirer.Je vous accueille dans un lieu apaisant, d\u00e9di\u00e9 \u00e0 la d\u00e9tente, \u00e0 la [&hellip;]<\/p>\n","protected":false},"author":2,"featured_media":0,"parent":0,"menu_order":0,"comment_status":"closed","ping_status":"closed","template":"","meta":{"_exactmetrics_skip_tracking":false,"_exactmetrics_sitenote_active":false,"_exactmetrics_sitenote_note":"","_exactmetrics_sitenote_category":0,"footnotes":""},"class_list":["post-14","page","type-page","status-publish","hentry","post"],"yoast_head":"<!-- This site is optimized with the Yoast SEO plugin v26.4 - https:\/\/yoast.com\/wordpress\/plugins\/seo\/ -->\n<title>Le Monde d&#039;ICI - Salon de massages bien-\u00eatre pr\u00e8s d\u2019Angers<\/title>\n<meta name=\"description\" content=\"Salon de massages bien-\u00eatre pr\u00e8s d\u2019Angers. Une exp\u00e9rience de bien-\u00eatre unique pour apaiser le corps et l\u2019esprit. Immersion sensorielle.\" \/>\n<meta name=\"robots\" content=\"index, follow, max-snippet:-1, max-image-preview:large, max-video-preview:-1\" \/>\n<link rel=\"canonical\" href=\"https:\/\/www.lemonde-dici.com\/\" \/>\n<meta property=\"og:locale\" content=\"fr_FR\" \/>\n<meta property=\"og:type\" content=\"article\" \/>\n<meta property=\"og:title\" content=\"Le Monde d&#039;ICI - Salon de massages bien-\u00eatre pr\u00e8s d\u2019Angers\" \/>\n<meta property=\"og:description\" content=\"Salon de massages bien-\u00eatre pr\u00e8s d\u2019Angers. Une exp\u00e9rience de bien-\u00eatre unique pour apaiser le corps et l\u2019esprit. Immersion sensorielle.\" \/>\n<meta property=\"og:url\" content=\"https:\/\/www.lemonde-dici.com\/\" \/>\n<meta property=\"og:site_name\" content=\"Le Monde d&#039;ICI\" \/>\n<meta property=\"article:modified_time\" content=\"2025-12-03T09:08:37+00:00\" \/>\n<meta name=\"twitter:card\" content=\"summary_large_image\" \/>\n<meta name=\"twitter:label1\" content=\"Dur\u00e9e de lecture estim\u00e9e\" \/>\n\t<meta name=\"twitter:data1\" content=\"2 minutes\" \/>\n<script type=\"application\/ld+json\" class=\"yoast-schema-graph\">{\"@context\":\"https:\/\/schema.org\",\"@graph\":[{\"@type\":\"WebPage\",\"@id\":\"https:\/\/www.lemonde-dici.com\/\",\"url\":\"https:\/\/www.lemonde-dici.com\/\",\"name\":\"Le Monde d&#039;ICI - Salon de massages bien-\u00eatre pr\u00e8s d\u2019Angers\",\"isPartOf\":{\"@id\":\"https:\/\/www.lemonde-dici.com\/#website\"},\"datePublished\":\"2017-01-28T16:19:08+00:00\",\"dateModified\":\"2025-12-03T09:08:37+00:00\",\"description\":\"Salon de massages bien-\u00eatre pr\u00e8s d\u2019Angers. Une exp\u00e9rience de bien-\u00eatre unique pour apaiser le corps et l\u2019esprit. Immersion sensorielle.\",\"breadcrumb\":{\"@id\":\"https:\/\/www.lemonde-dici.com\/#breadcrumb\"},\"inLanguage\":\"fr-FR\",\"potentialAction\":[{\"@type\":\"ReadAction\",\"target\":[\"https:\/\/www.lemonde-dici.com\/\"]}]},{\"@type\":\"BreadcrumbList\",\"@id\":\"https:\/\/www.lemonde-dici.com\/#breadcrumb\",\"itemListElement\":[{\"@type\":\"ListItem\",\"position\":1,\"name\":\"Accueil\",\"item\":\"https:\/\/www.lemonde-dici.com\/\"},{\"@type\":\"ListItem\",\"position\":2,\"name\":\"Mon approche du bien-\u00eatre\"}]},{\"@type\":\"WebSite\",\"@id\":\"https:\/\/www.lemonde-dici.com\/#website\",\"url\":\"https:\/\/www.lemonde-dici.com\/\",\"name\":\"Le Monde d&#039;ICI\",\"description\":\"\",\"potentialAction\":[{\"@type\":\"SearchAction\",\"target\":{\"@type\":\"EntryPoint\",\"urlTemplate\":\"https:\/\/www.lemonde-dici.com\/?s={search_term_string}\"},\"query-input\":{\"@type\":\"PropertyValueSpecification\",\"valueRequired\":true,\"valueName\":\"search_term_string\"}}],\"inLanguage\":\"fr-FR\"}]}<\/script>\n<!-- \/ Yoast SEO plugin. -->","yoast_head_json":{"title":"Le Monde d&#039;ICI - Salon de massages bien-\u00eatre pr\u00e8s d\u2019Angers","description":"Salon de massages bien-\u00eatre pr\u00e8s d\u2019Angers. Une exp\u00e9rience de bien-\u00eatre unique pour apaiser le corps et l\u2019esprit. Immersion sensorielle.","robots":{"index":"index","follow":"follow","max-snippet":"max-snippet:-1","max-image-preview":"max-image-preview:large","max-video-preview":"max-video-preview:-1"},"canonical":"https:\/\/www.lemonde-dici.com\/","og_locale":"fr_FR","og_type":"article","og_title":"Le Monde d&#039;ICI - Salon de massages bien-\u00eatre pr\u00e8s d\u2019Angers","og_description":"Salon de massages bien-\u00eatre pr\u00e8s d\u2019Angers. Une exp\u00e9rience de bien-\u00eatre unique pour apaiser le corps et l\u2019esprit. Immersion sensorielle.","og_url":"https:\/\/www.lemonde-dici.com\/","og_site_name":"Le Monde d&#039;ICI","article_modified_time":"2025-12-03T09:08:37+00:00","twitter_card":"summary_large_image","twitter_misc":{"Dur\u00e9e de lecture estim\u00e9e":"2 minutes"},"schema":{"@context":"https:\/\/schema.org","@graph":[{"@type":"WebPage","@id":"https:\/\/www.lemonde-dici.com\/","url":"https:\/\/www.lemonde-dici.com\/","name":"Le Monde d&#039;ICI - Salon de massages bien-\u00eatre pr\u00e8s d\u2019Angers","isPartOf":{"@id":"https:\/\/www.lemonde-dici.com\/#website"},"datePublished":"2017-01-28T16:19:08+00:00","dateModified":"2025-12-03T09:08:37+00:00","description":"Salon de massages bien-\u00eatre pr\u00e8s d\u2019Angers. Une exp\u00e9rience de bien-\u00eatre unique pour apaiser le corps et l\u2019esprit. Immersion sensorielle.","breadcrumb":{"@id":"https:\/\/www.lemonde-dici.com\/#breadcrumb"},"inLanguage":"fr-FR","potentialAction":[{"@type":"ReadAction","target":["https:\/\/www.lemonde-dici.com\/"]}]},{"@type":"BreadcrumbList","@id":"https:\/\/www.lemonde-dici.com\/#breadcrumb","itemListElement":[{"@type":"ListItem","position":1,"name":"Accueil","item":"https:\/\/www.lemonde-dici.com\/"},{"@type":"ListItem","position":2,"name":"Mon approche du bien-\u00eatre"}]},{"@type":"WebSite","@id":"https:\/\/www.lemonde-dici.com\/#website","url":"https:\/\/www.lemonde-dici.com\/","name":"Le Monde d&#039;ICI","description":"","potentialAction":[{"@type":"SearchAction","target":{"@type":"EntryPoint","urlTemplate":"https:\/\/www.lemonde-dici.com\/?s={search_term_string}"},"query-input":{"@type":"PropertyValueSpecification","valueRequired":true,"valueName":"search_term_string"}}],"inLanguage":"fr-FR"}]}},"_links":{"self":[{"href":"https:\/\/www.lemonde-dici.com\/index.php\/wp-json\/wp\/v2\/pages\/14","targetHints":{"allow":["GET"]}}],"collection":[{"href":"https:\/\/www.lemonde-dici.com\/index.php\/wp-json\/wp\/v2\/pages"}],"about":[{"href":"https:\/\/www.lemonde-dici.com\/index.php\/wp-json\/wp\/v2\/types\/page"}],"author":[{"embeddable":true,"href":"https:\/\/www.lemonde-dici.com\/index.php\/wp-json\/wp\/v2\/users\/2"}],"replies":[{"embeddable":true,"href":"https:\/\/www.lemonde-dici.com\/index.php\/wp-json\/wp\/v2\/comments?post=14"}],"version-history":[{"count":293,"href":"https:\/\/www.lemonde-dici.com\/index.php\/wp-json\/wp\/v2\/pages\/14\/revisions"}],"predecessor-version":[{"id":3505,"href":"https:\/\/www.lemonde-dici.com\/index.php\/wp-json\/wp\/v2\/pages\/14\/revisions\/3505"}],"wp:attachment":[{"href":"https:\/\/www.lemonde-dici.com\/index.php\/wp-json\/wp\/v2\/media?parent=14"}],"curies":[{"name":"wp","href":"https:\/\/api.w.org\/{rel}","templated":true}]}}