{"id":1339,"date":"2021-10-05T12:19:16","date_gmt":"2021-10-05T10:19:16","guid":{"rendered":"https:\/\/www.lemonde-dici.com\/?page_id=1339"},"modified":"2025-11-10T15:36:17","modified_gmt":"2025-11-10T14:36:17","slug":"salon-de-massage-bien-etre-a-soulaines-sur-aubance","status":"publish","type":"page","link":"https:\/\/www.lemonde-dici.com\/index.php\/salon-de-massage-bien-etre-a-soulaines-sur-aubance\/","title":{"rendered":"Le salon"},"content":{"rendered":"<div id=\"pl-1339\"  class=\"panel-layout\" ><div id=\"pg-1339-0\"  class=\"panel-grid panel-has-style\" ><div class=\"panel-row-style panel-row-style-for-1339-0\" ><div id=\"pgc-1339-0-0\"  class=\"panel-grid-cell\" ><div id=\"panel-1339-0-0-0\" class=\"so-panel widget widget_sow-editor panel-first-child panel-last-child\" data-index=\"0\" ><div\n\t\t\t\n\t\t\tclass=\"so-widget-sow-editor so-widget-sow-editor-base\"\n\t\t\t\n\t\t>\n<div class=\"siteorigin-widget-tinymce textwidget\">\n\t<h1 style=\"text-align: center;\">Le salon de massage bien-\u00eatre \u00e0 Soulaines-sur-Aubance<\/h1>\n<\/div>\n<\/div><\/div><\/div><\/div><\/div><div id=\"pg-1339-1\"  class=\"panel-grid panel-has-style\" ><div class=\"panel-row-style panel-row-style-for-1339-1\" ><div id=\"pgc-1339-1-0\"  class=\"panel-grid-cell\" ><div id=\"panel-1339-1-0-0\" class=\"so-panel widget widget_sow-editor panel-first-child\" data-index=\"1\" ><div\n\t\t\t\n\t\t\tclass=\"so-widget-sow-editor so-widget-sow-editor-base\"\n\t\t\t\n\t\t>\n<div class=\"siteorigin-widget-tinymce textwidget\">\n\t<p>Le Monde d'ici est un salon de massage bien-\u00eatre \u00e0 Soulaines-sur-Aubance, proche d'Angers. C'est donc un salon \u00e0 la campagne, dans un hameau calme et paisible, entour\u00e9 de champs et de vignes.<\/p>\n<p>&nbsp;<\/p>\n<\/div>\n<\/div><\/div><div id=\"panel-1339-1-0-1\" class=\"so-panel widget widget_sow-editor panel-last-child\" data-index=\"2\" ><div\n\t\t\t\n\t\t\tclass=\"so-widget-sow-editor so-widget-sow-editor-base\"\n\t\t\t\n\t\t>\n<div class=\"siteorigin-widget-tinymce textwidget\">\n\t<h2>Un salon de massage bien-\u00eatre \u00e0 la campagne<\/h2>\n<p>Le salon de massage Le Monde d'ici se situe <strong>au coeur de la campagne \u00e0 Soulaines-sur-Aubance<\/strong>, soit \u00e0 quelques minutes du centre d'Angers\u00a0<a href=\"https:\/\/www.lemonde-dici.com\/index.php\/contact\/\"> (voir le plan)<\/a>.<\/p>\n<p>&nbsp;<\/p>\n<p>Cette petite maison pleine de charme, aux allures de cottage, est typique des anciens corps de ferme de la r\u00e9gion. Vous pourrez ainsi vous r\u00e9chauffer pr\u00e8s du po\u00eale en hiver ou profiter du jardin de la belle saison.<\/p>\n<h3><\/h3>\n<h2>Un espace d\u00e9tente et cocooning \u00e0 Soulaines-sur-Aubance<\/h2>\n<p>Le rez-de-chauss\u00e9e est d\u00e9di\u00e9 aux massages bien-\u00eatre, et l'immersion sensorielle vous invite \u00e0 l'\u00e9tage dans son <strong>espace cocooning. <\/strong>Cet espace de relaxation est tr\u00e8s intime et chaleureux. Je prends soin d'y cr\u00e9er un univers feutr\u00e9, doux et paisible. Des touches de nature viennent s'ajouter au fil des saisons. La plupart proviennent du jardin ou des mes propres escapades natures. Ainsi, l'univers se transformera au fil du temps et de vos envies, car ce lieu est fait pour vous.<\/p>\n<p>&nbsp;<\/p>\n<p>Enfin, le salon dispose d'un <strong>bain bouillonnant<\/strong> et d'une <strong>douche chromatique<\/strong>. Vous pouvez ainsi en profiter pour finaliser vos s\u00e9ances bien-\u00eatre, sur simple demande lors de votre r\u00e9servation.<\/p>\n<p>&nbsp;<\/p>\n<p>Lorsque vous venez pour une escapade bien-\u00eatre,<strong> le lieu vous est enti\u00e8rement d\u00e9di\u00e9<\/strong>.<\/p>\n<p>&nbsp;<\/p>\n<\/div>\n<\/div><\/div><\/div><div id=\"pgc-1339-1-1\"  class=\"panel-grid-cell\" ><div id=\"panel-1339-1-1-0\" class=\"so-panel widget widget_sow-image panel-first-child\" data-index=\"3\" ><div\n\t\t\t\n\t\t\tclass=\"so-widget-sow-image so-widget-sow-image-default-113ccd71f3e6-1339\"\n\t\t\t\n\t\t>\n<div class=\"sow-image-container\">\n\t\t<img \n\tsrc=\"https:\/\/www.lemonde-dici.com\/wp-content\/uploads\/2021\/10\/salon-sept-2021-08-Exposure.jpg\" width=\"1500\" height=\"1000\" srcset=\"https:\/\/www.lemonde-dici.com\/wp-content\/uploads\/2021\/10\/salon-sept-2021-08-Exposure.jpg 1500w, https:\/\/www.lemonde-dici.com\/wp-content\/uploads\/2021\/10\/salon-sept-2021-08-Exposure-300x200.jpg 300w, https:\/\/www.lemonde-dici.com\/wp-content\/uploads\/2021\/10\/salon-sept-2021-08-Exposure-1024x683.jpg 1024w, https:\/\/www.lemonde-dici.com\/wp-content\/uploads\/2021\/10\/salon-sept-2021-08-Exposure-768x512.jpg 768w, https:\/\/www.lemonde-dici.com\/wp-content\/uploads\/2021\/10\/salon-sept-2021-08-Exposure-272x182.jpg 272w\" sizes=\"(max-width: 1500px) 100vw, 1500px\" title=\"Le salon de massage bien-\u00eatre \u00e0 Soulaines-sur-Aubance au sud d&#039;Angers\" alt=\"Le salon de massage bien-\u00eatre \u00e0 Soulaines-sur-Aubance au sud d&#039;Angers\" \t\tclass=\"so-widget-image\"\/>\n\t<\/div>\n\n<\/div><\/div><div id=\"panel-1339-1-1-1\" class=\"so-panel widget widget_sow-image panel-last-child\" data-index=\"4\" ><div\n\t\t\t\n\t\t\tclass=\"so-widget-sow-image so-widget-sow-image-default-8b5b6f678277-1339\"\n\t\t\t\n\t\t>\n<div class=\"sow-image-container\">\n\t\t<img \n\tsrc=\"https:\/\/www.lemonde-dici.com\/wp-content\/uploads\/2022\/05\/IMG_20220311_103017-Exposure.jpg\" width=\"2000\" height=\"2000\" srcset=\"https:\/\/www.lemonde-dici.com\/wp-content\/uploads\/2022\/05\/IMG_20220311_103017-Exposure.jpg 2000w, https:\/\/www.lemonde-dici.com\/wp-content\/uploads\/2022\/05\/IMG_20220311_103017-Exposure-300x300.jpg 300w, https:\/\/www.lemonde-dici.com\/wp-content\/uploads\/2022\/05\/IMG_20220311_103017-Exposure-1024x1024.jpg 1024w, https:\/\/www.lemonde-dici.com\/wp-content\/uploads\/2022\/05\/IMG_20220311_103017-Exposure-150x150.jpg 150w, https:\/\/www.lemonde-dici.com\/wp-content\/uploads\/2022\/05\/IMG_20220311_103017-Exposure-768x768.jpg 768w, https:\/\/www.lemonde-dici.com\/wp-content\/uploads\/2022\/05\/IMG_20220311_103017-Exposure-1536x1536.jpg 1536w\" sizes=\"(max-width: 2000px) 100vw, 2000px\" title=\"Salon d\u00e9tente pour massage bien-\u00eatre\" alt=\"Salon de massage bien-\u00eatre\" \t\tclass=\"so-widget-image\"\/>\n\t<\/div>\n\n<\/div><\/div><\/div><\/div><\/div><\/div>","protected":false},"excerpt":{"rendered":"<p>Le salon de massage bien-\u00eatre \u00e0 Soulaines-sur-Aubance Le Monde d&rsquo;ici est un salon de massage bien-\u00eatre \u00e0 Soulaines-sur-Aubance, proche d&rsquo;Angers. C&rsquo;est donc un salon \u00e0 la campagne, dans un hameau calme et paisible, entour\u00e9 de champs et de vignes. &nbsp; Un salon de massage bien-\u00eatre \u00e0 la campagne Le salon de massage Le Monde d&rsquo;ici [&hellip;]<\/p>\n","protected":false},"author":2,"featured_media":0,"parent":0,"menu_order":0,"comment_status":"closed","ping_status":"closed","template":"","meta":{"_exactmetrics_skip_tracking":false,"_exactmetrics_sitenote_active":false,"_exactmetrics_sitenote_note":"","_exactmetrics_sitenote_category":0,"footnotes":""},"class_list":["post-1339","page","type-page","status-publish","hentry","post"],"yoast_head":"<!-- This site is optimized with the Yoast SEO plugin v26.4 - https:\/\/yoast.com\/wordpress\/plugins\/seo\/ -->\n<title>Le Monde d&#039;ICI - salon de massage bien-\u00eatre \u00e0 soulaines-sur-aubance<\/title>\n<meta name=\"description\" content=\"Salon de massage bien-\u00eatre \u00e0 Soulaines-sur-Aubance, \u00e0 la campagne, proche Angers. Espace cocooning et d\u00e9tente.\" \/>\n<meta name=\"robots\" content=\"index, follow, max-snippet:-1, max-image-preview:large, max-video-preview:-1\" \/>\n<link rel=\"canonical\" href=\"https:\/\/www.lemonde-dici.com\/index.php\/salon-de-massage-bien-etre-a-soulaines-sur-aubance\/\" \/>\n<meta property=\"og:locale\" content=\"fr_FR\" \/>\n<meta property=\"og:type\" content=\"article\" \/>\n<meta property=\"og:title\" content=\"Le Monde d&#039;ICI - salon de massage bien-\u00eatre \u00e0 soulaines-sur-aubance\" \/>\n<meta property=\"og:description\" content=\"Salon de massage bien-\u00eatre \u00e0 Soulaines-sur-Aubance, \u00e0 la campagne, proche Angers. Espace cocooning et d\u00e9tente.\" \/>\n<meta property=\"og:url\" content=\"https:\/\/www.lemonde-dici.com\/index.php\/salon-de-massage-bien-etre-a-soulaines-sur-aubance\/\" \/>\n<meta property=\"og:site_name\" content=\"Le Monde d&#039;ICI\" \/>\n<meta property=\"article:modified_time\" content=\"2025-11-10T14:36:17+00:00\" \/>\n<meta name=\"twitter:card\" content=\"summary_large_image\" \/>\n<meta name=\"twitter:label1\" content=\"Dur\u00e9e de lecture estim\u00e9e\" \/>\n\t<meta name=\"twitter:data1\" content=\"2 minutes\" \/>\n<script type=\"application\/ld+json\" class=\"yoast-schema-graph\">{\"@context\":\"https:\/\/schema.org\",\"@graph\":[{\"@type\":\"WebPage\",\"@id\":\"https:\/\/www.lemonde-dici.com\/index.php\/salon-de-massage-bien-etre-a-soulaines-sur-aubance\/\",\"url\":\"https:\/\/www.lemonde-dici.com\/index.php\/salon-de-massage-bien-etre-a-soulaines-sur-aubance\/\",\"name\":\"Le Monde d&#039;ICI - salon de massage bien-\u00eatre \u00e0 soulaines-sur-aubance\",\"isPartOf\":{\"@id\":\"https:\/\/www.lemonde-dici.com\/#website\"},\"datePublished\":\"2021-10-05T10:19:16+00:00\",\"dateModified\":\"2025-11-10T14:36:17+00:00\",\"description\":\"Salon de massage bien-\u00eatre \u00e0 Soulaines-sur-Aubance, \u00e0 la campagne, proche Angers. Espace cocooning et d\u00e9tente.\",\"breadcrumb\":{\"@id\":\"https:\/\/www.lemonde-dici.com\/index.php\/salon-de-massage-bien-etre-a-soulaines-sur-aubance\/#breadcrumb\"},\"inLanguage\":\"fr-FR\",\"potentialAction\":[{\"@type\":\"ReadAction\",\"target\":[\"https:\/\/www.lemonde-dici.com\/index.php\/salon-de-massage-bien-etre-a-soulaines-sur-aubance\/\"]}]},{\"@type\":\"BreadcrumbList\",\"@id\":\"https:\/\/www.lemonde-dici.com\/index.php\/salon-de-massage-bien-etre-a-soulaines-sur-aubance\/#breadcrumb\",\"itemListElement\":[{\"@type\":\"ListItem\",\"position\":1,\"name\":\"Accueil\",\"item\":\"https:\/\/www.lemonde-dici.com\/\"},{\"@type\":\"ListItem\",\"position\":2,\"name\":\"Le salon\"}]},{\"@type\":\"WebSite\",\"@id\":\"https:\/\/www.lemonde-dici.com\/#website\",\"url\":\"https:\/\/www.lemonde-dici.com\/\",\"name\":\"Le Monde d&#039;ICI\",\"description\":\"\",\"potentialAction\":[{\"@type\":\"SearchAction\",\"target\":{\"@type\":\"EntryPoint\",\"urlTemplate\":\"https:\/\/www.lemonde-dici.com\/?s={search_term_string}\"},\"query-input\":{\"@type\":\"PropertyValueSpecification\",\"valueRequired\":true,\"valueName\":\"search_term_string\"}}],\"inLanguage\":\"fr-FR\"}]}<\/script>\n<!-- \/ Yoast SEO plugin. -->","yoast_head_json":{"title":"Le Monde d&#039;ICI - salon de massage bien-\u00eatre \u00e0 soulaines-sur-aubance","description":"Salon de massage bien-\u00eatre \u00e0 Soulaines-sur-Aubance, \u00e0 la campagne, proche Angers. Espace cocooning et d\u00e9tente.","robots":{"index":"index","follow":"follow","max-snippet":"max-snippet:-1","max-image-preview":"max-image-preview:large","max-video-preview":"max-video-preview:-1"},"canonical":"https:\/\/www.lemonde-dici.com\/index.php\/salon-de-massage-bien-etre-a-soulaines-sur-aubance\/","og_locale":"fr_FR","og_type":"article","og_title":"Le Monde d&#039;ICI - salon de massage bien-\u00eatre \u00e0 soulaines-sur-aubance","og_description":"Salon de massage bien-\u00eatre \u00e0 Soulaines-sur-Aubance, \u00e0 la campagne, proche Angers. Espace cocooning et d\u00e9tente.","og_url":"https:\/\/www.lemonde-dici.com\/index.php\/salon-de-massage-bien-etre-a-soulaines-sur-aubance\/","og_site_name":"Le Monde d&#039;ICI","article_modified_time":"2025-11-10T14:36:17+00:00","twitter_card":"summary_large_image","twitter_misc":{"Dur\u00e9e de lecture estim\u00e9e":"2 minutes"},"schema":{"@context":"https:\/\/schema.org","@graph":[{"@type":"WebPage","@id":"https:\/\/www.lemonde-dici.com\/index.php\/salon-de-massage-bien-etre-a-soulaines-sur-aubance\/","url":"https:\/\/www.lemonde-dici.com\/index.php\/salon-de-massage-bien-etre-a-soulaines-sur-aubance\/","name":"Le Monde d&#039;ICI - salon de massage bien-\u00eatre \u00e0 soulaines-sur-aubance","isPartOf":{"@id":"https:\/\/www.lemonde-dici.com\/#website"},"datePublished":"2021-10-05T10:19:16+00:00","dateModified":"2025-11-10T14:36:17+00:00","description":"Salon de massage bien-\u00eatre \u00e0 Soulaines-sur-Aubance, \u00e0 la campagne, proche Angers. Espace cocooning et d\u00e9tente.","breadcrumb":{"@id":"https:\/\/www.lemonde-dici.com\/index.php\/salon-de-massage-bien-etre-a-soulaines-sur-aubance\/#breadcrumb"},"inLanguage":"fr-FR","potentialAction":[{"@type":"ReadAction","target":["https:\/\/www.lemonde-dici.com\/index.php\/salon-de-massage-bien-etre-a-soulaines-sur-aubance\/"]}]},{"@type":"BreadcrumbList","@id":"https:\/\/www.lemonde-dici.com\/index.php\/salon-de-massage-bien-etre-a-soulaines-sur-aubance\/#breadcrumb","itemListElement":[{"@type":"ListItem","position":1,"name":"Accueil","item":"https:\/\/www.lemonde-dici.com\/"},{"@type":"ListItem","position":2,"name":"Le salon"}]},{"@type":"WebSite","@id":"https:\/\/www.lemonde-dici.com\/#website","url":"https:\/\/www.lemonde-dici.com\/","name":"Le Monde d&#039;ICI","description":"","potentialAction":[{"@type":"SearchAction","target":{"@type":"EntryPoint","urlTemplate":"https:\/\/www.lemonde-dici.com\/?s={search_term_string}"},"query-input":{"@type":"PropertyValueSpecification","valueRequired":true,"valueName":"search_term_string"}}],"inLanguage":"fr-FR"}]}},"_links":{"self":[{"href":"https:\/\/www.lemonde-dici.com\/index.php\/wp-json\/wp\/v2\/pages\/1339","targetHints":{"allow":["GET"]}}],"collection":[{"href":"https:\/\/www.lemonde-dici.com\/index.php\/wp-json\/wp\/v2\/pages"}],"about":[{"href":"https:\/\/www.lemonde-dici.com\/index.php\/wp-json\/wp\/v2\/types\/page"}],"author":[{"embeddable":true,"href":"https:\/\/www.lemonde-dici.com\/index.php\/wp-json\/wp\/v2\/users\/2"}],"replies":[{"embeddable":true,"href":"https:\/\/www.lemonde-dici.com\/index.php\/wp-json\/wp\/v2\/comments?post=1339"}],"version-history":[{"count":147,"href":"https:\/\/www.lemonde-dici.com\/index.php\/wp-json\/wp\/v2\/pages\/1339\/revisions"}],"predecessor-version":[{"id":3347,"href":"https:\/\/www.lemonde-dici.com\/index.php\/wp-json\/wp\/v2\/pages\/1339\/revisions\/3347"}],"wp:attachment":[{"href":"https:\/\/www.lemonde-dici.com\/index.php\/wp-json\/wp\/v2\/media?parent=1339"}],"curies":[{"name":"wp","href":"https:\/\/api.w.org\/{rel}","templated":true}]}}